{"id":3470,"date":"2023-05-25T09:11:42","date_gmt":"2023-05-25T09:11:42","guid":{"rendered":"https:\/\/onyon365.com\/df2\/?post_type=product&#038;p=3470"},"modified":"2026-03-18T11:55:30","modified_gmt":"2026-03-18T11:55:30","slug":"fantic-xtf-1-5","status":"publish","type":"product","link":"https:\/\/difrenos.com\/index.php\/producto\/fantic-xtf-1-5\/","title":{"rendered":"Fantic XTF 1.5 630w TALLA M GRIS"},"content":{"rendered":"<p dir=\"ltr\" data-placeholder=\"Traducci\u00f3n\">El cuadro de aluminio hidroformado proporciona rigidez y una facilidad de conducci\u00f3n excepcional con una geometr\u00eda que da lo mejor de s\u00ed en cada giro, cada salto, cada descenso.<br \/>\nLa XTF 1.5 es la bicicleta de trail con mejor rendimiento<\/p>\n<p id=\"tw-target-text\" class=\"tw-data-text tw-text-large tw-ta\" dir=\"ltr\" data-placeholder=\"Traducci\u00f3n\"><span class=\"Y2IQFc\" lang=\"es\">Datos t\u00e9cnicos:<\/span><\/p>\n<ul>\n<li class=\"tw-data-text tw-text-large tw-ta\" data-placeholder=\"Traducci\u00f3n\"><span class=\"Y2IQFc\" lang=\"es\">Motor:\u00a0 Brose T-Alu, Torque\/Coppia: 70 Nm<\/span><\/li>\n<li class=\"tw-data-text tw-text-large tw-ta\" data-placeholder=\"Traducci\u00f3n\"><span class=\"Y2IQFc\" lang=\"es\">Potencia m\u00e1xima: 250 Watt<\/span><\/li>\n<li class=\"tw-data-text tw-text-large tw-ta\" data-placeholder=\"Traducci\u00f3n\"><span class=\"Y2IQFc\" lang=\"es\">Bater\u00eda : Fantic Integra, iones de litio, 36 voltios, 630 Wh <\/span><\/li>\n<li class=\"tw-data-text tw-text-large tw-ta\" data-placeholder=\"Traducci\u00f3n\"><span class=\"Y2IQFc\" lang=\"es\">Pantalla multifuncional Brose-All Round 4 y unidad de selecci\u00f3n de asistencia de empuje <\/span><\/li>\n<li class=\"tw-data-text tw-text-large tw-ta\" data-placeholder=\"Traducci\u00f3n\"><span class=\"Y2IQFc\" lang=\"es\">Cuadro: Aluminio<\/span><\/li>\n<li class=\"tw-data-text tw-text-large tw-ta\" data-placeholder=\"Traducci\u00f3n\"><span class=\"Y2IQFc\" lang=\"es\">Palancas de cambio: Sram SX E-clic <\/span><\/li>\n<li class=\"tw-data-text tw-text-large tw-ta\" data-placeholder=\"Traducci\u00f3n\"><span class=\"Y2IQFc\" lang=\"es\">Cassette: Sram SX Eagle 12V, 11-50 <\/span><\/li>\n<li class=\"tw-data-text tw-text-large tw-ta\" data-placeholder=\"Traducci\u00f3n\"><span class=\"Y2IQFc\" lang=\"es\">Cadena: Sram SX Eagle 12V<\/span><\/li>\n<li class=\"tw-data-text tw-text-large tw-ta\" data-placeholder=\"Traducci\u00f3n\"><span class=\"Y2IQFc\" lang=\"es\">Freno (delantero): Freno de disco de pist\u00f3n Sram LEVEL 2 <\/span><\/li>\n<li class=\"tw-data-text tw-text-large tw-ta\" data-placeholder=\"Traducci\u00f3n\"><span class=\"Y2IQFc\" lang=\"es\">Freno (trasero): Freno de disco de pist\u00f3n Sram LEVEL 2<\/span><\/li>\n<li class=\"tw-data-text tw-text-large tw-ta\" data-placeholder=\"Traducci\u00f3n\"><span class=\"Y2IQFc\" lang=\"es\">Neum\u00e1ticos (delanteros): Schwalbe SMARTSAM 29&#8243;x 2.6<\/span><\/li>\n<li class=\"tw-data-text tw-text-large tw-ta\" data-placeholder=\"Traducci\u00f3n\"><span class=\"Y2IQFc\" lang=\"es\">Neum\u00e1ticos (traseros): Schwalbe SMARTSAM 29&#8243;x 2.6<\/span><\/li>\n<li class=\"tw-data-text tw-text-large tw-ta\" data-placeholder=\"Traducci\u00f3n\"><span class=\"Y2IQFc\" lang=\"es\">Ruedas: Rodi Black Jack TRIP30<\/span><\/li>\n<li class=\"tw-data-text tw-text-large tw-ta\" data-placeholder=\"Traducci\u00f3n\"><span class=\"Y2IQFc\" lang=\"es\">Manillar(*): GBC-MHB-780MM-RISE-20mm <\/span><\/li>\n<li class=\"tw-data-text tw-text-large tw-ta\" data-placeholder=\"Traducci\u00f3n\"><span class=\"Y2IQFc\" lang=\"es\">Sill\u00edn: Selle Italia MODEL-X Confort Superflow 145<\/span><\/li>\n<\/ul>\n","protected":false},"excerpt":{"rendered":"<p>PODEMOS COGER\u00a0 MOTO A CAMBIO<\/p>\n<p>&nbsp;<\/p>\n","protected":false},"featured_media":19808,"template":"","meta":{"_et_pb_use_builder":"","_et_pb_old_content":"","_et_gb_content_width":""},"product_cat":[30,72],"product_tag":[],"_links":{"self":[{"href":"https:\/\/difrenos.com\/index.php\/wp-json\/wp\/v2\/product\/3470"}],"collection":[{"href":"https:\/\/difrenos.com\/index.php\/wp-json\/wp\/v2\/product"}],"about":[{"href":"https:\/\/difrenos.com\/index.php\/wp-json\/wp\/v2\/types\/product"}],"wp:featuredmedia":[{"embeddable":true,"href":"https:\/\/difrenos.com\/index.php\/wp-json\/wp\/v2\/media\/19808"}],"wp:attachment":[{"href":"https:\/\/difrenos.com\/index.php\/wp-json\/wp\/v2\/media?parent=3470"}],"wp:term":[{"taxonomy":"product_cat","embeddable":true,"href":"https:\/\/difrenos.com\/index.php\/wp-json\/wp\/v2\/product_cat?post=3470"},{"taxonomy":"product_tag","embeddable":true,"href":"https:\/\/difrenos.com\/index.php\/wp-json\/wp\/v2\/product_tag?post=3470"}],"curies":[{"name":"wp","href":"https:\/\/api.w.org\/{rel}","templated":true}]}}