{"id":3459,"date":"2022-05-23T06:06:49","date_gmt":"2022-05-23T06:06:49","guid":{"rendered":"https:\/\/onyon365.com\/df2\/?post_type=product&#038;p=3459"},"modified":"2026-02-18T13:38:15","modified_gmt":"2026-02-18T13:38:15","slug":"casco-nzi-street-track-4-comando","status":"publish","type":"product","link":"https:\/\/difrenos.com\/index.php\/producto\/casco-nzi-street-track-4-comando\/","title":{"rendered":"Casco NZI Street Track 4 Comando"},"content":{"rendered":"<p>Realizado en Resina Termoplastica Nugena\u00ae.<br \/>\nPantalla 3D termoformada con tratamiento antirrayas y antivaho.<br \/>\nInterior relleno multidensidad en tejido transpirable, extra\u00edble y lavable.<br \/>\nEntradas de aire en frontal y superior para una perfecta ventilaci\u00f3n.<br \/>\nCierre seguridad microm\u00e9trico facil de usar.<br \/>\nBolsa portacasco de serie.<br \/>\nPeso Aproximado 1.350grs.<\/p>\n","protected":false},"excerpt":{"rendered":"<p>Realizado en Resina Termoplastica Nugena\u00ae. Pantalla 3D termoformada con tratamiento antirrayas y antivaho. Interior relleno multidensidad en tejido transpirable, extra\u00edble y lavable. Entradas de aire en frontal y superior para una perfecta ventilaci\u00f3n. Cierre seguridad microm\u00e9trico facil de usar. Bolsa portacasco de serie. Peso Aproximado 1.350grs.<\/p>\n","protected":false},"featured_media":3460,"template":"","meta":{"_et_pb_use_builder":"","_et_pb_old_content":"","_et_gb_content_width":""},"product_cat":[33,227,43,269],"product_tag":[41,344,132],"_links":{"self":[{"href":"https:\/\/difrenos.com\/index.php\/wp-json\/wp\/v2\/product\/3459"}],"collection":[{"href":"https:\/\/difrenos.com\/index.php\/wp-json\/wp\/v2\/product"}],"about":[{"href":"https:\/\/difrenos.com\/index.php\/wp-json\/wp\/v2\/types\/product"}],"wp:featuredmedia":[{"embeddable":true,"href":"https:\/\/difrenos.com\/index.php\/wp-json\/wp\/v2\/media\/3460"}],"wp:attachment":[{"href":"https:\/\/difrenos.com\/index.php\/wp-json\/wp\/v2\/media?parent=3459"}],"wp:term":[{"taxonomy":"product_cat","embeddable":true,"href":"https:\/\/difrenos.com\/index.php\/wp-json\/wp\/v2\/product_cat?post=3459"},{"taxonomy":"product_tag","embeddable":true,"href":"https:\/\/difrenos.com\/index.php\/wp-json\/wp\/v2\/product_tag?post=3459"}],"curies":[{"name":"wp","href":"https:\/\/api.w.org\/{rel}","templated":true}]}}