{"id":3440,"date":"2022-05-19T07:14:03","date_gmt":"2022-05-19T07:14:03","guid":{"rendered":"https:\/\/onyon365.com\/df2\/?post_type=product&#038;p=3440"},"modified":"2026-02-03T13:50:38","modified_gmt":"2026-02-03T13:50:38","slug":"chaqueta-husqvarna-progress","status":"publish","type":"product","link":"https:\/\/difrenos.com\/index.php\/producto\/chaqueta-husqvarna-progress\/","title":{"rendered":"Chaqueta Husqvarna Progress"},"content":{"rendered":"<p>Referencia:<br \/>\n3HS1811102 Talla S\/48<br \/>\n3HS1811105 Talla XL\/54<\/p>\n<ul>\n<li>Forro: 80 % poli\u00e9ster, 17 % poliamida, 3 % cuero vacuno te\u00f1ido en tambor<\/li>\n<li>Forro t\u00e9rmico: 95 % poli\u00e9ster, 5 % poliamida<\/li>\n<li>Utilizable todo el a\u00f1o gracias a su forro t\u00e9rmico desmontable<\/li>\n<li>Capa exterior: cuero vacuno<\/li>\n<li>Protecci\u00f3n SEESMART\u2122 CE de nivel 1 en los hombros y los codos, SEESOFT\u2122 CE nivel 2 en la inserci\u00f3n de la protecci\u00f3n para la espalda, de tipo RV, costuras de seguridad<\/li>\n<li>Presillas vaqueras, solapas en V en los pu\u00f1os<\/li>\n<li>Corte para ciudad, est\u00e1ndar<\/li>\n<li>Cierre ajustable en el talle<\/li>\n<li>Bolsillos insertables, portadocumentos, bolsillos interiores<\/li>\n<li>Capa exterior completamente perforada en las axilas<\/li>\n<li>Dise\u00f1o exclusivo de REV&#8217;IT! para Husqvarna Motorcycles<\/li>\n<\/ul>\n","protected":false},"excerpt":{"rendered":"<p>Referencia: 3HS1811102 Talla S\/48 3HS1811105 Talla XL\/54 Forro: 80 % poli\u00e9ster, 17 % poliamida, 3 % cuero vacuno te\u00f1ido en tambor Forro t\u00e9rmico: 95 % poli\u00e9ster, 5 % poliamida Utilizable todo el a\u00f1o gracias a su forro t\u00e9rmico desmontable Capa exterior: cuero vacuno Protecci\u00f3n SEESMART\u2122 CE de nivel 1 en los hombros y los codos, [&hellip;]<\/p>\n","protected":false},"featured_media":3444,"template":"","meta":{"_et_pb_use_builder":"","_et_pb_old_content":"","_et_gb_content_width":""},"product_cat":[33,232,754,51,701],"product_tag":[41,108],"_links":{"self":[{"href":"https:\/\/difrenos.com\/index.php\/wp-json\/wp\/v2\/product\/3440"}],"collection":[{"href":"https:\/\/difrenos.com\/index.php\/wp-json\/wp\/v2\/product"}],"about":[{"href":"https:\/\/difrenos.com\/index.php\/wp-json\/wp\/v2\/types\/product"}],"wp:featuredmedia":[{"embeddable":true,"href":"https:\/\/difrenos.com\/index.php\/wp-json\/wp\/v2\/media\/3444"}],"wp:attachment":[{"href":"https:\/\/difrenos.com\/index.php\/wp-json\/wp\/v2\/media?parent=3440"}],"wp:term":[{"taxonomy":"product_cat","embeddable":true,"href":"https:\/\/difrenos.com\/index.php\/wp-json\/wp\/v2\/product_cat?post=3440"},{"taxonomy":"product_tag","embeddable":true,"href":"https:\/\/difrenos.com\/index.php\/wp-json\/wp\/v2\/product_tag?post=3440"}],"curies":[{"name":"wp","href":"https:\/\/api.w.org\/{rel}","templated":true}]}}