{"id":3323,"date":"2022-05-14T06:42:55","date_gmt":"2022-05-14T06:42:55","guid":{"rendered":"https:\/\/onyon365.com\/df2\/?post_type=product&#038;p=3323"},"modified":"2026-01-22T11:47:22","modified_gmt":"2026-01-22T11:47:22","slug":"camiseta-gasgas-kids-offroad-edrive","status":"publish","type":"product","link":"https:\/\/difrenos.com\/index.php\/producto\/camiseta-gasgas-kids-offroad-edrive\/","title":{"rendered":"Camiseta Gas Gas Kids Offroad Edrive"},"content":{"rendered":"<p>Referencias:<br \/>\n3GG220048601 Talla XS<br \/>\n3GG220048602 Talla S<br \/>\n3GG220048603 Talla M<br \/>\n3GG220048604 Talla L<br \/>\n3GG220048605 Talla XL<\/p>\n<ul>\n<li>Camiseta MX para ni\u00f1os<\/li>\n<li>Zonas de ventilaci\u00f3n perforadas<\/li>\n<li>Tejido de PE bien ventilado<\/li>\n<li>Inserciones de malla<\/li>\n<li>Mangas de corte ragl\u00e1n<\/li>\n<li>Estampados por sublimaci\u00f3n resistentes a rayos UV y al deste\u00f1ido<\/li>\n<\/ul>\n","protected":false},"excerpt":{"rendered":"<p>Referencias: 3GG220048601 Talla XS 3GG220048602 Talla S 3GG220048603 Talla M 3GG220048604 Talla L 3GG220048605 Talla XL Camiseta MX para ni\u00f1os Zonas de ventilaci\u00f3n perforadas Tejido de PE bien ventilado Inserciones de malla Mangas de corte ragl\u00e1n Estampados por sublimaci\u00f3n resistentes a rayos UV y al deste\u00f1ido<\/p>\n","protected":false},"featured_media":3324,"template":"","meta":{"_et_pb_use_builder":"","_et_pb_old_content":"","_et_gb_content_width":""},"product_cat":[33,757,224,707,116,504],"product_tag":[437,85,117],"_links":{"self":[{"href":"https:\/\/difrenos.com\/index.php\/wp-json\/wp\/v2\/product\/3323"}],"collection":[{"href":"https:\/\/difrenos.com\/index.php\/wp-json\/wp\/v2\/product"}],"about":[{"href":"https:\/\/difrenos.com\/index.php\/wp-json\/wp\/v2\/types\/product"}],"wp:featuredmedia":[{"embeddable":true,"href":"https:\/\/difrenos.com\/index.php\/wp-json\/wp\/v2\/media\/3324"}],"wp:attachment":[{"href":"https:\/\/difrenos.com\/index.php\/wp-json\/wp\/v2\/media?parent=3323"}],"wp:term":[{"taxonomy":"product_cat","embeddable":true,"href":"https:\/\/difrenos.com\/index.php\/wp-json\/wp\/v2\/product_cat?post=3323"},{"taxonomy":"product_tag","embeddable":true,"href":"https:\/\/difrenos.com\/index.php\/wp-json\/wp\/v2\/product_tag?post=3323"}],"curies":[{"name":"wp","href":"https:\/\/api.w.org\/{rel}","templated":true}]}}