{"id":3212,"date":"2022-05-11T12:36:57","date_gmt":"2022-05-11T12:36:57","guid":{"rendered":"https:\/\/onyon365.com\/df2\/?post_type=product&#038;p=3212"},"modified":"2026-03-05T12:07:37","modified_gmt":"2026-03-05T12:07:37","slug":"chaqueta-husqvarna-scalar-wp-2","status":"publish","type":"product","link":"https:\/\/difrenos.com\/index.php\/producto\/chaqueta-husqvarna-scalar-wp-2\/","title":{"rendered":"Chaqueta Husqvarna Scalar Wp"},"content":{"rendered":"<p>Referencias:<br \/>\n3HS220042403 Talla M\/50<br \/>\n3HS220042404 Talla L\/52<br \/>\n3HS220042406 Talla XXL\/56<\/p>\n<ul>\n<li>Chaqueta Adventure de alta gama para todas las condiciones<\/li>\n<li>Bolsillo impermeable y oculto para documentos<\/li>\n<li>Membrana Hydratex\u00ae 3L extra\u00edble, transpirable, impermeable y cortavientos<\/li>\n<li>Posibilidad de ventilaci\u00f3n de gran superficie en los brazos, el pecho y la espalda<\/li>\n<li>Chaqueta t\u00e9rmica extra\u00edble que puede llevarse por separado<\/li>\n<li>Protectores de hombros y codos SEEFLEX\u2122 CE nivel 2Inserto de protector de la espalda SEESOFT\u2122 CE nivel 2<\/li>\n<li>Material doble en hombros y codos<\/li>\n<li>Combinaci\u00f3n de materiales Ripstop, poli\u00e9ster y Cordura\u00ae resistente a la fricci\u00f3n y al desgarro<\/li>\n<li>Cremallera de uni\u00f3n corta y larga<\/li>\n<li>Construcci\u00f3n preformada de codera<\/li>\n<li>Cuello de alto confort<\/li>\n<li>Cintas para ajustar el ancho de pu\u00f1os y mangas<\/li>\n<li>Forro interior de malla continuo<\/li>\n<li>Varios bolsillos exteriores<\/li>\n<li>Bolsillo en la espalda con grandes posibilidades de almacenaje<\/li>\n<li>Detalles reflectantes<\/li>\n<li>Dise\u00f1o exclusivo de REV&#8217;IT! para Husqvarna Motorcycles<\/li>\n<li>10.000 mm Columna de agua<\/li>\n<\/ul>\n","protected":false},"excerpt":{"rendered":"<p>Referencias: 3HS220042403 Talla M\/50 3HS220042404 Talla L\/52 3HS220042406 Talla XXL\/56 Chaqueta Adventure de alta gama para todas las condiciones Bolsillo impermeable y oculto para documentos Membrana Hydratex\u00ae 3L extra\u00edble, transpirable, impermeable y cortavientos Posibilidad de ventilaci\u00f3n de gran superficie en los brazos, el pecho y la espalda Chaqueta t\u00e9rmica extra\u00edble que puede llevarse por separado [&hellip;]<\/p>\n","protected":false},"featured_media":3213,"template":"","meta":{"_et_pb_use_builder":"","_et_pb_old_content":"","_et_gb_content_width":""},"product_cat":[33,232,754,51,701],"product_tag":[41,108],"_links":{"self":[{"href":"https:\/\/difrenos.com\/index.php\/wp-json\/wp\/v2\/product\/3212"}],"collection":[{"href":"https:\/\/difrenos.com\/index.php\/wp-json\/wp\/v2\/product"}],"about":[{"href":"https:\/\/difrenos.com\/index.php\/wp-json\/wp\/v2\/types\/product"}],"wp:featuredmedia":[{"embeddable":true,"href":"https:\/\/difrenos.com\/index.php\/wp-json\/wp\/v2\/media\/3213"}],"wp:attachment":[{"href":"https:\/\/difrenos.com\/index.php\/wp-json\/wp\/v2\/media?parent=3212"}],"wp:term":[{"taxonomy":"product_cat","embeddable":true,"href":"https:\/\/difrenos.com\/index.php\/wp-json\/wp\/v2\/product_cat?post=3212"},{"taxonomy":"product_tag","embeddable":true,"href":"https:\/\/difrenos.com\/index.php\/wp-json\/wp\/v2\/product_tag?post=3212"}],"curies":[{"name":"wp","href":"https:\/\/api.w.org\/{rel}","templated":true}]}}