{"id":3174,"date":"2022-05-11T07:35:49","date_gmt":"2022-05-11T07:35:49","guid":{"rendered":"https:\/\/onyon365.com\/df2\/?post_type=product&#038;p=3174"},"modified":"2026-03-30T13:23:17","modified_gmt":"2026-03-30T13:23:17","slug":"pantalon-husqvarna-bike-discover-shorts-2-in-1","status":"publish","type":"product","link":"https:\/\/difrenos.com\/index.php\/producto\/pantalon-husqvarna-bike-discover-shorts-2-in-1\/","title":{"rendered":"Pantal\u00f3n Husqvarna EBike Discover Shorts 2 in 1"},"content":{"rendered":"<p>Referencias:<br \/>\n3HB220015702 Talla S<br \/>\n3HB220015703 Talla M<br \/>\n3HB220015706 Talla XXL<\/p>\n<ul>\n<li>Tejido el\u00e1stico ultraligero en 4 direcciones con perforaci\u00f3n l\u00e1ser<\/li>\n<li>Cinturilla el\u00e1stica<\/li>\n<li>Bolsillo lateral<\/li>\n<li>Incluido pantal\u00f3n interior acolchado extra\u00edble<\/li>\n<li>Detalles reflectantes<\/li>\n<li>Material interior:80 % poli\u00e9ster \/ 15 % nylon \/ 5 % spandex<\/li>\n<li>Material externo:92 % nylon \/ 8 % spandex<\/li>\n<\/ul>\n","protected":false},"excerpt":{"rendered":"<p>Referencias: 3HB220015702 Talla S 3HB220015703 Talla M 3HB220015706 Talla XXL Tejido el\u00e1stico ultraligero en 4 direcciones con perforaci\u00f3n l\u00e1ser Cinturilla el\u00e1stica Bolsillo lateral Incluido pantal\u00f3n interior acolchado extra\u00edble Detalles reflectantes Material interior:80 % poli\u00e9ster \/ 15 % nylon \/ 5 % spandex Material externo:92 % nylon \/ 8 % spandex<\/p>\n","protected":false},"featured_media":3175,"template":"","meta":{"_et_pb_use_builder":"","_et_pb_old_content":"","_et_gb_content_width":""},"product_cat":[220,33,277],"product_tag":[66,108,147],"_links":{"self":[{"href":"https:\/\/difrenos.com\/index.php\/wp-json\/wp\/v2\/product\/3174"}],"collection":[{"href":"https:\/\/difrenos.com\/index.php\/wp-json\/wp\/v2\/product"}],"about":[{"href":"https:\/\/difrenos.com\/index.php\/wp-json\/wp\/v2\/types\/product"}],"wp:featuredmedia":[{"embeddable":true,"href":"https:\/\/difrenos.com\/index.php\/wp-json\/wp\/v2\/media\/3175"}],"wp:attachment":[{"href":"https:\/\/difrenos.com\/index.php\/wp-json\/wp\/v2\/media?parent=3174"}],"wp:term":[{"taxonomy":"product_cat","embeddable":true,"href":"https:\/\/difrenos.com\/index.php\/wp-json\/wp\/v2\/product_cat?post=3174"},{"taxonomy":"product_tag","embeddable":true,"href":"https:\/\/difrenos.com\/index.php\/wp-json\/wp\/v2\/product_tag?post=3174"}],"curies":[{"name":"wp","href":"https:\/\/api.w.org\/{rel}","templated":true}]}}