{"id":3170,"date":"2022-05-11T07:29:26","date_gmt":"2022-05-11T07:29:26","guid":{"rendered":"https:\/\/onyon365.com\/df2\/?post_type=product&#038;p=3170"},"modified":"2026-02-06T12:39:53","modified_gmt":"2026-02-06T12:39:53","slug":"camiseta-husqvarna-bike-remote-woman","status":"publish","type":"product","link":"https:\/\/difrenos.com\/index.php\/producto\/camiseta-husqvarna-bike-remote-woman\/","title":{"rendered":"Camiseta Husqvarna EBike Woman Remote"},"content":{"rendered":"<p>Referencias:<br \/>\n9800000020 Talla XS<br \/>\n9800000024 Talla XL<\/p>\n<ul>\n<li>Maillot All-Mountain de alta calidad<\/li>\n<li>Inserciones de malla<\/li>\n<li>Ajuste \u00f3ptimo en posici\u00f3n de pilotaje (delante corta, detr\u00e1s larga)<\/li>\n<li>Bolsillo posterior<\/li>\n<li>Impresiones de silicona transparente en los hombros<\/li>\n<li>Estampados por sublimaci\u00f3n resistentes a rayos UV y al deste\u00f1ido<\/li>\n<li>Detalles reflectantes<\/li>\n<li>Ranura lateral<\/li>\n<\/ul>\n","protected":false},"excerpt":{"rendered":"<p>Referencias: 9800000020 Talla XS 9800000024 Talla XL Maillot All-Mountain de alta calidad Inserciones de malla Ajuste \u00f3ptimo en posici\u00f3n de pilotaje (delante corta, detr\u00e1s larga) Bolsillo posterior Impresiones de silicona transparente en los hombros Estampados por sublimaci\u00f3n resistentes a rayos UV y al deste\u00f1ido Detalles reflectantes Ranura lateral<\/p>\n","protected":false},"featured_media":3171,"template":"","meta":{"_et_pb_use_builder":"","_et_pb_old_content":"","_et_gb_content_width":""},"product_cat":[220,33,225],"product_tag":[38,66,108,524],"_links":{"self":[{"href":"https:\/\/difrenos.com\/index.php\/wp-json\/wp\/v2\/product\/3170"}],"collection":[{"href":"https:\/\/difrenos.com\/index.php\/wp-json\/wp\/v2\/product"}],"about":[{"href":"https:\/\/difrenos.com\/index.php\/wp-json\/wp\/v2\/types\/product"}],"wp:featuredmedia":[{"embeddable":true,"href":"https:\/\/difrenos.com\/index.php\/wp-json\/wp\/v2\/media\/3171"}],"wp:attachment":[{"href":"https:\/\/difrenos.com\/index.php\/wp-json\/wp\/v2\/media?parent=3170"}],"wp:term":[{"taxonomy":"product_cat","embeddable":true,"href":"https:\/\/difrenos.com\/index.php\/wp-json\/wp\/v2\/product_cat?post=3170"},{"taxonomy":"product_tag","embeddable":true,"href":"https:\/\/difrenos.com\/index.php\/wp-json\/wp\/v2\/product_tag?post=3170"}],"curies":[{"name":"wp","href":"https:\/\/api.w.org\/{rel}","templated":true}]}}