{"id":3166,"date":"2022-05-11T07:24:03","date_gmt":"2022-05-11T07:24:03","guid":{"rendered":"https:\/\/onyon365.com\/df2\/?post_type=product&#038;p=3166"},"modified":"2026-02-06T13:22:28","modified_gmt":"2026-02-06T13:22:28","slug":"pantalon-husqvarna-bike-woman-remote-shorts","status":"publish","type":"product","link":"https:\/\/difrenos.com\/index.php\/producto\/pantalon-husqvarna-bike-woman-remote-shorts\/","title":{"rendered":"Pantal\u00f3n Husqvarna EBike Woman Remote Shorts"},"content":{"rendered":"<p>Referencias:<br \/>\n9800000015 Talla XS<br \/>\n9800000017 Talla M<\/p>\n<ul>\n<li>Pantal\u00f3n All-Mountain de alta calidad ultraligero<\/li>\n<li>Zonas de ventilaci\u00f3n perforadas<\/li>\n<li>Cinturilla el\u00e1stica<\/li>\n<li>Bolsillo lateral<\/li>\n<li>Incluido pantal\u00f3n interior acolchado extra\u00edble<\/li>\n<li>Impresi\u00f3n de silicona transparente en las posaderas para una \u00f3ptima sujeci\u00f3n en el sill\u00edn<\/li>\n<\/ul>\n","protected":false},"excerpt":{"rendered":"<p>Referencias: 9800000015 Talla XS 9800000017 Talla M Pantal\u00f3n All-Mountain de alta calidad ultraligero Zonas de ventilaci\u00f3n perforadas Cinturilla el\u00e1stica Bolsillo lateral Incluido pantal\u00f3n interior acolchado extra\u00edble Impresi\u00f3n de silicona transparente en las posaderas para una \u00f3ptima sujeci\u00f3n en el sill\u00edn<\/p>\n","protected":false},"featured_media":3167,"template":"","meta":{"_et_pb_use_builder":"","_et_pb_old_content":"","_et_gb_content_width":""},"product_cat":[220,33,277],"product_tag":[66,108,147,524],"_links":{"self":[{"href":"https:\/\/difrenos.com\/index.php\/wp-json\/wp\/v2\/product\/3166"}],"collection":[{"href":"https:\/\/difrenos.com\/index.php\/wp-json\/wp\/v2\/product"}],"about":[{"href":"https:\/\/difrenos.com\/index.php\/wp-json\/wp\/v2\/types\/product"}],"wp:featuredmedia":[{"embeddable":true,"href":"https:\/\/difrenos.com\/index.php\/wp-json\/wp\/v2\/media\/3167"}],"wp:attachment":[{"href":"https:\/\/difrenos.com\/index.php\/wp-json\/wp\/v2\/media?parent=3166"}],"wp:term":[{"taxonomy":"product_cat","embeddable":true,"href":"https:\/\/difrenos.com\/index.php\/wp-json\/wp\/v2\/product_cat?post=3166"},{"taxonomy":"product_tag","embeddable":true,"href":"https:\/\/difrenos.com\/index.php\/wp-json\/wp\/v2\/product_tag?post=3166"}],"curies":[{"name":"wp","href":"https:\/\/api.w.org\/{rel}","templated":true}]}}