{"id":2906,"date":"2022-04-28T11:34:56","date_gmt":"2022-04-28T11:34:56","guid":{"rendered":"https:\/\/onyon365.com\/df2\/?post_type=product&#038;p=2906"},"modified":"2026-04-09T09:23:37","modified_gmt":"2026-04-09T09:23:37","slug":"botas-husqvarna-kids-flame-2","status":"publish","type":"product","link":"https:\/\/difrenos.com\/index.php\/producto\/botas-husqvarna-kids-flame-2\/","title":{"rendered":"Botas Husqvarna Kids Junior Flame MX"},"content":{"rendered":"<p>Referencias:<br \/>\n3HS210033605 Talla 36<br \/>\n3HS210033610 Talla 41<\/p>\n<p>Botas offroad especialmente dise\u00f1adas para ni\u00f1os<br \/>\nSuela interna de nailon con plantilla extra\u00edble<br \/>\nProtecci\u00f3n de poliuretano interior en tobillo, metatarso y gear pad<br \/>\nProtector de dedos met\u00e1lico (punch)<br \/>\nSistema FlexProtector de tal\u00f3n anat\u00f3mico y no deformable<br \/>\nTres hebillas sustituibles y cierres con ajuste de memoria<br \/>\nProtectores de espinilla fijos<br \/>\nDise\u00f1o exclusivo de SIDI para Husqvarna Motorcycles<br \/>\n62 % poliuretano \/ 12 % poli\u00e9ster \/ 11 % cuero \/ 8 % PVC \/ 6 % nylon \/ 1 % acero<\/p>\n","protected":false},"excerpt":{"rendered":"<p>Referencias: 3HS210033605 Talla 36 3HS210033610 Talla 41 Botas offroad especialmente dise\u00f1adas para ni\u00f1os Suela interna de nailon con plantilla extra\u00edble Protecci\u00f3n de poliuretano interior en tobillo, metatarso y gear pad Protector de dedos met\u00e1lico (punch) Sistema FlexProtector de tal\u00f3n anat\u00f3mico y no deformable Tres hebillas sustituibles y cierres con ajuste de memoria Protectores de espinilla [&hellip;]<\/p>\n","protected":false},"featured_media":2907,"template":"","meta":{"_et_pb_use_builder":"","_et_pb_old_content":"","_et_gb_content_width":""},"product_cat":[776,222,33,701,116,244],"product_tag":[455,108,114,117,378],"_links":{"self":[{"href":"https:\/\/difrenos.com\/index.php\/wp-json\/wp\/v2\/product\/2906"}],"collection":[{"href":"https:\/\/difrenos.com\/index.php\/wp-json\/wp\/v2\/product"}],"about":[{"href":"https:\/\/difrenos.com\/index.php\/wp-json\/wp\/v2\/types\/product"}],"wp:featuredmedia":[{"embeddable":true,"href":"https:\/\/difrenos.com\/index.php\/wp-json\/wp\/v2\/media\/2907"}],"wp:attachment":[{"href":"https:\/\/difrenos.com\/index.php\/wp-json\/wp\/v2\/media?parent=2906"}],"wp:term":[{"taxonomy":"product_cat","embeddable":true,"href":"https:\/\/difrenos.com\/index.php\/wp-json\/wp\/v2\/product_cat?post=2906"},{"taxonomy":"product_tag","embeddable":true,"href":"https:\/\/difrenos.com\/index.php\/wp-json\/wp\/v2\/product_tag?post=2906"}],"curies":[{"name":"wp","href":"https:\/\/api.w.org\/{rel}","templated":true}]}}