{"id":2742,"date":"2022-04-24T14:21:04","date_gmt":"2022-04-24T14:21:04","guid":{"rendered":"https:\/\/onyon365.com\/df2\/?post_type=product&#038;p=2742"},"modified":"2026-02-06T13:52:27","modified_gmt":"2026-02-06T13:52:27","slug":"guantes-husqvarna-bike-remote","status":"publish","type":"product","link":"https:\/\/difrenos.com\/index.php\/producto\/guantes-husqvarna-bike-remote\/","title":{"rendered":"Guantes Husqvarna EBike Remote Long"},"content":{"rendered":"<p>Referencias:<br \/>\n9800000046 Talla S<br \/>\n9800000047 Talla M<br \/>\n9800000048 Talla L<br \/>\n9800000049 Talla XL<br \/>\n9800000050 Talla XXL<br \/>\nGuantes All-Mountain c\u00f3modos y modernos<br \/>\nTejido el\u00e1stico ultraligero en 4 direcciones con perforaci\u00f3n l\u00e1ser<br \/>\nEspacios entre los dedos de malla<br \/>\n55 % poli\u00e9ster \/ 23 % nylon \/ 10 % elastano \/ 9 % poliuretano \/ 3 % goma<\/p>\n","protected":false},"excerpt":{"rendered":"<p>Referencias: 9800000046 Talla S 9800000047 Talla M 9800000048 Talla L 9800000049 Talla XL 9800000050 Talla XXL Guantes All-Mountain c\u00f3modos y modernos Tejido el\u00e1stico ultraligero en 4 direcciones con perforaci\u00f3n l\u00e1ser Espacios entre los dedos de malla 55 % poli\u00e9ster \/ 23 % nylon \/ 10 % elastano \/ 9 % poliuretano \/ 3 % goma<\/p>\n","protected":false},"featured_media":2743,"template":"","meta":{"_et_pb_use_builder":"","_et_pb_old_content":"","_et_gb_content_width":""},"product_cat":[220,33,262],"product_tag":[66,342,108],"_links":{"self":[{"href":"https:\/\/difrenos.com\/index.php\/wp-json\/wp\/v2\/product\/2742"}],"collection":[{"href":"https:\/\/difrenos.com\/index.php\/wp-json\/wp\/v2\/product"}],"about":[{"href":"https:\/\/difrenos.com\/index.php\/wp-json\/wp\/v2\/types\/product"}],"wp:featuredmedia":[{"embeddable":true,"href":"https:\/\/difrenos.com\/index.php\/wp-json\/wp\/v2\/media\/2743"}],"wp:attachment":[{"href":"https:\/\/difrenos.com\/index.php\/wp-json\/wp\/v2\/media?parent=2742"}],"wp:term":[{"taxonomy":"product_cat","embeddable":true,"href":"https:\/\/difrenos.com\/index.php\/wp-json\/wp\/v2\/product_cat?post=2742"},{"taxonomy":"product_tag","embeddable":true,"href":"https:\/\/difrenos.com\/index.php\/wp-json\/wp\/v2\/product_tag?post=2742"}],"curies":[{"name":"wp","href":"https:\/\/api.w.org\/{rel}","templated":true}]}}