{"id":2736,"date":"2022-04-24T14:09:52","date_gmt":"2022-04-24T14:09:52","guid":{"rendered":"https:\/\/onyon365.com\/df2\/?post_type=product&#038;p=2736"},"modified":"2026-03-20T20:02:18","modified_gmt":"2026-03-20T20:02:18","slug":"camiseta-husqvarna-bike-remote-2-2","status":"publish","type":"product","link":"https:\/\/difrenos.com\/index.php\/producto\/camiseta-husqvarna-bike-remote-2-2\/","title":{"rendered":"Camiseta Husqvarna Bike Remote"},"content":{"rendered":"<p>Referencias:<br \/>\n9800000010 Talla S<br \/>\n9800000011 Talla M<br \/>\n9800000012 Talla L<br \/>\n9800000014 Talla XXL<br \/>\nMaillot All-Mountain de alta calidadI<br \/>\nnserciones de malla<br \/>\nAjuste \u00f3ptimo en posici\u00f3n de pilotaje (delante corta, detr\u00e1s larga)<br \/>\nBolsillo posterior<br \/>\nImpresiones de silicona transparente en los hombros<br \/>\nEstampados por sublimaci\u00f3n resistentes a rayos UV y al deste\u00f1ido<br \/>\nDetalles reflectantes<br \/>\nRanura lateral<br \/>\n100 % poli\u00e9ster<\/p>\n","protected":false},"excerpt":{"rendered":"<p>Referencias: 9800000010 Talla S 9800000011 Talla M 9800000012 Talla L 9800000014 Talla XXL Maillot All-Mountain de alta calidadI nserciones de malla Ajuste \u00f3ptimo en posici\u00f3n de pilotaje (delante corta, detr\u00e1s larga) Bolsillo posterior Impresiones de silicona transparente en los hombros Estampados por sublimaci\u00f3n resistentes a rayos UV y al deste\u00f1ido Detalles reflectantes Ranura lateral 100 [&hellip;]<\/p>\n","protected":false},"featured_media":2737,"template":"","meta":{"_et_pb_use_builder":"","_et_pb_old_content":"","_et_gb_content_width":""},"product_cat":[220,33,225],"product_tag":[38,66,108],"_links":{"self":[{"href":"https:\/\/difrenos.com\/index.php\/wp-json\/wp\/v2\/product\/2736"}],"collection":[{"href":"https:\/\/difrenos.com\/index.php\/wp-json\/wp\/v2\/product"}],"about":[{"href":"https:\/\/difrenos.com\/index.php\/wp-json\/wp\/v2\/types\/product"}],"wp:featuredmedia":[{"embeddable":true,"href":"https:\/\/difrenos.com\/index.php\/wp-json\/wp\/v2\/media\/2737"}],"wp:attachment":[{"href":"https:\/\/difrenos.com\/index.php\/wp-json\/wp\/v2\/media?parent=2736"}],"wp:term":[{"taxonomy":"product_cat","embeddable":true,"href":"https:\/\/difrenos.com\/index.php\/wp-json\/wp\/v2\/product_cat?post=2736"},{"taxonomy":"product_tag","embeddable":true,"href":"https:\/\/difrenos.com\/index.php\/wp-json\/wp\/v2\/product_tag?post=2736"}],"curies":[{"name":"wp","href":"https:\/\/api.w.org\/{rel}","templated":true}]}}