{"id":24839,"date":"2026-04-17T12:17:29","date_gmt":"2026-04-17T12:17:29","guid":{"rendered":"https:\/\/difrenos.com\/?post_type=product&#038;p=24839"},"modified":"2026-04-20T08:55:27","modified_gmt":"2026-04-20T08:55:27","slug":"guantes-100-ridecamp-3","status":"publish","type":"product","link":"https:\/\/difrenos.com\/index.php\/producto\/guantes-100-ridecamp-3\/","title":{"rendered":"Guantes 100% Ridecamp"},"content":{"rendered":"<p>Referencia: 1001100005 Talla S<\/p>\n<p><strong>CARACTER\u00cdSTICAS T\u00c9CNICAS<\/strong><br \/>\n\u2022\u00a0Pu\u00f1o ergon\u00f3mico en relieve dise\u00f1ado para adaptarse al reloj de entrenamiento<br \/>\n\u2022 Parte superior en nylon y spandex para una mayor comodidad y flexibilidad<br \/>\n\u2022\u00a0Palma en Clarino de una capa<br \/>\n\u2022 Refuerzos en dedos<br \/>\n\u2022 Gr\u00e1ficos de silicona impresos en la palma y dedos para aumentar el agarre<br \/>\n\u2022\u00a0Compatible con dispositivos t\u00e1ctiles<\/p>\n","protected":false},"excerpt":{"rendered":"<p>Talla S<\/p>\n","protected":false},"featured_media":24845,"template":"","meta":{"_et_pb_use_builder":"","_et_pb_old_content":"","_et_gb_content_width":""},"product_cat":[731,33,255,100],"product_tag":[665,296,407],"_links":{"self":[{"href":"https:\/\/difrenos.com\/index.php\/wp-json\/wp\/v2\/product\/24839"}],"collection":[{"href":"https:\/\/difrenos.com\/index.php\/wp-json\/wp\/v2\/product"}],"about":[{"href":"https:\/\/difrenos.com\/index.php\/wp-json\/wp\/v2\/types\/product"}],"wp:featuredmedia":[{"embeddable":true,"href":"https:\/\/difrenos.com\/index.php\/wp-json\/wp\/v2\/media\/24845"}],"wp:attachment":[{"href":"https:\/\/difrenos.com\/index.php\/wp-json\/wp\/v2\/media?parent=24839"}],"wp:term":[{"taxonomy":"product_cat","embeddable":true,"href":"https:\/\/difrenos.com\/index.php\/wp-json\/wp\/v2\/product_cat?post=24839"},{"taxonomy":"product_tag","embeddable":true,"href":"https:\/\/difrenos.com\/index.php\/wp-json\/wp\/v2\/product_tag?post=24839"}],"curies":[{"name":"wp","href":"https:\/\/api.w.org\/{rel}","templated":true}]}}