{"id":24817,"date":"2026-04-16T17:33:09","date_gmt":"2026-04-16T17:33:09","guid":{"rendered":"https:\/\/difrenos.com\/?post_type=product&#038;p=24817"},"modified":"2026-04-22T11:12:04","modified_gmt":"2026-04-22T11:12:04","slug":"husqvarna-tc-85-2020","status":"publish","type":"product","link":"https:\/\/difrenos.com\/index.php\/producto\/husqvarna-tc-85-2020\/","title":{"rendered":"Husqvarna TC 85 2020"},"content":{"rendered":"<p>Moto de cross Husqvarna TC 85 del a\u00f1o 2020.<\/p>\n<p>Modelo con llantas de 17 y 14 pulgadas.<\/p>\n<p>Nunca usada en competici\u00f3n, uso principiante aficionado.<\/p>\n<p>La entregamos revisada de mec\u00e1nica.<\/p>\n<p>Posibilidad de coger moto a cambio.<\/p>\n<p>Disponemos de servicio de transporte.<\/p>\n<p>Cualquier consulta que puedas necesitar necesitar contacta por whatsapp al -659968466-<\/p>\n<p>cross, motocross, husqvarna , ktm , yamaha , yz85 , tc 85 , sx 85 , kx85, cross, motocross<\/p>\n","protected":false},"excerpt":{"rendered":"<p>Moto de cross Husqvarna TC 85 del a\u00f1o 2020. Modelo con llantas de 17 y 14 pulgadas. Nunca usada en competici\u00f3n, uso principiante aficionado. La entregamos revisada de mec\u00e1nica. Posibilidad de coger moto a cambio. Disponemos de servicio de transporte. Cualquier consulta que puedas necesitar necesitar contacta por whatsapp al -659968466- cross, motocross, husqvarna , [&hellip;]<\/p>\n","protected":false},"featured_media":24876,"template":"","meta":{"_et_pb_use_builder":"","_et_pb_old_content":"","_et_gb_content_width":""},"product_cat":[473,324,268,245,328,129,133],"product_tag":[],"_links":{"self":[{"href":"https:\/\/difrenos.com\/index.php\/wp-json\/wp\/v2\/product\/24817"}],"collection":[{"href":"https:\/\/difrenos.com\/index.php\/wp-json\/wp\/v2\/product"}],"about":[{"href":"https:\/\/difrenos.com\/index.php\/wp-json\/wp\/v2\/types\/product"}],"wp:featuredmedia":[{"embeddable":true,"href":"https:\/\/difrenos.com\/index.php\/wp-json\/wp\/v2\/media\/24876"}],"wp:attachment":[{"href":"https:\/\/difrenos.com\/index.php\/wp-json\/wp\/v2\/media?parent=24817"}],"wp:term":[{"taxonomy":"product_cat","embeddable":true,"href":"https:\/\/difrenos.com\/index.php\/wp-json\/wp\/v2\/product_cat?post=24817"},{"taxonomy":"product_tag","embeddable":true,"href":"https:\/\/difrenos.com\/index.php\/wp-json\/wp\/v2\/product_tag?post=24817"}],"curies":[{"name":"wp","href":"https:\/\/api.w.org\/{rel}","templated":true}]}}