{"id":24759,"date":"2026-04-13T18:09:57","date_gmt":"2026-04-13T18:09:57","guid":{"rendered":"https:\/\/difrenos.com\/?post_type=product&#038;p=24759"},"modified":"2026-04-13T18:16:19","modified_gmt":"2026-04-13T18:16:19","slug":"protectores-de-horquilla-tech-trick-bits-39mm","status":"publish","type":"product","link":"https:\/\/difrenos.com\/index.php\/producto\/protectores-de-horquilla-tech-trick-bits-39mm\/","title":{"rendered":"Protectores de Horquilla Tech Trick Bits 39mm"},"content":{"rendered":"<p>ref. TBCTEC1-FB<\/p>\n<p>Protectores de horquilla TECH de trial 39mm. fabricados en pl\u00e1stico de alta resistencia y est\u00e9tica negra granulada. Se colocan f\u00e1cilmente, sin instalaci\u00f3n, y con bridas de seguridad (incluidas). La gran ventaja de est\u00e1\u00e1os protectores de horquilla TECH de trial es que protegen tambi\u00e9n el eje de la rueda. Protectores de horquilla TECH para TRRS (todas), GASGAS TXT (desde 2015), VERTIGO (todas), MONTESA (desde 2014), SHERCO ST, SCORPA SC y ELECTRIC MOTION.<\/p>\n","protected":false},"excerpt":{"rendered":"<p>ref. TBCTEC1-FB Protectores de horquilla TECH de trial 39mm. fabricados en pl\u00e1stico de alta resistencia y est\u00e9tica negra granulada. Se colocan f\u00e1cilmente, sin instalaci\u00f3n, y con bridas de seguridad (incluidas). La gran ventaja de est\u00e1\u00e1os protectores de horquilla TECH de trial es que protegen tambi\u00e9n el eje de la rueda. Protectores de horquilla TECH para [&hellip;]<\/p>\n","protected":false},"featured_media":24760,"template":"","meta":{"_et_pb_use_builder":"","_et_pb_old_content":"","_et_gb_content_width":""},"product_cat":[789,170],"product_tag":[],"_links":{"self":[{"href":"https:\/\/difrenos.com\/index.php\/wp-json\/wp\/v2\/product\/24759"}],"collection":[{"href":"https:\/\/difrenos.com\/index.php\/wp-json\/wp\/v2\/product"}],"about":[{"href":"https:\/\/difrenos.com\/index.php\/wp-json\/wp\/v2\/types\/product"}],"wp:featuredmedia":[{"embeddable":true,"href":"https:\/\/difrenos.com\/index.php\/wp-json\/wp\/v2\/media\/24760"}],"wp:attachment":[{"href":"https:\/\/difrenos.com\/index.php\/wp-json\/wp\/v2\/media?parent=24759"}],"wp:term":[{"taxonomy":"product_cat","embeddable":true,"href":"https:\/\/difrenos.com\/index.php\/wp-json\/wp\/v2\/product_cat?post=24759"},{"taxonomy":"product_tag","embeddable":true,"href":"https:\/\/difrenos.com\/index.php\/wp-json\/wp\/v2\/product_tag?post=24759"}],"curies":[{"name":"wp","href":"https:\/\/api.w.org\/{rel}","templated":true}]}}