{"id":24745,"date":"2026-04-09T09:15:20","date_gmt":"2026-04-09T09:15:20","guid":{"rendered":"https:\/\/difrenos.com\/?post_type=product&#038;p=24745"},"modified":"2026-04-09T09:17:23","modified_gmt":"2026-04-09T09:17:23","slug":"botas-trial-hebo-technical-3-0-wp-waterproof-negro-rojo-y-amarillo-2025","status":"publish","type":"product","link":"https:\/\/difrenos.com\/index.php\/producto\/botas-trial-hebo-technical-3-0-wp-waterproof-negro-rojo-y-amarillo-2025\/","title":{"rendered":"Botas Trial Hebo Technical 3.0 WP Waterproof Negro, Rojo y Amarillo mod.2025"},"content":{"rendered":"<h2>Referencia:\u00a0<span class=\"product-detail-sku\">HT1030N46<\/span><\/h2>\n<h3>BOTAS HEBO<\/h3>\n<p><b>Descripci\u00f3n<\/b><\/p>\n<ul>\n<li>\u2022 Fabricada en microfibra de alta calidad de 2mm de grosor y con est\u00e9tica de carbono.<\/li>\n<li>\u2022 Nueva &#8216;ideal construction&#8217; para proporcionar ligereza sin perder robustez.<\/li>\n<li>\u2022 Nueva membrana impermeable para proteger al piloto de la entrada de agua por debajo del tobillo.<\/li>\n<li>\u2022 Horma pre inclinada hacia adelante para proporcionar comodidad y adaptabilidad en la posici\u00f3n de ataque.<\/li>\n<li>\u2022 Nueva protecci\u00f3n de goma en la parte interior y lateral externo, para una maxima durabilidad de la bota, protegi\u00e9ndola de los roces y desgarros producidos con el desgaste de la fricci\u00f3n con la moto.<\/li>\n<li>\u2022 Protecci\u00f3n interior de nylon en puntera,tal\u00f3n, espinilla e interior de tobillo.<\/li>\n<li>\u2022 Flexibilidad en zona posterior y empeine.<\/li>\n<li>\u2022 Doble micro-cierre ajustable con memoria.<\/li>\n<li>\u2022 Cierre por velcro en la parte superior de la tibia para un mayor ajuste.<\/li>\n<li>\u2022 Protectores de pl\u00e1stico inyectado y moldeado en tibia y tal\u00f3n.<\/li>\n<li>\u2022 Placa frontal con entrada de aire.<\/li>\n<li>\u2022 Refuerzo de piel de 1,6mm de grosor en el interior y exterior de la tibia.<\/li>\n<li>\u2022 Interior con refuerzos y acolchados adaptados a cada zona del pie para un mayor confort.<\/li>\n<li>\u2022 Tejido interior 3D de alta transpiraci\u00f3n.<\/li>\n<li>\u2022 Plantilla interior de EVA anti-bacteriana, extra\u00edble e intercambiable.<\/li>\n<li>\u2022 Suela asim\u00e9trica, con zona para el pedal del freno en el pie derecho.<\/li>\n<\/ul>\n<p>&nbsp;<\/p>\n","protected":false},"excerpt":{"rendered":"<p>n\u00ba 46<\/p>\n","protected":false},"featured_media":24746,"template":"","meta":{"_et_pb_use_builder":"","_et_pb_old_content":"","_et_gb_content_width":""},"product_cat":[221,33,34,288],"product_tag":[],"_links":{"self":[{"href":"https:\/\/difrenos.com\/index.php\/wp-json\/wp\/v2\/product\/24745"}],"collection":[{"href":"https:\/\/difrenos.com\/index.php\/wp-json\/wp\/v2\/product"}],"about":[{"href":"https:\/\/difrenos.com\/index.php\/wp-json\/wp\/v2\/types\/product"}],"wp:featuredmedia":[{"embeddable":true,"href":"https:\/\/difrenos.com\/index.php\/wp-json\/wp\/v2\/media\/24746"}],"wp:attachment":[{"href":"https:\/\/difrenos.com\/index.php\/wp-json\/wp\/v2\/media?parent=24745"}],"wp:term":[{"taxonomy":"product_cat","embeddable":true,"href":"https:\/\/difrenos.com\/index.php\/wp-json\/wp\/v2\/product_cat?post=24745"},{"taxonomy":"product_tag","embeddable":true,"href":"https:\/\/difrenos.com\/index.php\/wp-json\/wp\/v2\/product_tag?post=24745"}],"curies":[{"name":"wp","href":"https:\/\/api.w.org\/{rel}","templated":true}]}}