{"id":24717,"date":"2026-04-07T10:33:36","date_gmt":"2026-04-07T10:33:36","guid":{"rendered":"https:\/\/difrenos.com\/?post_type=product&#038;p=24717"},"modified":"2026-04-14T13:35:25","modified_gmt":"2026-04-14T13:35:25","slug":"beta-evo-300-2t-2023-2","status":"publish","type":"product","link":"https:\/\/difrenos.com\/index.php\/producto\/beta-evo-300-2t-2023-2\/","title":{"rendered":"BETA EVO 300 2T 2023"},"content":{"rendered":"<p><span class=\"item-detail_ItemDetailTwoColumns__detailsTitle__Cns5F d-block mb-3\">Detalles del producto<\/span><\/p>\n<section class=\"item-detail_ItemDetailTwoColumns__description__0DKb0\">Moto de trial Beta EVO 300 2T del a\u00f1o 2023.<\/section>\n<section class=\"item-detail_ItemDetailTwoColumns__description__0DKb0\">La moto est\u00e1 muy cuidada, est\u00e1 muy bien de mec\u00e1nica y de aspecto, se entrega revisada.<\/section>\n<section class=\"item-detail_ItemDetailTwoColumns__description__0DKb0\">Matriculada, con kit de homologaci\u00f3n.<\/section>\n<section class=\"item-detail_ItemDetailTwoColumns__description__0DKb0\">Podemos coger moto a cambio.<\/section>\n<section class=\"item-detail_ItemDetailTwoColumns__description__0DKb0\">Disponemos de servicio de transporte.<\/section>\n<section class=\"item-detail_ItemDetailTwoColumns__description__0DKb0\">Gestionamos financiaci\u00f3n a trav\u00e9s de Santander Consumer.<\/section>\n<section class=\"item-detail_ItemDetailTwoColumns__description__0DKb0\">Gastos gesti\u00f3n de transferencia 180\u20ac.<\/section>\n<section class=\"item-detail_ItemDetailTwoColumns__description__0DKb0\">Cualquier consulta que puedas necesitar contacta por whatsapp al -659968466-<\/section>\n<section><\/section>\n<section class=\"item-detail_ItemDetailTwoColumns__description__0DKb0\">trial , beta , evo , sherco , gas gas , trs , trrs , montesa , cota , trial<\/section>\n","protected":false},"excerpt":{"rendered":"<p>Detalles del producto Moto de trial Beta EVO 300 2T del a\u00f1o 2023. La moto est\u00e1 muy cuidada, est\u00e1 muy bien de mec\u00e1nica y de aspecto, se entrega revisada. Matriculada, con kit de homologaci\u00f3n. Podemos coger moto a cambio. Disponemos de servicio de transporte. Gestionamos financiaci\u00f3n a trav\u00e9s de Santander Consumer. Gastos gesti\u00f3n de transferencia [&hellip;]<\/p>\n","protected":false},"featured_media":24727,"template":"","meta":{"_et_pb_use_builder":"","_et_pb_old_content":"","_et_gb_content_width":""},"product_cat":[129,133,205],"product_tag":[302],"_links":{"self":[{"href":"https:\/\/difrenos.com\/index.php\/wp-json\/wp\/v2\/product\/24717"}],"collection":[{"href":"https:\/\/difrenos.com\/index.php\/wp-json\/wp\/v2\/product"}],"about":[{"href":"https:\/\/difrenos.com\/index.php\/wp-json\/wp\/v2\/types\/product"}],"wp:featuredmedia":[{"embeddable":true,"href":"https:\/\/difrenos.com\/index.php\/wp-json\/wp\/v2\/media\/24727"}],"wp:attachment":[{"href":"https:\/\/difrenos.com\/index.php\/wp-json\/wp\/v2\/media?parent=24717"}],"wp:term":[{"taxonomy":"product_cat","embeddable":true,"href":"https:\/\/difrenos.com\/index.php\/wp-json\/wp\/v2\/product_cat?post=24717"},{"taxonomy":"product_tag","embeddable":true,"href":"https:\/\/difrenos.com\/index.php\/wp-json\/wp\/v2\/product_tag?post=24717"}],"curies":[{"name":"wp","href":"https:\/\/api.w.org\/{rel}","templated":true}]}}