{"id":24585,"date":"2026-03-20T13:38:01","date_gmt":"2026-03-20T13:38:01","guid":{"rendered":"https:\/\/difrenos.com\/?post_type=product&#038;p=24585"},"modified":"2026-04-06T12:20:09","modified_gmt":"2026-04-06T12:20:09","slug":"gas-gas-txt-boy-trial-infantil","status":"publish","type":"product","link":"https:\/\/difrenos.com\/index.php\/producto\/gas-gas-txt-boy-trial-infantil\/","title":{"rendered":"GAS GAS TXT BOY trial Infantil"},"content":{"rendered":"<p>La moto est\u00e1 bien de aspecto y de mec\u00e1nica, se entrega revisada.<br \/>\nIdeal para ni\u00f1os de 6 a 9 a\u00f1os.<br \/>\nDisponemos de servicio de transporte.<br \/>\nCualquier consulta que puedas necesitar ccontacta por whatsapp al 659968466<\/p>\n","protected":false},"excerpt":{"rendered":"<p>La moto est\u00e1 bien de aspecto y de mec\u00e1nica, se entrega revisada. Ideal para ni\u00f1os de 6 a 9 a\u00f1os. Disponemos de servicio de transporte. Cualquier consulta que puedas necesitar ccontacta por whatsapp al 659968466<\/p>\n","protected":false},"featured_media":24610,"template":"","meta":{"_et_pb_use_builder":"","_et_pb_old_content":"","_et_gb_content_width":""},"product_cat":[129,133,205],"product_tag":[],"_links":{"self":[{"href":"https:\/\/difrenos.com\/index.php\/wp-json\/wp\/v2\/product\/24585"}],"collection":[{"href":"https:\/\/difrenos.com\/index.php\/wp-json\/wp\/v2\/product"}],"about":[{"href":"https:\/\/difrenos.com\/index.php\/wp-json\/wp\/v2\/types\/product"}],"wp:featuredmedia":[{"embeddable":true,"href":"https:\/\/difrenos.com\/index.php\/wp-json\/wp\/v2\/media\/24610"}],"wp:attachment":[{"href":"https:\/\/difrenos.com\/index.php\/wp-json\/wp\/v2\/media?parent=24585"}],"wp:term":[{"taxonomy":"product_cat","embeddable":true,"href":"https:\/\/difrenos.com\/index.php\/wp-json\/wp\/v2\/product_cat?post=24585"},{"taxonomy":"product_tag","embeddable":true,"href":"https:\/\/difrenos.com\/index.php\/wp-json\/wp\/v2\/product_tag?post=24585"}],"curies":[{"name":"wp","href":"https:\/\/api.w.org\/{rel}","templated":true}]}}