{"id":24495,"date":"2026-03-12T17:33:42","date_gmt":"2026-03-12T17:33:42","guid":{"rendered":"https:\/\/difrenos.com\/?post_type=product&#038;p=24495"},"modified":"2026-04-14T13:35:00","modified_gmt":"2026-04-14T13:35:00","slug":"gas-gas-mc-50-2026","status":"publish","type":"product","link":"https:\/\/difrenos.com\/index.php\/producto\/gas-gas-mc-50-2026\/","title":{"rendered":"GAS GAS MC 50 2026"},"content":{"rendered":"<h3>GAS GAS MC 50 2026<\/h3>\n<p>Adorada por los peque\u00f1os offroaders de todo el mundo, \u00a1nuestra impresionante MC 50 tiene toda la fuerza imaginable! Con el mismo aspecto que las motos m\u00e1s grandes de nuestra gama de motocross, la 2 tiempos m\u00e1s peque\u00f1a que fabricamos cuenta con una ergonom\u00eda ajustable f\u00e1cilmente modificable a medida que los ni\u00f1os crecen. La MC 50, que garantiza sonrisas de oreja a oreja despu\u00e9s de conducir, hace que dar vueltas al circuito sea algo muy divertido para los ni\u00f1os a los que les encanta pilotar. Con la mejor calidad de fabricaci\u00f3n de su clase y un rendimiento a la altura, la MC 50 es una mini moto de cross dise\u00f1ada para que la pr\u00f3xima generaci\u00f3n de amantes de los circuitos se enfrente a ellos con estilo.<\/p>\n<h4><\/h4>\n<h4>CARROCER\u00cdA<\/h4>\n<p>Como puedes ver, \u00a1la carrocer\u00eda de la MC 50 tiene un aspecto de lo m\u00e1s atractivo! Toda en rojo para destacar realmente del resto, no solo es espectacular, sino que con mayores zonas de contacto para sujetar la moto con las piernas, este modelo permite a los pilotos hacer lo suyo con mayor control. Tambi\u00e9n hay un asiento m\u00e1s plano que facilita mucho los movimientos sobre la moto, especialmente para los pilotos de baja estatura.<\/p>\n<h4>CHASIS<\/h4>\n<p>El chasis de la moto garantiza que la peque\u00f1a MC 50 sea superestable a alta velocidad y asombrosamente \u00e1gil en las curvas. Fabricado en acero al cromo molibdeno, el chasis se ha dise\u00f1ado para ofrecer la flexi\u00f3n justa y cuenta con una geometr\u00eda desarrollada espec\u00edficamente para los ni\u00f1os. En pocas palabras, pilotar la MC 50 es un aut\u00e9ntico sue\u00f1o.<\/p>\n<h4>MOTOR<\/h4>\n<p>El motor de la MC 50 no puede ser mejor. La posici\u00f3n del cig\u00fce\u00f1al centraliza las masas, contribuyendo a la sensaci\u00f3n de ligereza de la moto, mientras que todo el resto ha sido dise\u00f1ado pensando en la entrega de potencia. El resultado final es una banda de potencia muy amplia que hace que la MC 50 sea muy divertida de pilotar.<\/p>\n<h4>FRENOS<\/h4>\n<p>No te equivoques, \u00a1el MC 50 es r\u00e1pido! Tan r\u00e1pido que le hemos puesto discos ondulados delante y detr\u00e1s para disipar el calor r\u00e1pidamente, y frenos hidr\u00e1ulicos para garantizar un frenado uniforme en todo momento. El pedal de freno trasero tiene ahora la misma punta que nuestras motos de cross de tama\u00f1o normal, lo que hace que el uso del freno trasero sea m\u00e1s f\u00e1cil que nunca.<\/p>\n<h4>Ficha T\u00e9cnica<\/h4>\n<hr \/>\n<p><strong>\u25c6 Motor<\/strong><\/p>\n<ul>\n<li>\u2022\u00a0<strong>Transmisi\u00f3n primaria:<\/strong>\u00a033:61<\/li>\n<li>\u2022\u00a0<strong>Cambio:<\/strong>\u00a0Autom\u00e1tico<\/li>\n<li>\u2022\u00a0<strong>Refrigeraci\u00f3n:<\/strong>\u00a0Refrigeraci\u00f3n l\u00edquida<\/li>\n<li>\u2022\u00a0<strong>Transmisi\u00f3n secundaria:<\/strong>\u00a011:40<\/li>\n<li>\u2022\u00a0<strong>Arranque:<\/strong>\u00a0Pedal de arranque<\/li>\n<li>\u2022\u00a0<strong>Carrera:<\/strong>\u00a040,7 mm<\/li>\n<li>\u2022\u00a0<strong>Di\u00e1metro:<\/strong>\u00a039,5 mm<\/li>\n<li>\u2022\u00a0<strong>Embrague:<\/strong>\u00a0Embrague centr\u00edfugo (regulable)<\/li>\n<li>\u2022\u00a0<strong>Cilindrada:<\/strong>\u00a049,9 cm\u00b3<\/li>\n<li>\u2022\u00a0<strong>EMS:<\/strong>\u00a0Dell\u2019Orto PHBG 19 BS<\/li>\n<li>\u2022\u00a0<strong>Estructura:<\/strong>\u00a0Motor monocil\u00edndrico de 2 tiempos<\/li>\n<\/ul>\n<hr \/>\n<p><strong>\u25c6 Parte Ciclo<\/strong><\/p>\n<ul>\n<li>\u2022\u00a0<strong>Peso (sin combustible):<\/strong>\u00a043,5 kg<\/li>\n<li>\u2022\u00a0<strong>Capacidad del dep\u00f3sito (aprox.):<\/strong>\u00a02,3 l<\/li>\n<li>\u2022\u00a0<strong>Distancia entre ejes:<\/strong>\u00a01026 \u00b1 10 mm<\/li>\n<li>\u2022\u00a0<strong>Di\u00e1metro del disco de freno delantero:<\/strong>\u00a0160 mm<\/li>\n<li>\u2022\u00a0<strong>Di\u00e1metro del disco de freno trasero:<\/strong>\u00a0160 mm<\/li>\n<li>\u2022\u00a0<strong>Freno delantero:<\/strong>\u00a0Freno de disco<\/li>\n<li>\u2022\u00a0<strong>Freno trasero:<\/strong>\u00a0Freno de disco<\/li>\n<li>\u2022\u00a0<strong>Cadena:<\/strong>\u00a0415, no estanco<\/li>\n<li>\u2022\u00a0<strong>Estructura del chasis:<\/strong>\u00a0Chasis tubular central con doble cuna<\/li>\n<li>\u2022\u00a0<strong>Suspensi\u00f3n delantera:<\/strong>\u00a0XACT 35 WP Upside-Down fork, \u00d8 35 mm<\/li>\n<li>\u2022\u00a0<strong>Recorrido de suspensi\u00f3n delantera:<\/strong>\u00a0200,6 mm<\/li>\n<li>\u2022\u00a0<strong>Suspensi\u00f3n trasera:<\/strong>\u00a0XACT WP mono shock<\/li>\n<li>\u2022\u00a0<strong>Recorrido de suspensi\u00f3n trasera:<\/strong>\u00a0190,5 mm<\/li>\n<li>\u2022\u00a0<strong>Altura libre al suelo:<\/strong>\u00a0233 mm<\/li>\n<li>\u2022\u00a0<strong>Altura del asiento:<\/strong>\u00a0653 mm<\/li>\n<li>\u2022\u00a0<strong>Silenciador:<\/strong>\u00a0Aluminio<\/li>\n<li>\u2022\u00a0<strong>\u00c1ngulo de direcci\u00f3n:<\/strong>\u00a066\u00b0<\/li>\n<li>\u2022\u00a0<strong>Estructura del subchasis trasero:<\/strong>\u00a0Acero \/ Poliamida con fibra de vidrio<\/li>\n<li>\u2022\u00a0<strong>Manillar:<\/strong>\u00a0Tapered aluminum \u00d8 28\/22\/18 mm<\/li>\n<li>\u2022\u00a0<strong>Dimensiones de neum\u00e1ticos (delantero\/trasero):<\/strong>\u00a060\/100 2.75\/10<\/li>\n<li>\u2022\u00a0<strong>Ruedas:<\/strong>\u00a01,50 x 12 1,60 x 10<\/li>\n<\/ul>\n","protected":false},"excerpt":{"rendered":"<p>FINANCIACION AL 2,99% TIN A 36 MESES, oferta v\u00e1lida hasta el 30\/06\/2026, despu\u00e9s inf\u00f3rmate (sujeta a aprobaci\u00f3n de la financiera)<\/p>\n","protected":false},"featured_media":24496,"template":"","meta":{"_et_pb_use_builder":"","_et_pb_old_content":"","_et_gb_content_width":""},"product_cat":[259,362,129],"product_tag":[455],"_links":{"self":[{"href":"https:\/\/difrenos.com\/index.php\/wp-json\/wp\/v2\/product\/24495"}],"collection":[{"href":"https:\/\/difrenos.com\/index.php\/wp-json\/wp\/v2\/product"}],"about":[{"href":"https:\/\/difrenos.com\/index.php\/wp-json\/wp\/v2\/types\/product"}],"wp:featuredmedia":[{"embeddable":true,"href":"https:\/\/difrenos.com\/index.php\/wp-json\/wp\/v2\/media\/24496"}],"wp:attachment":[{"href":"https:\/\/difrenos.com\/index.php\/wp-json\/wp\/v2\/media?parent=24495"}],"wp:term":[{"taxonomy":"product_cat","embeddable":true,"href":"https:\/\/difrenos.com\/index.php\/wp-json\/wp\/v2\/product_cat?post=24495"},{"taxonomy":"product_tag","embeddable":true,"href":"https:\/\/difrenos.com\/index.php\/wp-json\/wp\/v2\/product_tag?post=24495"}],"curies":[{"name":"wp","href":"https:\/\/api.w.org\/{rel}","templated":true}]}}