{"id":24490,"date":"2026-03-12T14:05:03","date_gmt":"2026-03-12T14:05:03","guid":{"rendered":"https:\/\/difrenos.com\/?post_type=product&#038;p=24490"},"modified":"2026-03-12T14:06:11","modified_gmt":"2026-03-12T14:06:11","slug":"soporte-movil-oxford-cliqr-ox851","status":"publish","type":"product","link":"https:\/\/difrenos.com\/index.php\/producto\/soporte-movil-oxford-cliqr-ox851\/","title":{"rendered":"Soporte Manillar M\u00f3vil OXFORD CLIQR OX851"},"content":{"rendered":"<div class=\"box-nav-tab\">\n<p>ref: ox851<\/p>\n<\/div>\n<div id=\"tab-content\" class=\"tab-content\">\n<div id=\"description\" class=\"tab-pane active\" role=\"tabpanel\">\n<div class=\"product-description\">\n<div class=\"rte-content\">\n<ul>\n<li>Soporte de sujeci\u00f3n de cables CLIQR le permite colocar su dispositivo junto a sus controles para una visualizaci\u00f3n r\u00e1pida, perfecto para navegar en movimiento.<\/li>\n<li>Adaptador universal con cinta VHB 3M \u2122.<\/li>\n<li>Compatible con la mayor\u00eda de tel\u00e9fonos, fundas de tel\u00e9fonos, dispositivos GPS y c\u00e1maras de acci\u00f3n compactas.<\/li>\n<li>Soluci\u00f3n de fijaci\u00f3n para \u00e1reas de dif\u00edcil acceso.<\/li>\n<li>Se adapta a v\u00e1stago \/ barra de 31,8 mm y 25,4 mm.<\/li>\n<li>Montaje en base compartida. Instalaci\u00f3n r\u00e1pida y f\u00e1cil.<\/li>\n<li>Incluye, 1 Montaje, 2 Bridas para cables, 2 Adaptadores de dispositivo, 1 Inserto de silicona y 1 Toallita con alcohol.<\/li>\n<\/ul>\n<\/div>\n<\/div>\n<\/div>\n<\/div>\n","protected":false},"excerpt":{"rendered":"<p>ref: ox851 Soporte de sujeci\u00f3n de cables CLIQR le permite colocar su dispositivo junto a sus controles para una visualizaci\u00f3n r\u00e1pida, perfecto para navegar en movimiento. Adaptador universal con cinta VHB 3M \u2122. Compatible con la mayor\u00eda de tel\u00e9fonos, fundas de tel\u00e9fonos, dispositivos GPS y c\u00e1maras de acci\u00f3n compactas. Soluci\u00f3n de fijaci\u00f3n para \u00e1reas de [&hellip;]<\/p>\n","protected":false},"featured_media":24492,"template":"","meta":{"_et_pb_use_builder":"","_et_pb_old_content":"","_et_gb_content_width":""},"product_cat":[215,33,290],"product_tag":[],"_links":{"self":[{"href":"https:\/\/difrenos.com\/index.php\/wp-json\/wp\/v2\/product\/24490"}],"collection":[{"href":"https:\/\/difrenos.com\/index.php\/wp-json\/wp\/v2\/product"}],"about":[{"href":"https:\/\/difrenos.com\/index.php\/wp-json\/wp\/v2\/types\/product"}],"wp:featuredmedia":[{"embeddable":true,"href":"https:\/\/difrenos.com\/index.php\/wp-json\/wp\/v2\/media\/24492"}],"wp:attachment":[{"href":"https:\/\/difrenos.com\/index.php\/wp-json\/wp\/v2\/media?parent=24490"}],"wp:term":[{"taxonomy":"product_cat","embeddable":true,"href":"https:\/\/difrenos.com\/index.php\/wp-json\/wp\/v2\/product_cat?post=24490"},{"taxonomy":"product_tag","embeddable":true,"href":"https:\/\/difrenos.com\/index.php\/wp-json\/wp\/v2\/product_tag?post=24490"}],"curies":[{"name":"wp","href":"https:\/\/api.w.org\/{rel}","templated":true}]}}