{"id":24442,"date":"2026-03-06T15:12:38","date_gmt":"2026-03-06T15:12:38","guid":{"rendered":"https:\/\/difrenos.com\/?post_type=product&#038;p=24442"},"modified":"2026-04-23T11:35:14","modified_gmt":"2026-04-23T11:35:14","slug":"peugeot-xp6-supermotard-r-50cc-2026","status":"publish","type":"product","link":"https:\/\/difrenos.com\/index.php\/producto\/peugeot-xp6-supermotard-r-50cc-2026\/","title":{"rendered":"PEUGEOT XP6 SUPERMOTARD R 50cc 2026"},"content":{"rendered":"<div class=\"MuiBox-root css-mmst5v\">\n<div class=\"MuiBox-root css-sjudcl\">\n<div class=\"MuiBox-root css-1qirwdy\">\n<div class=\"MuiBox-root css-1mkqtq9\">\n<h2 class=\"MuiTypography-root MuiTypography-h2 css-vhf72s\"><span dir=\"auto\">Gama XP6 SUPERMOTARD, dedicada al placer en carretera<\/span><\/h2>\n<div class=\"MuiBox-root css-0\">\n<p class=\"MuiTypography-root MuiTypography-body1 ql-align-center css-1w4dp4c\"><span dir=\"auto\">XP6 Supermotard se dirige a pilotos que circulan principalmente por asfalto, en busca de una moto viva, f\u00e1cil de manejar y con diversi\u00f3n al pilotar.<\/span><\/p>\n<p class=\"MuiTypography-root MuiTypography-body1 ql-align-center css-1w4dp4c\"><span dir=\"auto\">Representa una moto \u00e1gil y precisa, ideal para descubrir la conducci\u00f3n de una moto con caja de cambios al pie, dise\u00f1ada para ofrecer sensaciones, control y verdadero placer de pilotaje.<\/span><\/p>\n<p class=\"MuiTypography-root MuiTypography-body1 ql-align-center css-1w4dp4c\"><span dir=\"auto\">Sobre el asfalto, el XP6 Supermotard privilegia su maniobrabilidad, facilidad de toma en mano y control, brindando una experiencia de conducci\u00f3n a la vez tranquilizadora y emocionante.<\/span><\/p>\n<p class=\"MuiTypography-root MuiTypography-body1 ql-align-center css-1w4dp4c\"><span dir=\"auto\">Disponible en dos versiones, XP6 Supermotard y XP6 Supermotard R, la gama permite elegir el nivel de equipamiento m\u00e1s adaptado a tu pr\u00e1ctica.<\/span><\/p>\n<\/div>\n<\/div>\n<\/div>\n<\/div>\n<\/div>\n<div class=\"MuiBox-root css-mmst5v\">\n<div class=\"MuiBox-root css-sjudcl\">\n<div class=\"MuiBox-root css-1jsrn06\">\n<div class=\"MuiBox-root css-18dlx3w\"><img src=\"https:\/\/static.peugeot-motocycles.fr\/files\/pages\/697c934d81c74182366223.png\" alt=\"Una mec\u00e1nica hecha para disfrutar. La gama XP6 Supermotard se basa en una mec\u00e1nica conocida y probada, elegida por lo que ofrece.\" \/><\/div>\n<div class=\"MuiBox-root css-1mkqtq9\">\n<h2 class=\"MuiTypography-root MuiTypography-h2 css-vhf72s\"><span dir=\"auto\">Una mec\u00e1nica hecha para disfrutar. La gama XP6 Supermotard se basa en una mec\u00e1nica conocida y probada, elegida por lo que ofrece.<\/span><\/h2>\n<div class=\"MuiBox-root css-0\">\n<p class=\"MuiTypography-root MuiTypography-body1 ql-align-center css-1w4dp4c\"><span dir=\"auto\">La gama XP6 Supermotard se basa en una mec\u00e1nica conocida y contrastada, elegida por lo que aporta en uso real.<\/span><\/p>\n<p class=\"MuiTypography-root MuiTypography-body1 ql-align-center css-1w4dp4c\"><span dir=\"auto\">El motor 2T Minarelli AM6, asociado a una caja de cambios de 6 velocidades, permite gestionar los reg\u00edmenes con precisi\u00f3n, encadenar los cambios y disfrutar plenamente de las recuperaciones en carretera.<\/span><\/p>\n<p class=\"MuiTypography-root MuiTypography-body1 ql-align-center css-1w4dp4c\"><span dir=\"auto\">El carburador Dell&#8217;Orto PHBN 16 permite explotar al m\u00e1ximo el motor, con una respuesta precisa y directa al pu\u00f1o del acelerador.<\/span><\/p>\n<p class=\"MuiTypography-root MuiTypography-body1 ql-align-center css-1w4dp4c\"><span dir=\"auto\">Esta arquitectura prioriza las sensaciones mec\u00e1nicas y el compromiso del piloto, manteniendo un funcionamiento regular y constante gracias a la refrigeraci\u00f3n l\u00edquida.<\/span><\/p>\n<\/div>\n<\/div>\n<\/div>\n<\/div>\n<\/div>\n<div class=\"MuiBox-root css-mmst5v\">\n<div class=\"MuiBox-root css-sjudcl\">\n<div class=\"MuiBox-root css-1qirwdy\">\n<div class=\"MuiBox-root css-18dlx3w\"><img src=\"https:\/\/static.peugeot-motocycles.fr\/files\/pages\/697c935e4e770398142295.png\" alt=\"Agilidad y control sobre el asfalto.\" \/><\/div>\n<div class=\"MuiBox-root css-1mkqtq9\">\n<h2 class=\"MuiTypography-root MuiTypography-h2 css-vhf72s\"><span dir=\"auto\">Agilidad y control sobre el asfalto.<\/span><\/h2>\n<div class=\"MuiBox-root css-0\">\n<p class=\"MuiTypography-root MuiTypography-body1 ql-align-center css-1w4dp4c\"><span dir=\"auto\">XP6 Supermotard est\u00e1 dise\u00f1ada para carretera. Su comportamiento prioriza la estabilidad y la precisi\u00f3n, permitiendo trayectorias limpias y un pilotaje fluido tanto en ciudad como en carreteras secundarias.<\/span><\/p>\n<p class=\"MuiTypography-root MuiTypography-body1 ql-align-center css-1w4dp4c\"><span dir=\"auto\">El sistema de frenos delantero, dimensionado para uso en carretera, ofrece una buena calibraci\u00f3n y respuesta progresiva, lo que permite gestionar los cambios de ritmo con confianza y enfoque en la conducci\u00f3n.<\/span><\/p>\n<p class=\"MuiTypography-root MuiTypography-body1 ql-align-center css-1w4dp4c\"><span dir=\"auto\">XP6 Supermotard se dirige a quienes disfrutan pilotar, jugar con los cambios y enlazar curvas en carretera.<\/span><\/p>\n<\/div>\n<\/div>\n<\/div>\n<\/div>\n<\/div>\n<div class=\"MuiBox-root css-ri6iku\">\n<div class=\"MuiBox-root css-rhxvrd\">\n<h3 class=\"MuiTypography-root MuiTypography-h3 css-1npg5jr\"><\/h3>\n<div class=\"MuiBox-root css-3iweig\">\n<div class=\"MuiBox-root css-ijomr3\">\n<p class=\"MuiTypography-root MuiTypography-body1 css-qct4y2\"><span dir=\"auto\">Motor <\/span>Dimensiones Parte ciclo <span dir=\"auto\">Equipamiento <\/span><span dir=\"auto\">Nombre del motor\u00a0<\/span><span dir=\"auto\">:<\/span><\/p>\n<\/div>\n<\/div>\n<div class=\"MuiGrid-root MuiGrid-container css-1d3bbye\">\n<div class=\"MuiGrid-root MuiGrid-item MuiGrid-grid-xs-12 MuiGrid-grid-md-6 css-bv0gvu\">\n<p class=\"MuiTypography-root MuiTypography-body2 css-o1ixxg\"><span dir=\"auto\">Minarelli AM6<\/span><\/p>\n<\/div>\n<div class=\"MuiGrid-root MuiGrid-item MuiGrid-grid-xs-12 MuiGrid-grid-md-6 css-bv0gvu\">\n<p class=\"MuiTypography-root MuiTypography-body2 css-1pzb0fc\"><span dir=\"auto\">Tipo de motor\u00a0<\/span><span dir=\"auto\">:<\/span><span dir=\"auto\">2T<\/span><\/p>\n<\/div>\n<div class=\"MuiGrid-root MuiGrid-item MuiGrid-grid-xs-12 MuiGrid-grid-md-6 css-bv0gvu\">\n<p class=\"MuiTypography-root MuiTypography-body2 css-1pzb0fc\"><span dir=\"auto\">Alimentaci\u00f3n\u00a0<\/span><span dir=\"auto\">:<\/span><span dir=\"auto\">carburador Dell&#8217;Orto PHBN 16<\/span><\/p>\n<\/div>\n<div class=\"MuiGrid-root MuiGrid-item MuiGrid-grid-xs-12 MuiGrid-grid-md-6 css-bv0gvu\">\n<p class=\"MuiTypography-root MuiTypography-body2 css-1pzb0fc\"><span dir=\"auto\">Di\u00e1metro x Carrera (mm x mm)\u00a0<\/span><span dir=\"auto\">:<\/span><span dir=\"auto\">40,3 x 39<\/span><\/p>\n<\/div>\n<div class=\"MuiGrid-root MuiGrid-item MuiGrid-grid-xs-12 MuiGrid-grid-md-6 css-bv0gvu\">\n<p class=\"MuiTypography-root MuiTypography-body2 css-1pzb0fc\"><span dir=\"auto\">Potencia m\u00e1xima (kW)\u00a0<\/span><span dir=\"auto\">:<\/span><span dir=\"auto\">1.9<\/span><\/p>\n<\/div>\n<div class=\"MuiGrid-root MuiGrid-item MuiGrid-grid-xs-12 MuiGrid-grid-md-6 css-bv0gvu\">\n<p class=\"MuiTypography-root MuiTypography-body2 css-1pzb0fc\"><span dir=\"auto\">Refrigeraci\u00f3n\u00a0<\/span><span dir=\"auto\">:<\/span><span dir=\"auto\">LC<\/span><\/p>\n<\/div>\n<div class=\"MuiGrid-root MuiGrid-item MuiGrid-grid-xs-12 MuiGrid-grid-md-6 css-bv0gvu\">\n<p class=\"MuiTypography-root MuiTypography-body2 css-1pzb0fc\"><span dir=\"auto\">Potencia m\u00e1xima (hp)\u00a0<\/span><span dir=\"auto\">:<\/span><span dir=\"auto\">2.6<\/span><\/p>\n<\/div>\n<div class=\"MuiGrid-root MuiGrid-item MuiGrid-grid-xs-12 MuiGrid-grid-md-6 css-bv0gvu\">\n<p class=\"MuiTypography-root MuiTypography-body2 css-1pzb0fc\"><span dir=\"auto\">Potencia m\u00e1xima (rpm)\u00a0<\/span><span dir=\"auto\">:<\/span><span dir=\"auto\">6500<\/span><\/p>\n<\/div>\n<div class=\"MuiGrid-root MuiGrid-item MuiGrid-grid-xs-12 MuiGrid-grid-md-6 css-bv0gvu\">\n<p class=\"MuiTypography-root MuiTypography-body2 css-1pzb0fc\"><span dir=\"auto\">Par m\u00e1ximo (Nm)\u00a0<\/span><span dir=\"auto\">:<\/span><span dir=\"auto\">3.4<\/span><\/p>\n<\/div>\n<div class=\"MuiGrid-root MuiGrid-item MuiGrid-grid-xs-12 MuiGrid-grid-md-6 css-bv0gvu\">\n<p class=\"MuiTypography-root MuiTypography-body2 css-1pzb0fc\"><span dir=\"auto\">Lubricaci\u00f3n\u00a0<\/span><span dir=\"auto\">:<\/span><span dir=\"auto\">Separada<\/span><\/p>\n<\/div>\n<div class=\"MuiGrid-root MuiGrid-item MuiGrid-grid-xs-12 MuiGrid-grid-md-6 css-bv0gvu\">\n<p class=\"MuiTypography-root MuiTypography-body2 css-1pzb0fc\"><span dir=\"auto\">Embrague\u00a0<\/span><span dir=\"auto\">:<\/span><span dir=\"auto\">Embrague hidraulico multidisco en ba\u00f1o de aceite<\/span><\/p>\n<\/div>\n<div class=\"MuiGrid-root MuiGrid-item MuiGrid-grid-xs-12 MuiGrid-grid-md-6 css-bv0gvu\">\n<p class=\"MuiTypography-root MuiTypography-body2 css-1pzb0fc\"><span dir=\"auto\">Arranque\u00a0<\/span><span dir=\"auto\">:<\/span><span dir=\"auto\">Patada<\/span><\/p>\n<\/div>\n<div class=\"MuiGrid-root MuiGrid-item MuiGrid-grid-xs-12 MuiGrid-grid-md-6 css-bv0gvu\">\n<p class=\"MuiTypography-root MuiTypography-body2 css-1pzb0fc\"><span dir=\"auto\">Transmisi\u00f3n\u00a0<\/span><span dir=\"auto\">:<\/span><span dir=\"auto\">Caja de cambios de 6 velocidades.<\/span><\/p>\n<\/div>\n<div class=\"MuiGrid-root MuiGrid-item MuiGrid-grid-xs-12 MuiGrid-grid-md-6 css-bv0gvu\">\n<p class=\"MuiTypography-root MuiTypography-body2 css-1pzb0fc\"><span dir=\"auto\">Capacidad del dep\u00f3sito de aceite (L)\u00a0<\/span><span dir=\"auto\">:<\/span><span dir=\"auto\">1<\/span><\/p>\n<\/div>\n<div class=\"MuiGrid-root MuiGrid-item MuiGrid-grid-xs-12 MuiGrid-grid-md-6 css-bv0gvu\">\n<p class=\"MuiTypography-root MuiTypography-body2 css-1pzb0fc\"><span dir=\"auto\">Silenciador \/ Embellecedor\u00a0<\/span><span dir=\"auto\">:<\/span><span dir=\"auto\">Silenciador de aluminio<\/span><\/p>\n<\/div>\n<div class=\"MuiGrid-root MuiGrid-item MuiGrid-grid-xs-12 MuiGrid-grid-md-6 css-bv0gvu\">\n<p class=\"MuiTypography-root MuiTypography-body2 css-1pzb0fc\"><span dir=\"auto\">Dep\u00f3sito de gasolina (L)\u00a0<\/span><span dir=\"auto\">:<\/span><span dir=\"auto\">7<\/span><\/p>\n<\/div>\n<\/div>\n<\/div>\n<\/div>\n<div class=\"MuiBox-root css-mmst5v\">\n<div class=\"MuiBox-root css-sjudcl\">\n<div class=\"MuiBox-root css-1qirwdy\">\n<div class=\"MuiBox-root css-18dlx3w\"><img src=\"https:\/\/static.peugeot-motocycles.fr\/files\/pages\/697c9395b5128426779382.png\" alt=\"Un nivel de precisi\u00f3n adicional\" \/><\/div>\n<div class=\"MuiBox-root css-1mkqtq9\">\n<h2 class=\"MuiTypography-root MuiTypography-h2 css-vhf72s\"><span dir=\"auto\">Un nivel de precisi\u00f3n adicional<\/span><\/h2>\n<div class=\"MuiBox-root css-0\">\n<p class=\"MuiTypography-root MuiTypography-body1 ql-align-center css-1w4dp4c\"><span dir=\"auto\">XP6 Supermotard R retoma la misma base que la versi\u00f3n Supermotard, con una orientaci\u00f3n m\u00e1s marcada hacia la precisi\u00f3n y el sentimiento en carretera.<\/span><\/p>\n<p class=\"MuiTypography-root MuiTypography-body1 ql-align-center css-1w4dp4c\"><span dir=\"auto\">La horquilla invertida \u00d841 mm y las llantas de 17 pulgadas de radios refuerzan la estabilidad del tren delantero y la calidad de los apoyos, especialmente en conducci\u00f3n m\u00e1s deportiva.<\/span><\/p>\n<p class=\"MuiTypography-root MuiTypography-body1 ql-align-center css-1w4dp4c\"><span dir=\"auto\">Esta versi\u00f3n se dirige a pilotos que buscan un retorno m\u00e1s directo de la carretera y un comportamiento m\u00e1s firme, sin perder la accesibilidad caracter\u00edstica de la gama XP6.<\/span><\/p>\n<\/div>\n<\/div>\n<\/div>\n<\/div>\n<\/div>\n<div class=\"MuiBox-root css-mmst5v\">\n<div class=\"MuiBox-root css-sjudcl\">\n<div class=\"MuiBox-root css-1jsrn06\">\n<div class=\"MuiBox-root css-18dlx3w\"><img src=\"https:\/\/static.peugeot-motocycles.fr\/files\/pages\/697c9383c904e229282552.png\" alt=\"Dos versiones, una misma filosof\u00eda.\" \/><\/div>\n<div class=\"MuiBox-root css-1mkqtq9\">\n<h2 class=\"MuiTypography-root MuiTypography-h2 css-vhf72s\"><span dir=\"auto\">Dos versiones, una misma filosof\u00eda.<\/span><\/h2>\n<div class=\"MuiBox-root css-0\">\n<p class=\"MuiTypography-root MuiTypography-body1 ql-align-center css-1w4dp4c\"><span dir=\"auto\">XP6 Supermotard y XP6 Supermotard R comparten el mismo ADN:<\/span><\/p>\n<div class=\"MuiBox-root css-o9hh3a\"><\/div>\n<ul class=\"MuiBox-root css-mnimh5\">\n<li class=\"MuiBox-root css-at7a4w\">\n<p class=\"MuiTypography-root MuiTypography-body1 css-1bufx2e\"><span dir=\"auto\">Una caja de cambios de 50 cm\u00b3 orientada a las sensaciones.<\/span><\/p>\n<\/li>\n<li class=\"MuiBox-root css-at7a4w\">\n<p class=\"MuiTypography-root MuiTypography-body1 css-1bufx2e\"><span dir=\"auto\">Un comportamiento en carretera preciso y coherente<\/span><\/p>\n<\/li>\n<li class=\"MuiBox-root css-at7a4w\">\n<p class=\"MuiTypography-root MuiTypography-body1 css-1bufx2e\"><span dir=\"auto\">Un estilo asumido<\/span><\/p>\n<\/li>\n<\/ul>\n<p class=\"MuiTypography-root MuiTypography-body1 ql-align-center css-1w4dp4c\"><span dir=\"auto\">La elecci\u00f3n entre Supermotard y Supermotard R se hace seg\u00fan el nivel de precisi\u00f3n y sensaci\u00f3n que buscas.<\/span><\/p>\n<\/div>\n<\/div>\n<\/div>\n<\/div>\n<\/div>\n<div class=\"MuiBox-root css-mmst5v\">\n<div class=\"MuiBox-root css-sjudcl\">\n<div class=\"MuiBox-root css-1qirwdy\">\n<div class=\"MuiBox-root css-18dlx3w\"><img src=\"https:\/\/static.peugeot-motocycles.fr\/files\/pages\/697c937a1fd3e845822000.png\" alt=\"Lo esencial a recordar:\" \/><\/div>\n<div class=\"MuiBox-root css-1mkqtq9\">\n<h2 class=\"MuiTypography-root MuiTypography-h2 css-vhf72s\"><span dir=\"auto\">Lo esencial a recordar:<\/span><\/h2>\n<div class=\"MuiBox-root css-0\">\n<ul class=\"MuiBox-root css-mnimh5\">\n<li class=\"MuiBox-root css-at7a4w\">\n<p class=\"MuiTypography-root MuiTypography-body1 css-1bufx2e\"><span dir=\"auto\">Motor 2T Minarelli AM6<\/span><\/p>\n<\/li>\n<li class=\"MuiBox-root css-at7a4w\">\n<p class=\"MuiTypography-root MuiTypography-body1 css-1bufx2e\"><span dir=\"auto\">Carburador Dell&#8217;Orto PHBN 16<\/span><\/p>\n<\/li>\n<li class=\"MuiBox-root css-at7a4w\">\n<p class=\"MuiTypography-root MuiTypography-body1 css-1bufx2e\"><span dir=\"auto\">Caja de cambios de 6 velocidades.<\/span><\/p>\n<\/li>\n<li class=\"MuiBox-root css-at7a4w\">\n<p class=\"MuiTypography-root MuiTypography-body1 css-1bufx2e\"><span dir=\"auto\">Refrigeraci\u00f3n l\u00edquida<\/span><\/p>\n<\/li>\n<li class=\"MuiBox-root css-at7a4w\">\n<p class=\"MuiTypography-root MuiTypography-body1 css-1bufx2e\"><span dir=\"auto\">Comportamiento orientado carretera y pilotaje<\/span><\/p>\n<\/li>\n<li class=\"MuiBox-root css-at7a4w\">\n<p class=\"MuiTypography-root MuiTypography-body1 css-1bufx2e\"><span dir=\"auto\">Dos versiones: Supermotard y Supermotard R<\/span><\/p>\n<\/li>\n<li class=\"MuiBox-root css-at7a4w\">\n<p class=\"MuiTypography-root MuiTypography-body1 css-1bufx2e\"><span dir=\"auto\">Fabricada en Francia<\/span><\/p>\n<\/li>\n<\/ul>\n<\/div>\n<\/div>\n<\/div>\n<\/div>\n<\/div>\n","protected":false},"excerpt":{"rendered":"<p>Gama XP6 SUPERMOTARD, dedicada al placer en carretera XP6 Supermotard se dirige a pilotos que circulan principalmente por asfalto, en busca de una moto viva, f\u00e1cil de manejar y con diversi\u00f3n al pilotar. Representa una moto \u00e1gil y precisa, ideal para descubrir la conducci\u00f3n de una moto con caja de cambios al pie, dise\u00f1ada para [&hellip;]<\/p>\n","protected":false},"featured_media":24446,"template":"","meta":{"_et_pb_use_builder":"","_et_pb_old_content":"","_et_gb_content_width":""},"product_cat":[214,129,151],"product_tag":[],"_links":{"self":[{"href":"https:\/\/difrenos.com\/index.php\/wp-json\/wp\/v2\/product\/24442"}],"collection":[{"href":"https:\/\/difrenos.com\/index.php\/wp-json\/wp\/v2\/product"}],"about":[{"href":"https:\/\/difrenos.com\/index.php\/wp-json\/wp\/v2\/types\/product"}],"wp:featuredmedia":[{"embeddable":true,"href":"https:\/\/difrenos.com\/index.php\/wp-json\/wp\/v2\/media\/24446"}],"wp:attachment":[{"href":"https:\/\/difrenos.com\/index.php\/wp-json\/wp\/v2\/media?parent=24442"}],"wp:term":[{"taxonomy":"product_cat","embeddable":true,"href":"https:\/\/difrenos.com\/index.php\/wp-json\/wp\/v2\/product_cat?post=24442"},{"taxonomy":"product_tag","embeddable":true,"href":"https:\/\/difrenos.com\/index.php\/wp-json\/wp\/v2\/product_tag?post=24442"}],"curies":[{"name":"wp","href":"https:\/\/api.w.org\/{rel}","templated":true}]}}