{"id":24430,"date":"2026-03-06T14:54:55","date_gmt":"2026-03-06T14:54:55","guid":{"rendered":"https:\/\/difrenos.com\/?post_type=product&#038;p=24430"},"modified":"2026-03-06T14:56:14","modified_gmt":"2026-03-06T14:56:14","slug":"peugeot-pulsion-evo-125cc-abs-2026","status":"publish","type":"product","link":"https:\/\/difrenos.com\/index.php\/producto\/peugeot-pulsion-evo-125cc-abs-2026\/","title":{"rendered":"PEUGEOT PULSION EVO 125cc ABS 2026"},"content":{"rendered":"<div class=\"MuiBox-root css-mmst5v\">\n<div class=\"MuiBox-root css-1a6tu2m\">\n<div class=\"MuiBox-root css-q79amm\">\n<div class=\"MuiBox-root css-6oy7ir\">\n<h2 class=\"MuiTypography-root MuiTypography-h2 css-o2yby3\"><\/h2>\n<h2 class=\"MuiTypography-root MuiTypography-h2 css-o2yby3\"><span dir=\"auto\">Pulsi\u00f3n EVO<\/span><\/h2>\n<p class=\"MuiTypography-root MuiTypography-body2 css-1pzb0fc\"><span dir=\"auto\">Desde\u00a0<\/span><span class=\"MuiTypography-root MuiTypography-body2 css-o1ixxg\"><span dir=\"auto\">79 \u20ac<\/span><\/span><span dir=\"auto\">\u00a0\/Mes<\/span><\/p>\n<\/div>\n<\/div>\n<\/div>\n<\/div>\n<div class=\"MuiBox-root css-mmst5v\">\n<div class=\"MuiBox-root css-sjudcl\">\n<h3 class=\"MuiTypography-root MuiTypography-h3 css-3q766e\"><span dir=\"auto\">Pulsi\u00f3n EVO<\/span><\/h3>\n<div class=\"MuiBox-root css-1qirwdy\">\n<div class=\"MuiBox-root css-18dlx3w\"><img src=\"https:\/\/static.peugeot-motocycles.fr\/files\/pages\/6972701358a1d694382019.png\" alt=\"Pulsi\u00f3n EVO\" \/><\/div>\n<div class=\"MuiBox-root css-18dlx3w\">\n<div class=\"MuiBox-root css-0\">\n<p class=\"MuiTypography-root MuiTypography-body1 ql-align-center css-1w4dp4c\"><span class=\"MuiTypography-root MuiTypography-body1 css-7oc9o7\"><span dir=\"auto\">Pulsion EVO<\/span><\/span><span dir=\"auto\">\u00a0, el nuevo scooter\u00a0<\/span><span class=\"MuiTypography-root MuiTypography-body1 css-7oc9o7\"><span dir=\"auto\">GT compacto 125<\/span><\/span><span dir=\"auto\">\u00a0de\u00a0<\/span><span class=\"MuiTypography-root MuiTypography-body1 css-7oc9o7\"><span dir=\"auto\">Peugeot Motocycles<\/span><\/span><span dir=\"auto\">\u00a0.<\/span><\/p>\n<p class=\"MuiTypography-root MuiTypography-body1 ql-align-center css-1w4dp4c\"><span dir=\"auto\">Dise\u00f1ado tanto para la ciudad como para los trayectos periurbanos, combina agilidad, estabilidad y comodidad en un formato compacto y f\u00e1cil de manejar.<\/span><\/p>\n<p class=\"MuiTypography-root MuiTypography-body1 ql-align-center css-1w4dp4c\"><span dir=\"auto\">Gracias a su tama\u00f1o optimizado, el Pulsion EVO se mueve con soltura en el tr\u00e1fico y ofrece una aut\u00e9ntica sensaci\u00f3n de seguridad en v\u00edas m\u00e1s r\u00e1pidas. Su posici\u00f3n de conducci\u00f3n c\u00f3moda, su estabilidad tranquilizadora y sus equipamientos pensados \u200b\u200bpara el uso diario lo convierten en un scooter equilibrado, adecuado tanto para trayectos en solitario como para desplazamientos en d\u00fao.<\/span><\/p>\n<p class=\"MuiTypography-root MuiTypography-body1 ql-align-center css-1w4dp4c\"><span dir=\"auto\">Pulsion EVO encarna el esp\u00edritu del GT compacto: una experiencia de conducci\u00f3n fluida y pr\u00e1ctica, sin renunciar al confort ni a la seguridad.<\/span><\/p>\n<\/div>\n<\/div>\n<\/div>\n<\/div>\n<\/div>\n<div class=\"MuiBox-root css-mmst5v\">\n<div class=\"MuiBox-root css-sjudcl\">\n<h3 class=\"MuiTypography-root MuiTypography-h3 css-3q766e\"><span dir=\"auto\">EXTENSI\u00d3N DE GARANT\u00cdA 4 A\u00d1OS<\/span><\/h3>\n<div class=\"MuiBox-root css-1jsrn06\">\n<div class=\"MuiBox-root css-18dlx3w\"><img src=\"https:\/\/static.peugeot-motocycles.fr\/files\/pages\/697a19f63eb4b489740755.png\" alt=\"EXTENSI\u00d3N DE GARANT\u00cdA 4 A\u00d1OS\" \/><\/div>\n<div class=\"MuiBox-root css-18dlx3w\">\n<div class=\"MuiBox-root css-0\">\n<p class=\"MuiTypography-root MuiTypography-body1 ql-align-justify css-1w4dp4c\"><span class=\"MuiTypography-root MuiTypography-body1 css-ypmk4v\"><span dir=\"auto\">Tu scooter o moto Peugeot Motocycles Groupe* te acompa\u00f1a cada d\u00eda. Para ofrecerte una experiencia a\u00fan m\u00e1s duradera y con total confianza, Peugeot Motocycles Groupe* ampl\u00eda la garant\u00eda del fabricante hasta\u00a0\u00a0<\/span><\/span><span class=\"MuiTypography-root MuiTypography-body1 css-1tp8h69\"><span dir=\"auto\">4 a\u00f1os o 60.000 km (lo que antes suceda)\u00a0<\/span><\/span><span class=\"MuiTypography-root MuiTypography-body1 css-ypmk4v\"><span dir=\"auto\">\u00a0para todos los veh\u00edculos de las categor\u00edas 125 cm\u00b3, Maxiscooter, Motocicletas y 3-ruedas, vendidos nuevos por la red oficial de concesionarios en Espa\u00f1a a del 1 de enero de 2026.<\/span><\/span><\/p>\n<\/div>\n<div class=\"MuiBox-root css-bdya1m\"><\/div>\n<\/div>\n<\/div>\n<\/div>\n<\/div>\n<div class=\"MuiBox-root css-mmst5v\">\n<div class=\"MuiBox-root css-sjudcl\">\n<div class=\"MuiBox-root css-1luuwmq\">\n<div class=\"responsive-video\"><iframe loading=\"lazy\" title=\"Descubre el nuevo Pulsion Evo de Peugeot Motocycles\" src=\"https:\/\/www.youtube.com\/embed\/jDBLbYTWFnk?si=F-FEx31bgLLjC4fo\" width=\"560\" height=\"315\" frameborder=\"0\" allowfullscreen=\"allowfullscreen\" data-mce-fragment=\"1\"><\/iframe><\/div>\n<\/div>\n<\/div>\n<\/div>\n<div class=\"MuiBox-root css-mmst5v\">\n<div class=\"MuiBox-root css-sjudcl\">\n<div class=\"MuiBox-root css-1qirwdy\">\n<div class=\"MuiBox-root css-18dlx3w\"><img src=\"https:\/\/static.peugeot-motocycles.fr\/files\/pages\/696dfff19ed14382458973.png\" alt=\"El esp\u00edritu GT compacto\" \/><\/div>\n<div class=\"MuiBox-root css-1mkqtq9\">\n<h2 class=\"MuiTypography-root MuiTypography-h2 css-vhf72s\"><span dir=\"auto\">El esp\u00edritu GT compacto<\/span><\/h2>\n<div class=\"MuiBox-root css-0\">\n<p class=\"MuiTypography-root MuiTypography-body1 ql-align-center css-1w4dp4c\"><span dir=\"auto\">Un formato controlado, pensado para un uso polivalente.<\/span><\/p>\n<div class=\"MuiBox-root css-o9hh3a\"><\/div>\n<p class=\"MuiTypography-root MuiTypography-body1 ql-align-center css-1w4dp4c\"><span dir=\"auto\">Pulsion EVO ha sido dise\u00f1ado como un verdadero GT compacto para ofrecer un equilibrio preciso entre agilidad urbana y comodidad de conducci\u00f3n. Su formato compacto facilita los desplazamientos diarios \u2014tr\u00e1fico denso, maniobras, estacionamiento\u2014 mientras que su chasis y geometr\u00eda aportan una sensaci\u00f3n inmediata de estabilidad y maestr\u00eda. Esta aproximaci\u00f3n permite pasar naturalmente de un uso urbano a trayectos m\u00e1s r\u00e1pidos, sin cambiar h\u00e1bitos ni comodidad de conducci\u00f3n. Pulsion EVO se adapta al ritmo del d\u00eda, del centro ciudad a los ejes perif\u00e9ricos.<\/span><\/p>\n<\/div>\n<\/div>\n<\/div>\n<\/div>\n<\/div>\n<div class=\"MuiBox-root css-mmst5v\">\n<div class=\"MuiBox-root css-sjudcl\">\n<div class=\"MuiBox-root css-5uxyq9\">\n<h6 class=\"MuiTypography-root MuiTypography-h6 css-197ijkw\"><span dir=\"auto\">Motor y prestaciones<\/span><\/h6>\n<div class=\"MuiBox-root css-0\"><span class=\"MuiTypography-root MuiTypography-body3 ql-align-center css-1k2pwwr\"><span dir=\"auto\">Su motor 125 cm\u00b3 desarroll\u00f3 9,9 kW entrega aceleraciones progresivas y recuperaciones contundentes, perfectamente adaptadas a las condiciones de circulaci\u00f3n. La respuesta del motor permite insertarse f\u00e1cilmente en el tr\u00e1fico, adelantar con confianza y mantener un ritmo regular en los grandes ejes. El nuevo Pulsion EVO aborda las v\u00edas r\u00e1pidas con serenidad, en solitario como en d\u00fao, conservando una conducci\u00f3n fluida y accesible.<\/span><\/span><\/div>\n<\/div>\n<\/div>\n<\/div>\n<div class=\"MuiBox-root css-mmst5v\">\n<div class=\"MuiBox-root css-sjudcl\">\n<div class=\"MuiBox-root css-1jsrn06\">\n<div class=\"MuiBox-root css-18dlx3w\"><img src=\"https:\/\/static.peugeot-motocycles.fr\/files\/pages\/696e00274647c334461811.png\" alt=\"Dise\u00f1o con calidad percibida\" \/><\/div>\n<div class=\"MuiBox-root css-1mkqtq9\">\n<h2 class=\"MuiTypography-root MuiTypography-h2 css-vhf72s\"><span dir=\"auto\">Dise\u00f1o con calidad percibida<\/span><\/h2>\n<div class=\"MuiBox-root css-0\">\n<p class=\"MuiTypography-root MuiTypography-body1 ql-align-center css-1w4dp4c\"><span dir=\"auto\">Una identidad GT legible y duradera.<\/span><\/p>\n<p class=\"MuiTypography-root MuiTypography-body1 ql-align-center css-1w4dp4c\"><span dir=\"auto\">Las l\u00edneas tensas, la silueta compacta y la firma luminosa inspirada en el ADN Peugeot afirman una identidad clara y coherente. El dise\u00f1o acompa\u00f1a el uso: valora el scooter mientras sirve plenamente al uso diario y su facilidad de manejo. La calidad de acabados y ensamblajes refuerza la sensaci\u00f3n de seriedad y confiabilidad, desde los primeros kil\u00f3metros y a largo plazo.<\/span><\/p>\n<\/div>\n<\/div>\n<\/div>\n<\/div>\n<\/div>\n<div class=\"MuiBox-root css-qqz97b\">\n<div class=\"MuiBox-root css-1uv1f98\"><\/div>\n<\/div>\n<div class=\"MuiBox-root css-ri6iku\">\n<div class=\"MuiBox-root css-rhxvrd\">\n<h3 class=\"MuiTypography-root MuiTypography-h3 css-1npg5jr\"><\/h3>\n<div class=\"MuiBox-root css-3iweig\">\n<div class=\"MuiBox-root css-ijomr3\"><\/div>\n<\/div>\n<\/div>\n<\/div>\n","protected":false},"excerpt":{"rendered":"<p>Pulsi\u00f3n EVO Desde\u00a079 \u20ac\u00a0\/Mes Pulsi\u00f3n EVO Pulsion EVO\u00a0, el nuevo scooter\u00a0GT compacto 125\u00a0de\u00a0Peugeot Motocycles\u00a0. Dise\u00f1ado tanto para la ciudad como para los trayectos periurbanos, combina agilidad, estabilidad y comodidad en un formato compacto y f\u00e1cil de manejar. Gracias a su tama\u00f1o optimizado, el Pulsion EVO se mueve con soltura en el tr\u00e1fico y ofrece una [&hellip;]<\/p>\n","protected":false},"featured_media":24433,"template":"","meta":{"_et_pb_use_builder":"","_et_pb_old_content":"","_et_gb_content_width":""},"product_cat":[213,129,151],"product_tag":[],"_links":{"self":[{"href":"https:\/\/difrenos.com\/index.php\/wp-json\/wp\/v2\/product\/24430"}],"collection":[{"href":"https:\/\/difrenos.com\/index.php\/wp-json\/wp\/v2\/product"}],"about":[{"href":"https:\/\/difrenos.com\/index.php\/wp-json\/wp\/v2\/types\/product"}],"wp:featuredmedia":[{"embeddable":true,"href":"https:\/\/difrenos.com\/index.php\/wp-json\/wp\/v2\/media\/24433"}],"wp:attachment":[{"href":"https:\/\/difrenos.com\/index.php\/wp-json\/wp\/v2\/media?parent=24430"}],"wp:term":[{"taxonomy":"product_cat","embeddable":true,"href":"https:\/\/difrenos.com\/index.php\/wp-json\/wp\/v2\/product_cat?post=24430"},{"taxonomy":"product_tag","embeddable":true,"href":"https:\/\/difrenos.com\/index.php\/wp-json\/wp\/v2\/product_tag?post=24430"}],"curies":[{"name":"wp","href":"https:\/\/api.w.org\/{rel}","templated":true}]}}