{"id":24408,"date":"2026-03-05T13:51:23","date_gmt":"2026-03-05T13:51:23","guid":{"rendered":"https:\/\/difrenos.com\/?post_type=product&#038;p=24408"},"modified":"2026-03-05T13:51:24","modified_gmt":"2026-03-05T13:51:24","slug":"ktm-factory-team-cinturon-con-hebilla-metalica","status":"publish","type":"product","link":"https:\/\/difrenos.com\/index.php\/producto\/ktm-factory-team-cinturon-con-hebilla-metalica\/","title":{"rendered":"KTM Factory Team &#8211; Cintur\u00f3n con hebilla met\u00e1lica"},"content":{"rendered":"<ul class=\"a-unordered-list a-vertical a-spacing-small\">\n<li><span class=\"a-list-item a-size-base a-color-base\">Cintur\u00f3n KTM con hebilla de metal en estilo vaquero<\/span><\/li>\n<li><span class=\"a-list-item a-size-base a-color-base\">Pr\u00e1ctico cierre r\u00e1pido con logotipo de KTM grabado (hebilla de metal)<\/span><\/li>\n<li><span class=\"a-list-item a-size-base a-color-base\">Longitud variable hasta 125 cm<\/span><\/li>\n<li><span class=\"a-list-item a-size-base a-color-base\">Material: 100% algod\u00f3n<\/span><\/li>\n<\/ul>\n","protected":false},"excerpt":{"rendered":"<p>Cintur\u00f3n KTM con hebilla de metal en estilo vaquero Pr\u00e1ctico cierre r\u00e1pido con logotipo de KTM grabado (hebilla de metal) Longitud variable hasta 125 cm Material: 100% algod\u00f3n<\/p>\n","protected":false},"featured_media":24409,"template":"","meta":{"_et_pb_use_builder":"","_et_pb_old_content":"","_et_gb_content_width":""},"product_cat":[215,33,702,363,290],"product_tag":[],"_links":{"self":[{"href":"https:\/\/difrenos.com\/index.php\/wp-json\/wp\/v2\/product\/24408"}],"collection":[{"href":"https:\/\/difrenos.com\/index.php\/wp-json\/wp\/v2\/product"}],"about":[{"href":"https:\/\/difrenos.com\/index.php\/wp-json\/wp\/v2\/types\/product"}],"wp:featuredmedia":[{"embeddable":true,"href":"https:\/\/difrenos.com\/index.php\/wp-json\/wp\/v2\/media\/24409"}],"wp:attachment":[{"href":"https:\/\/difrenos.com\/index.php\/wp-json\/wp\/v2\/media?parent=24408"}],"wp:term":[{"taxonomy":"product_cat","embeddable":true,"href":"https:\/\/difrenos.com\/index.php\/wp-json\/wp\/v2\/product_cat?post=24408"},{"taxonomy":"product_tag","embeddable":true,"href":"https:\/\/difrenos.com\/index.php\/wp-json\/wp\/v2\/product_tag?post=24408"}],"curies":[{"name":"wp","href":"https:\/\/api.w.org\/{rel}","templated":true}]}}