{"id":24386,"date":"2026-03-04T13:22:35","date_gmt":"2026-03-04T13:22:35","guid":{"rendered":"https:\/\/difrenos.com\/?post_type=product&#038;p=24386"},"modified":"2026-03-04T13:31:46","modified_gmt":"2026-03-04T13:31:46","slug":"filtro-de-aceite-con-cartucho-interno-athena-honda-crf-300-rx-2019-2020","status":"publish","type":"product","link":"https:\/\/difrenos.com\/index.php\/producto\/filtro-de-aceite-con-cartucho-interno-athena-honda-crf-300-rx-2019-2020\/","title":{"rendered":"Filtro De Aceite Con Cartucho Interno Athena Honda Crf 300 Rx (2019-2020)"},"content":{"rendered":"<h3>Ref. FFC007<\/h3>\n<h3>Filtros de Aceite Athena<\/h3>\n<p>Mant\u00e9n tu motor funcionando sin problemas con los filtros de aceite Athena. Dise\u00f1ados para cumplir con los m\u00e1s altos est\u00e1ndares de calidad y rendimiento, nuestros filtros de aceite Athena est\u00e1n dise\u00f1ados para eliminar eficazmente contaminantes y residuos del aceite de tu motor, garantizando una lubricaci\u00f3n \u00f3ptima y protecci\u00f3n para los componentes del motor. Ya sea que est\u00e9s realizando un mantenimiento de rutina o buscando mejorar la longevidad de tu motor, los filtros de aceite Athena ofrecen una filtraci\u00f3n confiable y tranquilidad. Conf\u00eda en Athena para mantener tu motor funcionando fuerte kil\u00f3metro tras kil\u00f3metro.<\/p>\n<p><b>Caracteristicas<\/b><\/p>\n<ul>\n<li>\u2022\u00a0<b>Di\u00e1metro exterior (mm):<\/b>\u00a038<\/li>\n<li>\u2022\u00a0<b>Tipo:<\/b>\u00a0Cartucho Interno<\/li>\n<li>\u2022\u00a0<b>Altura (mm):<\/b>\u00a035.5<\/li>\n<li>\u2022\u00a0<b>L\u00ednea:<\/b>\u00a0Enduro<\/li>\n<\/ul>\n","protected":false},"excerpt":{"rendered":"<p>Ref. FFC007 Filtros de Aceite Athena Mant\u00e9n tu motor funcionando sin problemas con los filtros de aceite Athena. Dise\u00f1ados para cumplir con los m\u00e1s altos est\u00e1ndares de calidad y rendimiento, nuestros filtros de aceite Athena est\u00e1n dise\u00f1ados para eliminar eficazmente contaminantes y residuos del aceite de tu motor, garantizando una lubricaci\u00f3n \u00f3ptima y protecci\u00f3n para [&hellip;]<\/p>\n","protected":false},"featured_media":24387,"template":"","meta":{"_et_pb_use_builder":"","_et_pb_old_content":"","_et_gb_content_width":""},"product_cat":[800,170],"product_tag":[935,937,936],"_links":{"self":[{"href":"https:\/\/difrenos.com\/index.php\/wp-json\/wp\/v2\/product\/24386"}],"collection":[{"href":"https:\/\/difrenos.com\/index.php\/wp-json\/wp\/v2\/product"}],"about":[{"href":"https:\/\/difrenos.com\/index.php\/wp-json\/wp\/v2\/types\/product"}],"wp:featuredmedia":[{"embeddable":true,"href":"https:\/\/difrenos.com\/index.php\/wp-json\/wp\/v2\/media\/24387"}],"wp:attachment":[{"href":"https:\/\/difrenos.com\/index.php\/wp-json\/wp\/v2\/media?parent=24386"}],"wp:term":[{"taxonomy":"product_cat","embeddable":true,"href":"https:\/\/difrenos.com\/index.php\/wp-json\/wp\/v2\/product_cat?post=24386"},{"taxonomy":"product_tag","embeddable":true,"href":"https:\/\/difrenos.com\/index.php\/wp-json\/wp\/v2\/product_tag?post=24386"}],"curies":[{"name":"wp","href":"https:\/\/api.w.org\/{rel}","templated":true}]}}