{"id":24384,"date":"2026-03-04T13:19:15","date_gmt":"2026-03-04T13:19:15","guid":{"rendered":"https:\/\/difrenos.com\/?post_type=product&#038;p=24384"},"modified":"2026-03-04T13:31:23","modified_gmt":"2026-03-04T13:31:23","slug":"filtro-de-aire-off-road-athena-honda-crf-450-r-2021-2024","status":"publish","type":"product","link":"https:\/\/difrenos.com\/index.php\/producto\/filtro-de-aire-off-road-athena-honda-crf-450-r-2021-2024\/","title":{"rendered":"Filtro De Aire Off Road Athena Honda Crf 450 R (2021-2024)"},"content":{"rendered":"<p id=\"product_reference\"><label>Referencia:<\/label><span class=\"editable\">S410210200133<\/span><\/p>\n<h3>Filtro Athena<\/h3>\n<p>Los filtros de Athena es una pieza crucial para mantener la salud y el rendimiento \u00f3ptimo del motor de tu veh\u00edculo. Dise\u00f1ado con los m\u00e1s altos est\u00e1ndares de calidad, el filtro garantiza una filtraci\u00f3n eficiente y una protecci\u00f3n confiable del motor contra part\u00edculas da\u00f1inas. Ya sea que necesites filtrar el aire o el aceite, el filtro Athena est\u00e1 dise\u00f1ado para adaptarse a una variedad de veh\u00edculos y aplicaciones, brindando un rendimiento excepcional y una larga vida \u00fatil.<\/p>\n<div id=\"short_description_block\">\n<div class=\"comments_note\">\n<div class=\"star_content clearfix\"><\/div>\n<\/div>\n<\/div>\n","protected":false},"excerpt":{"rendered":"<p>Referencia:S410210200133 Filtro Athena Los filtros de Athena es una pieza crucial para mantener la salud y el rendimiento \u00f3ptimo del motor de tu veh\u00edculo. Dise\u00f1ado con los m\u00e1s altos est\u00e1ndares de calidad, el filtro garantiza una filtraci\u00f3n eficiente y una protecci\u00f3n confiable del motor contra part\u00edculas da\u00f1inas. Ya sea que necesites filtrar el aire o [&hellip;]<\/p>\n","protected":false},"featured_media":24385,"template":"","meta":{"_et_pb_use_builder":"","_et_pb_old_content":"","_et_gb_content_width":""},"product_cat":[800,170],"product_tag":[935,936],"_links":{"self":[{"href":"https:\/\/difrenos.com\/index.php\/wp-json\/wp\/v2\/product\/24384"}],"collection":[{"href":"https:\/\/difrenos.com\/index.php\/wp-json\/wp\/v2\/product"}],"about":[{"href":"https:\/\/difrenos.com\/index.php\/wp-json\/wp\/v2\/types\/product"}],"wp:featuredmedia":[{"embeddable":true,"href":"https:\/\/difrenos.com\/index.php\/wp-json\/wp\/v2\/media\/24385"}],"wp:attachment":[{"href":"https:\/\/difrenos.com\/index.php\/wp-json\/wp\/v2\/media?parent=24384"}],"wp:term":[{"taxonomy":"product_cat","embeddable":true,"href":"https:\/\/difrenos.com\/index.php\/wp-json\/wp\/v2\/product_cat?post=24384"},{"taxonomy":"product_tag","embeddable":true,"href":"https:\/\/difrenos.com\/index.php\/wp-json\/wp\/v2\/product_tag?post=24384"}],"curies":[{"name":"wp","href":"https:\/\/api.w.org\/{rel}","templated":true}]}}