{"id":24380,"date":"2026-03-04T12:22:39","date_gmt":"2026-03-04T12:22:39","guid":{"rendered":"https:\/\/difrenos.com\/?post_type=product&#038;p=24380"},"modified":"2026-04-22T07:17:00","modified_gmt":"2026-04-22T07:17:00","slug":"ponsa-t25-lote-2-cinchas-de-amarre-con-trinquete-25-mm","status":"publish","type":"product","link":"https:\/\/difrenos.com\/index.php\/producto\/ponsa-t25-lote-2-cinchas-de-amarre-con-trinquete-25-mm\/","title":{"rendered":"PONSA T25 &#8211; Lote 2 Cinchas de Amarre con trinquete 25 mm."},"content":{"rendered":"<table class=\"a-normal a-spacing-micro\" role=\"list\">\n<tbody>\n<tr class=\"a-spacing-small po-size\" role=\"listitem\">\n<td class=\"a-span3\" role=\"presentation\"><span class=\"a-size-base a-text-bold\">Tama\u00f1o<\/span><\/td>\n<td class=\"a-span9\" role=\"presentation\"><span class=\"a-size-base po-break-word\">3m x 25mm<\/span><\/td>\n<\/tr>\n<tr class=\"a-spacing-small po-material\" role=\"listitem\">\n<td class=\"a-span3\" role=\"presentation\"><span class=\"a-size-base a-text-bold\">Material<\/span><\/td>\n<td class=\"a-span9\" role=\"presentation\"><span class=\"a-size-base po-break-word\">Polipropileno<\/span><\/td>\n<\/tr>\n<tr class=\"a-spacing-small po-color\" role=\"listitem\">\n<td class=\"a-span3\" role=\"presentation\"><span class=\"a-size-base a-text-bold\">Color<\/span><\/td>\n<td class=\"a-span9\" role=\"presentation\"><span class=\"a-size-base po-break-word\">250 KG Arcoiris<\/span><\/td>\n<\/tr>\n<tr class=\"a-spacing-small po-brand\" role=\"listitem\">\n<td class=\"a-span3\" role=\"presentation\"><span class=\"a-size-base a-text-bold\">Marca<\/span><\/td>\n<td class=\"a-span9\" role=\"presentation\"><span class=\"a-size-base po-break-word\">PONSA<\/span><\/td>\n<\/tr>\n<tr class=\"a-spacing-small po-compatible_with_vehicle_type\" role=\"listitem\">\n<td class=\"a-span3\" role=\"presentation\"><span class=\"a-size-base a-text-bold\">Tipo de servicio del veh\u00edculo<\/span><\/td>\n<td class=\"a-span9\" role=\"presentation\"><span class=\"a-size-base po-break-word\">Bicicleta, Coche, Remolque<\/span><\/td>\n<\/tr>\n<tr class=\"a-spacing-small po-load_capacity\" role=\"listitem\">\n<td class=\"a-span3\" role=\"presentation\"><span class=\"a-size-base a-text-bold\">Capacidad de carga<\/span><\/td>\n<td class=\"a-span9\" role=\"presentation\"><span class=\"a-size-base po-break-word\">500 kg<\/span><\/td>\n<\/tr>\n<tr class=\"a-spacing-small po-fastener.material\" role=\"listitem\">\n<td class=\"a-span3\" role=\"presentation\"><span class=\"a-size-base a-text-bold\">Material de la fijaci\u00f3n<\/span><\/td>\n<td class=\"a-span9\" role=\"presentation\"><span class=\"a-size-base po-break-word\">Polipropileno<\/span><\/td>\n<\/tr>\n<tr class=\"a-spacing-small po-fastener.type\" role=\"listitem\">\n<td class=\"a-span3\" role=\"presentation\"><span class=\"a-size-base a-text-bold\">Tipo de fijaci\u00f3n<\/span><\/td>\n<td class=\"a-span9\" role=\"presentation\"><span class=\"a-size-base po-break-word\">Gancho y bucle<\/span><\/td>\n<\/tr>\n<tr class=\"a-spacing-small po-number_of_pieces\" role=\"listitem\">\n<td class=\"a-span3\" role=\"presentation\"><span class=\"a-size-base a-text-bold\">N\u00famero de piezas<\/span><\/td>\n<td class=\"a-span9\" role=\"presentation\"><span class=\"a-size-base po-break-word\">2<\/span><\/td>\n<\/tr>\n<tr class=\"a-spacing-small po-item_length_width\" role=\"listitem\">\n<td class=\"a-span3\" role=\"presentation\"><span class=\"a-size-base a-text-bold\">Dimensiones del producto<\/span><\/td>\n<td class=\"a-span9\" role=\"presentation\"><span class=\"a-size-base po-break-word\">3l. x 0,03an. metros<\/span><\/td>\n<\/tr>\n<\/tbody>\n<\/table>\n","protected":false},"excerpt":{"rendered":"<p>Tama\u00f1o 3m x 25mm Material Polipropileno Color 250 KG Arcoiris Marca PONSA Tipo de servicio del veh\u00edculo Bicicleta, Coche, Remolque Capacidad de carga 500 kg Material de la fijaci\u00f3n Polipropileno Tipo de fijaci\u00f3n Gancho y bucle N\u00famero de piezas 2 Dimensiones del producto 3l. x 0,03an. metros<\/p>\n","protected":false},"featured_media":24381,"template":"","meta":{"_et_pb_use_builder":"","_et_pb_old_content":"","_et_gb_content_width":""},"product_cat":[33,363,174],"product_tag":[888],"_links":{"self":[{"href":"https:\/\/difrenos.com\/index.php\/wp-json\/wp\/v2\/product\/24380"}],"collection":[{"href":"https:\/\/difrenos.com\/index.php\/wp-json\/wp\/v2\/product"}],"about":[{"href":"https:\/\/difrenos.com\/index.php\/wp-json\/wp\/v2\/types\/product"}],"wp:featuredmedia":[{"embeddable":true,"href":"https:\/\/difrenos.com\/index.php\/wp-json\/wp\/v2\/media\/24381"}],"wp:attachment":[{"href":"https:\/\/difrenos.com\/index.php\/wp-json\/wp\/v2\/media?parent=24380"}],"wp:term":[{"taxonomy":"product_cat","embeddable":true,"href":"https:\/\/difrenos.com\/index.php\/wp-json\/wp\/v2\/product_cat?post=24380"},{"taxonomy":"product_tag","embeddable":true,"href":"https:\/\/difrenos.com\/index.php\/wp-json\/wp\/v2\/product_tag?post=24380"}],"curies":[{"name":"wp","href":"https:\/\/api.w.org\/{rel}","templated":true}]}}