{"id":24298,"date":"2026-02-20T13:46:39","date_gmt":"2026-02-20T13:46:39","guid":{"rendered":"https:\/\/difrenos.com\/?post_type=product&#038;p=24298"},"modified":"2026-03-11T13:46:20","modified_gmt":"2026-03-11T13:46:20","slug":"peugeot-tweet-125-fl-abs","status":"publish","type":"product","link":"https:\/\/difrenos.com\/index.php\/producto\/peugeot-tweet-125-fl-abs\/","title":{"rendered":"PEUGEOT TWEET 125 FL ABS 2026"},"content":{"rendered":"<h2 class=\"MuiTypography-root MuiTypography-h2 css-vhf72s\"><span dir=\"auto\">PEUGEOT TWEET 125cc<\/span><\/h2>\n<div class=\"MuiBox-root css-0\">\n<p class=\"MuiTypography-root MuiTypography-body1 ql-align-center css-1w4dp4c\"><span class=\"MuiTypography-root MuiTypography-body1 css-x812bw\"><span dir=\"auto\">Peugeot Tweet es un scooter de rueda alta que destaca por su maniobrabilidad y su peso ligero. Gracias a sus dimensiones compactas, se desliza f\u00e1cilmente por la urbe all\u00e1 donde otros scooters se tienen que detener. Ofrece un confort y una seguridad \u00f3ptima, tanto para el conductor como para su pasajero.<\/span><\/span><\/p>\n<p>La nueva versi\u00f3n de Peugeot Tweet 125cc ha sido concebida para seducir a los urbanos en busca de un scooter de estilo din\u00e1mico y moderno. Con sus luces en forma de garras de le\u00f3n, se le reconoce f\u00e1cilmente e interpreta a la perfecci\u00f3n el ADN de la marca. Gracias a su abanico de colores, cada uno puede expresar su estilo mientras cumple con sus necesidades de desplazamiento.<\/p>\n<\/div>\n<div class=\"MuiBox-root css-3iweig\">\n<div class=\"MuiBox-root css-ijomr3\">Garant\u00eda de 3+1 a\u00f1o.<\/div>\n<\/div>\n<div class=\"MuiGrid-root MuiGrid-container css-1d3bbye\">\n<div class=\"MuiGrid-root MuiGrid-item MuiGrid-grid-xs-12 MuiGrid-grid-md-6 css-bv0gvu\">\n<p class=\"MuiTypography-root MuiTypography-body2 css-1pzb0fc\"><span dir=\"auto\">Homologaci\u00f3n\u00a0<\/span><span dir=\"auto\">:<\/span><span dir=\"auto\">L3e-A1<\/span><\/p>\n<\/div>\n<div class=\"MuiGrid-root MuiGrid-item MuiGrid-grid-xs-12 MuiGrid-grid-md-6 css-bv0gvu\">\n<p class=\"MuiTypography-root MuiTypography-body2 css-1pzb0fc\"><span dir=\"auto\">Transmisi\u00f3n CVT\u00a0<\/span><span dir=\"auto\">:<\/span><span dir=\"auto\">LW4CKA<\/span><\/p>\n<\/div>\n<div class=\"MuiGrid-root MuiGrid-item MuiGrid-grid-xs-12 MuiGrid-grid-md-6 css-bv0gvu\">\n<p class=\"MuiTypography-root MuiTypography-body2 css-1pzb0fc\"><span dir=\"auto\">Nombre del motor\u00a0<\/span><span dir=\"auto\">:<\/span><span dir=\"auto\">EasyMotion 125<\/span><\/p>\n<\/div>\n<div class=\"MuiGrid-root MuiGrid-item MuiGrid-grid-xs-12 MuiGrid-grid-md-6 css-bv0gvu\">\n<p class=\"MuiTypography-root MuiTypography-body2 css-1pzb0fc\"><span dir=\"auto\">Tipo de motor\u00a0<\/span><span dir=\"auto\">:<\/span><span dir=\"auto\">Monocil\u00edndrico de 4 tiempos<\/span><\/p>\n<\/div>\n<div class=\"MuiGrid-root MuiGrid-item MuiGrid-grid-xs-12 MuiGrid-grid-md-6 css-bv0gvu\">\n<p class=\"MuiTypography-root MuiTypography-body2 css-1pzb0fc\"><span dir=\"auto\">Alimentaci\u00f3n\u00a0<\/span><span dir=\"auto\">:<\/span><span dir=\"auto\">inyecci\u00f3n electr\u00f3nica<\/span><\/p>\n<\/div>\n<div class=\"MuiGrid-root MuiGrid-item MuiGrid-grid-xs-12 MuiGrid-grid-md-6 css-bv0gvu\">\n<p class=\"MuiTypography-root MuiTypography-body2 css-1pzb0fc\"><span dir=\"auto\">Di\u00e1metro x Carrera (mm x mm)\u00a0<\/span><span dir=\"auto\">:<\/span><span dir=\"auto\">52,4 x 57,8<\/span><\/p>\n<\/div>\n<div class=\"MuiGrid-root MuiGrid-item MuiGrid-grid-xs-12 MuiGrid-grid-md-6 css-bv0gvu\">\n<p class=\"MuiTypography-root MuiTypography-body2 css-1pzb0fc\"><span dir=\"auto\">Potencia m\u00e1xima (kW)\u00a0<\/span><span dir=\"auto\">:<\/span><span dir=\"auto\">8.4<\/span><\/p>\n<\/div>\n<div class=\"MuiGrid-root MuiGrid-item MuiGrid-grid-xs-12 MuiGrid-grid-md-6 css-bv0gvu\">\n<p class=\"MuiTypography-root MuiTypography-body2 css-1pzb0fc\"><span dir=\"auto\">Refrigeraci\u00f3n\u00a0<\/span><span dir=\"auto\">:<\/span><span dir=\"auto\">Aire<\/span><\/p>\n<\/div>\n<div class=\"MuiGrid-root MuiGrid-item MuiGrid-grid-xs-12 MuiGrid-grid-md-6 css-bv0gvu\">\n<p class=\"MuiTypography-root MuiTypography-body2 css-1pzb0fc\"><span dir=\"auto\">Potencia m\u00e1xima (hp)\u00a0<\/span><span dir=\"auto\">:<\/span><span dir=\"auto\">11.424<\/span><\/p>\n<\/div>\n<div class=\"MuiGrid-root MuiGrid-item MuiGrid-grid-xs-12 MuiGrid-grid-md-6 css-bv0gvu\">\n<p class=\"MuiTypography-root MuiTypography-body2 css-1pzb0fc\"><span dir=\"auto\">Potencia m\u00e1xima (rpm)\u00a0<\/span><span dir=\"auto\">:<\/span><span dir=\"auto\">8.500<\/span><\/p>\n<\/div>\n<div class=\"MuiGrid-root MuiGrid-item MuiGrid-grid-xs-12 MuiGrid-grid-md-6 css-bv0gvu\">\n<p class=\"MuiTypography-root MuiTypography-body2 css-1pzb0fc\"><span dir=\"auto\">Par m\u00e1ximo (Nm)\u00a0<\/span><span dir=\"auto\">:<\/span><span dir=\"auto\">10.3<\/span><\/p>\n<\/div>\n<div class=\"MuiGrid-root MuiGrid-item MuiGrid-grid-xs-12 MuiGrid-grid-md-6 css-bv0gvu\">\n<p class=\"MuiTypography-root MuiTypography-body2 css-1pzb0fc\"><span dir=\"auto\">Emisi\u00f3n de CO\u2082 (g\/km)\u00a0<\/span><span dir=\"auto\">:<\/span><span dir=\"auto\">56<\/span><\/p>\n<\/div>\n<div class=\"MuiGrid-root MuiGrid-item MuiGrid-grid-xs-12 MuiGrid-grid-md-6 css-bv0gvu\">\n<p class=\"MuiTypography-root MuiTypography-body2 css-1pzb0fc\"><span dir=\"auto\">Distribuci\u00f3n\u00a0<\/span><span dir=\"auto\">:<\/span><span dir=\"auto\">2 v\u00e1lvulas<\/span><\/p>\n<\/div>\n<div class=\"MuiGrid-root MuiGrid-item MuiGrid-grid-xs-12 MuiGrid-grid-md-6 css-bv0gvu\">\n<p class=\"MuiTypography-root MuiTypography-body2 css-1pzb0fc\"><span dir=\"auto\">Nivel sonoro (dB)\u00a0<\/span><span dir=\"auto\">:<\/span><span dir=\"auto\">74<\/span><\/p>\n<\/div>\n<div class=\"MuiGrid-root MuiGrid-item MuiGrid-grid-xs-12 MuiGrid-grid-md-6 css-bv0gvu\">\n<p class=\"MuiTypography-root MuiTypography-body2 css-1pzb0fc\"><span dir=\"auto\">Lubricaci\u00f3n\u00a0<\/span><span dir=\"auto\">:<\/span><span dir=\"auto\">sumidero mojado<\/span><\/p>\n<\/div>\n<div class=\"MuiGrid-root MuiGrid-item MuiGrid-grid-xs-12 MuiGrid-grid-md-6 css-bv0gvu\">\n<p class=\"MuiTypography-root MuiTypography-body2 css-1pzb0fc\"><span dir=\"auto\">Embrague\u00a0<\/span><span dir=\"auto\">:<\/span><span dir=\"auto\">centr\u00edfuga autom\u00e1tica<\/span><\/p>\n<\/div>\n<div class=\"MuiGrid-root MuiGrid-item MuiGrid-grid-xs-12 MuiGrid-grid-md-6 css-bv0gvu\">\n<p class=\"MuiTypography-root MuiTypography-body2 css-1pzb0fc\"><span dir=\"auto\">Arranque\u00a0<\/span><span dir=\"auto\">:<\/span><span dir=\"auto\">El\u00e9ctrico<\/span><\/p>\n<\/div>\n<div class=\"MuiGrid-root MuiGrid-item MuiGrid-grid-xs-12 MuiGrid-grid-md-6 css-bv0gvu\">\n<p class=\"MuiTypography-root MuiTypography-body2 css-1pzb0fc\"><span dir=\"auto\">Transmisi\u00f3n\u00a0<\/span><span dir=\"auto\">:<\/span><span dir=\"auto\">Por cintur\u00f3n<\/span><\/p>\n<\/div>\n<div class=\"MuiGrid-root MuiGrid-item MuiGrid-grid-xs-12 MuiGrid-grid-md-6 css-bv0gvu\">\n<p class=\"MuiTypography-root MuiTypography-body2 css-1pzb0fc\"><span dir=\"auto\">Autonom\u00eda (km)\u00a0<\/span><span dir=\"auto\">:<\/span><span dir=\"auto\">190<\/span><\/p>\n<\/div>\n<div class=\"MuiGrid-root MuiGrid-item MuiGrid-grid-xs-12 MuiGrid-grid-md-6 css-bv0gvu\">\n<p class=\"MuiTypography-root MuiTypography-body2 css-1pzb0fc\"><span dir=\"auto\">Dep\u00f3sito de gasolina (L)\u00a0<\/span><span dir=\"auto\">:<\/span><span dir=\"auto\">5.5<\/span><\/p>\n<\/div>\n<\/div>\n","protected":false},"excerpt":{"rendered":"<p>OFERTA VALIDA HASTA EL 30-03-2026, Y\/O FIN DE EXISTENCIAS, despu\u00e9s de esta fecha confirmar promoci\u00f3n<\/p>\n","protected":false},"featured_media":24299,"template":"","meta":{"_et_pb_use_builder":"","_et_pb_old_content":"","_et_gb_content_width":""},"product_cat":[213,129,151],"product_tag":[],"_links":{"self":[{"href":"https:\/\/difrenos.com\/index.php\/wp-json\/wp\/v2\/product\/24298"}],"collection":[{"href":"https:\/\/difrenos.com\/index.php\/wp-json\/wp\/v2\/product"}],"about":[{"href":"https:\/\/difrenos.com\/index.php\/wp-json\/wp\/v2\/types\/product"}],"wp:featuredmedia":[{"embeddable":true,"href":"https:\/\/difrenos.com\/index.php\/wp-json\/wp\/v2\/media\/24299"}],"wp:attachment":[{"href":"https:\/\/difrenos.com\/index.php\/wp-json\/wp\/v2\/media?parent=24298"}],"wp:term":[{"taxonomy":"product_cat","embeddable":true,"href":"https:\/\/difrenos.com\/index.php\/wp-json\/wp\/v2\/product_cat?post=24298"},{"taxonomy":"product_tag","embeddable":true,"href":"https:\/\/difrenos.com\/index.php\/wp-json\/wp\/v2\/product_tag?post=24298"}],"curies":[{"name":"wp","href":"https:\/\/api.w.org\/{rel}","templated":true}]}}