{"id":24231,"date":"2026-02-13T13:24:59","date_gmt":"2026-02-13T13:24:59","guid":{"rendered":"https:\/\/difrenos.com\/?post_type=product&#038;p=24231"},"modified":"2026-02-13T13:38:11","modified_gmt":"2026-02-13T13:38:11","slug":"culotte-ktm-con-tirantes-factory-line-race-bib","status":"publish","type":"product","link":"https:\/\/difrenos.com\/index.php\/producto\/culotte-ktm-con-tirantes-factory-line-race-bib\/","title":{"rendered":"Culotte Ktm con tirantes Factory Line Race Bib"},"content":{"rendered":"<p>Referencias:<br \/>\n659129060 Talla L<br \/>\n659129062 Talla XL<br \/>\n659129064 Talla XXL<\/p>\n<ul>\n<li>Material: 80% Poli\u00e1mida, 20% Elastano<\/li>\n<li>Transpirable de alta calidad \u00f3ptimo<\/li>\n<li>Ajuste ergon\u00f3mico<\/li>\n<\/ul>\n","protected":false},"excerpt":{"rendered":"<p>Referencias: 659129060 Talla L 659129062 Talla XL 659129064 Talla XXL Material: 80% Poli\u00e1mida, 20% Elastano Transpirable de alta calidad \u00f3ptimo Ajuste ergon\u00f3mico<\/p>\n","protected":false},"featured_media":24233,"template":"","meta":{"_et_pb_use_builder":"","_et_pb_old_content":"","_et_gb_content_width":""},"product_cat":[220,33,277],"product_tag":[925,120,148],"_links":{"self":[{"href":"https:\/\/difrenos.com\/index.php\/wp-json\/wp\/v2\/product\/24231"}],"collection":[{"href":"https:\/\/difrenos.com\/index.php\/wp-json\/wp\/v2\/product"}],"about":[{"href":"https:\/\/difrenos.com\/index.php\/wp-json\/wp\/v2\/types\/product"}],"wp:featuredmedia":[{"embeddable":true,"href":"https:\/\/difrenos.com\/index.php\/wp-json\/wp\/v2\/media\/24233"}],"wp:attachment":[{"href":"https:\/\/difrenos.com\/index.php\/wp-json\/wp\/v2\/media?parent=24231"}],"wp:term":[{"taxonomy":"product_cat","embeddable":true,"href":"https:\/\/difrenos.com\/index.php\/wp-json\/wp\/v2\/product_cat?post=24231"},{"taxonomy":"product_tag","embeddable":true,"href":"https:\/\/difrenos.com\/index.php\/wp-json\/wp\/v2\/product_tag?post=24231"}],"curies":[{"name":"wp","href":"https:\/\/api.w.org\/{rel}","templated":true}]}}