{"id":24178,"date":"2026-02-10T11:41:58","date_gmt":"2026-02-10T11:41:58","guid":{"rendered":"https:\/\/difrenos.com\/?post_type=product&#038;p=24178"},"modified":"2026-04-06T09:36:26","modified_gmt":"2026-04-06T09:36:26","slug":"mochila-husqvarna-erzberg-hydration","status":"publish","type":"product","link":"https:\/\/difrenos.com\/index.php\/producto\/mochila-husqvarna-erzberg-hydration\/","title":{"rendered":"Mochila Husqvarna Erzberg Hydratation"},"content":{"rendered":"<p>Referencia: 3HS1970200<\/p>\n<ul>\n<li>Capa fresca de tela aislante que mantiene el l\u00edquido fr\u00edo durante un 30 % m\u00e1s de tiempo<\/li>\n<li>Tama\u00f1o aprox. 28 x 24 x 2,5 cm<\/li>\n<li>Peso aprox. 0,4 kg<\/li>\n<li>Volumen aprox. 3 l<\/li>\n<li>Dise\u00f1o exclusivo de OGIO\u00ae para Husqvarna Motorcycles<\/li>\n<li>Incluye bolsa de 1 litro: pel\u00edcula de mPE\/EVA hecha a medida en EE. UU., con efecto antimicrobiano natural, sin BPA, sin sabor y sin olor<\/li>\n<li>Compartimento especial antiderrame para bolsa de hidrataci\u00f3n con correa de seguridad de velcro para mantener en su sitio la bolsa y la conexi\u00f3n del tubo<\/li>\n<li>100 % Poli\u00e9ster<\/li>\n<\/ul>\n","protected":false},"excerpt":{"rendered":"<p>Referencia: 3HS1970200 Capa fresca de tela aislante que mantiene el l\u00edquido fr\u00edo durante un 30 % m\u00e1s de tiempo Tama\u00f1o aprox. 28 x 24 x 2,5 cm Peso aprox. 0,4 kg Volumen aprox. 3 l Dise\u00f1o exclusivo de OGIO\u00ae para Husqvarna Motorcycles Incluye bolsa de 1 litro: pel\u00edcula de mPE\/EVA hecha a medida en EE. [&hellip;]<\/p>\n","protected":false},"featured_media":24179,"template":"","meta":{"_et_pb_use_builder":"","_et_pb_old_content":"","_et_gb_content_width":""},"product_cat":[706,215,33,701,273],"product_tag":[445,108],"_links":{"self":[{"href":"https:\/\/difrenos.com\/index.php\/wp-json\/wp\/v2\/product\/24178"}],"collection":[{"href":"https:\/\/difrenos.com\/index.php\/wp-json\/wp\/v2\/product"}],"about":[{"href":"https:\/\/difrenos.com\/index.php\/wp-json\/wp\/v2\/types\/product"}],"wp:featuredmedia":[{"embeddable":true,"href":"https:\/\/difrenos.com\/index.php\/wp-json\/wp\/v2\/media\/24179"}],"wp:attachment":[{"href":"https:\/\/difrenos.com\/index.php\/wp-json\/wp\/v2\/media?parent=24178"}],"wp:term":[{"taxonomy":"product_cat","embeddable":true,"href":"https:\/\/difrenos.com\/index.php\/wp-json\/wp\/v2\/product_cat?post=24178"},{"taxonomy":"product_tag","embeddable":true,"href":"https:\/\/difrenos.com\/index.php\/wp-json\/wp\/v2\/product_tag?post=24178"}],"curies":[{"name":"wp","href":"https:\/\/api.w.org\/{rel}","templated":true}]}}