{"id":24175,"date":"2026-02-10T10:52:12","date_gmt":"2026-02-10T10:52:12","guid":{"rendered":"https:\/\/difrenos.com\/?post_type=product&#038;p=24175"},"modified":"2026-03-06T11:06:23","modified_gmt":"2026-03-06T11:06:23","slug":"gafas-husqvarna-racecraft","status":"publish","type":"product","link":"https:\/\/difrenos.com\/index.php\/producto\/gafas-husqvarna-racecraft\/","title":{"rendered":"Gafas Husqvarna Racecraft+"},"content":{"rendered":"<p>Referencia: 3HS210031700<\/p>\n<ul>\n<li>Protecci\u00f3n nasal desmontable<\/li>\n<li>Gafas offroad profesionales de MX<\/li>\n<li>Cinta con franjas de silicona antideslizante<\/li>\n<li>Cristal de policarbonato inyectado con protecci\u00f3n efectiva contra UVA, UVB y UVC<\/li>\n<li>Recubrimiento antiara\u00f1azos<\/li>\n<li>Espuma de forro polar de cuatro capas<\/li>\n<li>Tecnolog\u00eda antivaho<\/li>\n<li>50 % Poliuretano \/ 25 % Poli\u00e9ster \/ 20 % Policarbonato \/ 5 % Silicona<\/li>\n<\/ul>\n","protected":false},"excerpt":{"rendered":"<p>Referencia: 3HS210031700 Protecci\u00f3n nasal desmontable Gafas offroad profesionales de MX Cinta con franjas de silicona antideslizante Cristal de policarbonato inyectado con protecci\u00f3n efectiva contra UVA, UVB y UVC Recubrimiento antiara\u00f1azos Espuma de forro polar de cuatro capas Tecnolog\u00eda antivaho 50 % Poliuretano \/ 25 % Poli\u00e9ster \/ 20 % Policarbonato \/ 5 % Silicona<\/p>\n","protected":false},"featured_media":24176,"template":"","meta":{"_et_pb_use_builder":"","_et_pb_old_content":"","_et_gb_content_width":""},"product_cat":[706,215,33,257,701],"product_tag":[445,108],"_links":{"self":[{"href":"https:\/\/difrenos.com\/index.php\/wp-json\/wp\/v2\/product\/24175"}],"collection":[{"href":"https:\/\/difrenos.com\/index.php\/wp-json\/wp\/v2\/product"}],"about":[{"href":"https:\/\/difrenos.com\/index.php\/wp-json\/wp\/v2\/types\/product"}],"wp:featuredmedia":[{"embeddable":true,"href":"https:\/\/difrenos.com\/index.php\/wp-json\/wp\/v2\/media\/24176"}],"wp:attachment":[{"href":"https:\/\/difrenos.com\/index.php\/wp-json\/wp\/v2\/media?parent=24175"}],"wp:term":[{"taxonomy":"product_cat","embeddable":true,"href":"https:\/\/difrenos.com\/index.php\/wp-json\/wp\/v2\/product_cat?post=24175"},{"taxonomy":"product_tag","embeddable":true,"href":"https:\/\/difrenos.com\/index.php\/wp-json\/wp\/v2\/product_tag?post=24175"}],"curies":[{"name":"wp","href":"https:\/\/api.w.org\/{rel}","templated":true}]}}