{"id":24167,"date":"2026-02-06T14:25:08","date_gmt":"2026-02-06T14:25:08","guid":{"rendered":"https:\/\/difrenos.com\/?post_type=product&#038;p=24167"},"modified":"2026-02-06T14:25:09","modified_gmt":"2026-02-06T14:25:09","slug":"calcetines-husqvarna-ebike-discover-3","status":"publish","type":"product","link":"https:\/\/difrenos.com\/index.php\/producto\/calcetines-husqvarna-ebike-discover-3\/","title":{"rendered":"Calcetines Husqvarna EBike Discover"},"content":{"rendered":"<p>Referencias:<br \/>\n3HB220017102 Talla S\/M 38-42<br \/>\n3HB220017104 Talla L\/XL 42-46<\/p>\n<ul>\n<li>Mezcla de hilos conductora de humedad<\/li>\n<li>Meryl\u00ae Skinlife contra ara\u00f1azos y olores<\/li>\n<li>Zona de tal\u00f3n y dedos reforzada<\/li>\n<li>Calado plano<\/li>\n<li>Apoyo anat\u00f3mico del arco de compresi\u00f3n<\/li>\n<li>Logotipo bordado<\/li>\n<li>Dise\u00f1o exclusivo de 100% para Husqvarna E-Bicycles<\/li>\n<li>88 % nylon \/ 6 % Meryl Skinlife \/ 4 % Lycra\u00ae \/ 2 % poli\u00e9ster<\/li>\n<\/ul>\n<p>&nbsp;<\/p>\n","protected":false},"excerpt":{"rendered":"<p>Referencias: 3HB220017102 Talla S\/M 38-42 3HB220017104 Talla L\/XL 42-46 Mezcla de hilos conductora de humedad Meryl\u00ae Skinlife contra ara\u00f1azos y olores Zona de tal\u00f3n y dedos reforzada Calado plano Apoyo anat\u00f3mico del arco de compresi\u00f3n Logotipo bordado Dise\u00f1o exclusivo de 100% para Husqvarna E-Bicycles 88 % nylon \/ 6 % Meryl Skinlife \/ 4 % [&hellip;]<\/p>\n","protected":false},"featured_media":24168,"template":"","meta":{"_et_pb_use_builder":"","_et_pb_old_content":"","_et_gb_content_width":""},"product_cat":[706,292,220,33,701],"product_tag":[445,66,108],"_links":{"self":[{"href":"https:\/\/difrenos.com\/index.php\/wp-json\/wp\/v2\/product\/24167"}],"collection":[{"href":"https:\/\/difrenos.com\/index.php\/wp-json\/wp\/v2\/product"}],"about":[{"href":"https:\/\/difrenos.com\/index.php\/wp-json\/wp\/v2\/types\/product"}],"wp:featuredmedia":[{"embeddable":true,"href":"https:\/\/difrenos.com\/index.php\/wp-json\/wp\/v2\/media\/24168"}],"wp:attachment":[{"href":"https:\/\/difrenos.com\/index.php\/wp-json\/wp\/v2\/media?parent=24167"}],"wp:term":[{"taxonomy":"product_cat","embeddable":true,"href":"https:\/\/difrenos.com\/index.php\/wp-json\/wp\/v2\/product_cat?post=24167"},{"taxonomy":"product_tag","embeddable":true,"href":"https:\/\/difrenos.com\/index.php\/wp-json\/wp\/v2\/product_tag?post=24167"}],"curies":[{"name":"wp","href":"https:\/\/api.w.org\/{rel}","templated":true}]}}