{"id":24161,"date":"2026-02-06T14:11:35","date_gmt":"2026-02-06T14:11:35","guid":{"rendered":"https:\/\/difrenos.com\/?post_type=product&#038;p=24161"},"modified":"2026-02-06T14:11:35","modified_gmt":"2026-02-06T14:11:35","slug":"calcetines-husqvarna-ebike-remote","status":"publish","type":"product","link":"https:\/\/difrenos.com\/index.php\/producto\/calcetines-husqvarna-ebike-remote\/","title":{"rendered":"Calcetines Husqvarna EBike Remote"},"content":{"rendered":"<p>Referencias:<br \/>\n9800000051 Talla S\/M<br \/>\n9800000052 Talla L\/XL<\/p>\n<ul>\n<li>Logotipo bordado<\/li>\n<li>Mezcla de hilos conductora de humedad<\/li>\n<li>Meryl\u00ae Skinlife contra ara\u00f1azos y olores<\/li>\n<li>Apoyo anat\u00f3mico del arco de compresi\u00f3n<\/li>\n<li>Zona de tal\u00f3n y dedos reforzada<\/li>\n<li>Tejido de red estrat\u00e9gico para la ventilaci\u00f3n<\/li>\n<li>Calado plano<\/li>\n<li>49 % Nylon \/ 46 % Polipropileno \/ 4 % Lycra\u00ae \/ 1 % Poli\u00e9ster<\/li>\n<\/ul>\n","protected":false},"excerpt":{"rendered":"<p>Referencias: 9800000051 Talla S\/M 9800000052 Talla L\/XL Logotipo bordado Mezcla de hilos conductora de humedad Meryl\u00ae Skinlife contra ara\u00f1azos y olores Apoyo anat\u00f3mico del arco de compresi\u00f3n Zona de tal\u00f3n y dedos reforzada Tejido de red estrat\u00e9gico para la ventilaci\u00f3n Calado plano 49 % Nylon \/ 46 % Polipropileno \/ 4 % Lycra\u00ae \/ 1 [&hellip;]<\/p>\n","protected":false},"featured_media":24162,"template":"","meta":{"_et_pb_use_builder":"","_et_pb_old_content":"","_et_gb_content_width":""},"product_cat":[706,292,220,33,701],"product_tag":[66,108],"_links":{"self":[{"href":"https:\/\/difrenos.com\/index.php\/wp-json\/wp\/v2\/product\/24161"}],"collection":[{"href":"https:\/\/difrenos.com\/index.php\/wp-json\/wp\/v2\/product"}],"about":[{"href":"https:\/\/difrenos.com\/index.php\/wp-json\/wp\/v2\/types\/product"}],"wp:featuredmedia":[{"embeddable":true,"href":"https:\/\/difrenos.com\/index.php\/wp-json\/wp\/v2\/media\/24162"}],"wp:attachment":[{"href":"https:\/\/difrenos.com\/index.php\/wp-json\/wp\/v2\/media?parent=24161"}],"wp:term":[{"taxonomy":"product_cat","embeddable":true,"href":"https:\/\/difrenos.com\/index.php\/wp-json\/wp\/v2\/product_cat?post=24161"},{"taxonomy":"product_tag","embeddable":true,"href":"https:\/\/difrenos.com\/index.php\/wp-json\/wp\/v2\/product_tag?post=24161"}],"curies":[{"name":"wp","href":"https:\/\/api.w.org\/{rel}","templated":true}]}}