{"id":24116,"date":"2026-02-05T11:51:03","date_gmt":"2026-02-05T11:51:03","guid":{"rendered":"https:\/\/difrenos.com\/?post_type=product&#038;p=24116"},"modified":"2026-02-05T12:08:45","modified_gmt":"2026-02-05T12:08:45","slug":"cubrecarter-acerbis-husqvarna-tc-125-2016-2018-color-negro","status":"publish","type":"product","link":"https:\/\/difrenos.com\/index.php\/producto\/cubrecarter-acerbis-husqvarna-tc-125-2016-2018-color-negro\/","title":{"rendered":"Cubrecarter Acerbis Husqvarna TC 125 (2016-2018) Color Negro"},"content":{"rendered":"<p>Marca: Acerbis<\/p>\n<p>Ref. 0022319.090<\/p>\n<p>CUBRECARTER ACERBIS DE PLASTICO<\/p>\n<ul>\n<li>Dise\u00f1ados para otorgar la mejor de las protecciones para el chasis y el motor de tu moto.<\/li>\n<li>Fabricado en polietileno pehd de 4 mm de espesor de una pieza.<\/li>\n<li>40 % m\u00e1s ligero que los fabricados en aluminio.<\/li>\n<li>Dise\u00f1ado para no romperse y no causar ninguna vibraci\u00f3n en la moto.<\/li>\n<\/ul>\n","protected":false},"excerpt":{"rendered":"<p>Marca: Acerbis Ref. 0022319.090 CUBRECARTER ACERBIS DE PLASTICO Dise\u00f1ados para otorgar la mejor de las protecciones para el chasis y el motor de tu moto. Fabricado en polietileno pehd de 4 mm de espesor de una pieza. 40 % m\u00e1s ligero que los fabricados en aluminio. Dise\u00f1ado para no romperse y no causar ninguna vibraci\u00f3n [&hellip;]<\/p>\n","protected":false},"featured_media":24117,"template":"","meta":{"_et_pb_use_builder":"","_et_pb_old_content":"","_et_gb_content_width":""},"product_cat":[789,170],"product_tag":[923],"_links":{"self":[{"href":"https:\/\/difrenos.com\/index.php\/wp-json\/wp\/v2\/product\/24116"}],"collection":[{"href":"https:\/\/difrenos.com\/index.php\/wp-json\/wp\/v2\/product"}],"about":[{"href":"https:\/\/difrenos.com\/index.php\/wp-json\/wp\/v2\/types\/product"}],"wp:featuredmedia":[{"embeddable":true,"href":"https:\/\/difrenos.com\/index.php\/wp-json\/wp\/v2\/media\/24117"}],"wp:attachment":[{"href":"https:\/\/difrenos.com\/index.php\/wp-json\/wp\/v2\/media?parent=24116"}],"wp:term":[{"taxonomy":"product_cat","embeddable":true,"href":"https:\/\/difrenos.com\/index.php\/wp-json\/wp\/v2\/product_cat?post=24116"},{"taxonomy":"product_tag","embeddable":true,"href":"https:\/\/difrenos.com\/index.php\/wp-json\/wp\/v2\/product_tag?post=24116"}],"curies":[{"name":"wp","href":"https:\/\/api.w.org\/{rel}","templated":true}]}}