{"id":24100,"date":"2026-02-05T11:18:41","date_gmt":"2026-02-05T11:18:41","guid":{"rendered":"https:\/\/difrenos.com\/?post_type=product&#038;p=24100"},"modified":"2026-02-05T12:09:10","modified_gmt":"2026-02-05T12:09:10","slug":"cubrecarter-acerbis-ktm-sx250-300-23-negro-0025755-090","status":"publish","type":"product","link":"https:\/\/difrenos.com\/index.php\/producto\/cubrecarter-acerbis-ktm-sx250-300-23-negro-0025755-090\/","title":{"rendered":"Cubrecarter Acerbis Husqvarna Te 250\/300 (2024-2026) Color Negro"},"content":{"rendered":"<p>Marca: Acerbis<\/p>\n<p>Ref. 0025755.090<\/p>\n<ul>\n<li>Submotor de \u00faltima generaci\u00f3n con aleta integrada.<\/li>\n<li>Aleta comoldeada dise\u00f1ada para proteger la articulaci\u00f3n del amortiguador de impactos, barro y arena.\u00a0Permite deslizarse f\u00e1cilmente sobre obst\u00e1culos naturales (gritos, piedras, troncos) asegurando una marcha suave.<\/li>\n<li>El dise\u00f1o garantiza el m\u00e1ximo agarre en el enlace.<\/li>\n<li>Grosor de 6 mm para m\u00e1xima protecci\u00f3n del bastidor y del motor.<\/li>\n<li>\u00c1reas de protecci\u00f3n ampliadas en los c\u00e1rteres laterales, bomba de agua y en las \u00e1reas del \u00e1rea de reposapi\u00e9s del marco.<\/li>\n<li>Presencia de \u00e1reas de drenaje para dar m\u00e1s ligereza, aireaci\u00f3n y facilitar las operaciones de lavado dentro del submotor.<\/li>\n<li>Dise\u00f1o estudiado para reducir la entrada de barro y escombros.<\/li>\n<li>Compatible con el uso simult\u00e1neo de X-Power (Protecci\u00f3n del c\u00e1rter de encendido y embrague)<\/li>\n<li>Protecci\u00f3n de los c\u00e1rteres laterales, en la bomba de agua y en las zonas de la zona de reposapi\u00e9s del bastidor.<\/li>\n<li>Se monta f\u00e1cilmente aprovechando la traviesa del bastidor cerca del monoamortiguador y mediante dos tornillos suministrados que utilizan las dos ranuras originales del frontal.<\/li>\n<li>Posibilidad de uso simult\u00e1neo con x-power<\/li>\n<li>Placa bicolor con logo<\/li>\n<li>Peso: 700g<\/li>\n<\/ul>\n<p><label id=\"lblMarketingMaterials\"><strong>MATERIALES:<\/strong><\/label><\/p>\n<ul>\n<li>98% polipropileno<\/li>\n<li>2% Otros<\/li>\n<\/ul>\n","protected":false},"excerpt":{"rendered":"<p>Marca: Acerbis Ref. 0025755.090 Submotor de \u00faltima generaci\u00f3n con aleta integrada. Aleta comoldeada dise\u00f1ada para proteger la articulaci\u00f3n del amortiguador de impactos, barro y arena.\u00a0Permite deslizarse f\u00e1cilmente sobre obst\u00e1culos naturales (gritos, piedras, troncos) asegurando una marcha suave. El dise\u00f1o garantiza el m\u00e1ximo agarre en el enlace. Grosor de 6 mm para m\u00e1xima protecci\u00f3n del bastidor [&hellip;]<\/p>\n","protected":false},"featured_media":24103,"template":"","meta":{"_et_pb_use_builder":"","_et_pb_old_content":"","_et_gb_content_width":""},"product_cat":[789,170],"product_tag":[923],"_links":{"self":[{"href":"https:\/\/difrenos.com\/index.php\/wp-json\/wp\/v2\/product\/24100"}],"collection":[{"href":"https:\/\/difrenos.com\/index.php\/wp-json\/wp\/v2\/product"}],"about":[{"href":"https:\/\/difrenos.com\/index.php\/wp-json\/wp\/v2\/types\/product"}],"wp:featuredmedia":[{"embeddable":true,"href":"https:\/\/difrenos.com\/index.php\/wp-json\/wp\/v2\/media\/24103"}],"wp:attachment":[{"href":"https:\/\/difrenos.com\/index.php\/wp-json\/wp\/v2\/media?parent=24100"}],"wp:term":[{"taxonomy":"product_cat","embeddable":true,"href":"https:\/\/difrenos.com\/index.php\/wp-json\/wp\/v2\/product_cat?post=24100"},{"taxonomy":"product_tag","embeddable":true,"href":"https:\/\/difrenos.com\/index.php\/wp-json\/wp\/v2\/product_tag?post=24100"}],"curies":[{"name":"wp","href":"https:\/\/api.w.org\/{rel}","templated":true}]}}