{"id":24087,"date":"2026-02-03T13:53:38","date_gmt":"2026-02-03T13:53:38","guid":{"rendered":"https:\/\/difrenos.com\/?post_type=product&#038;p=24087"},"modified":"2026-04-23T11:33:33","modified_gmt":"2026-04-23T11:33:33","slug":"peugeot-pulsion-125-evo-urban-2026","status":"publish","type":"product","link":"https:\/\/difrenos.com\/index.php\/producto\/peugeot-pulsion-125-evo-urban-2026\/","title":{"rendered":"PEUGEOT PULSION 125 EVO URBAN 2026"},"content":{"rendered":"<h2 class=\"MuiTypography-root MuiTypography-h2 css-vhf72s\">Pulsion EVO Compact size- Big experience<\/h2>\n<div class=\"MuiBox-root css-0\">\n<p class=\"MuiTypography-root MuiTypography-body1 ql-align-center css-1w4dp4c\">Descubre el nuevo scooter GT compacto de 125 cc que combina agilidad urbana, estabilidad y confort &#8211; dise\u00f1ado para la conducci\u00f3n en ciudad y desplazamientos diarios, fabricado en Francia.<\/p>\n<p class=\"MuiTypography-root MuiTypography-body1 ql-align-center css-1w4dp4c\"><span class=\"MuiTypography-root MuiTypography-body1 css-7oc9o7\">Atractivo compacto, estilo definido<\/span><\/p>\n<p class=\"MuiTypography-root MuiTypography-body1 ql-align-center css-1w4dp4c\">Una silueta compacta con l\u00edneas tensas y la iluminaci\u00f3n caracter\u00edstica en forma de \u201cgarra\u201d de Peugeot: Pulsion EVO aporta un estilo din\u00e1mico y elegante con verdadera practicidad diaria.<\/p>\n<p class=\"MuiTypography-root MuiTypography-body1 ql-align-center css-1w4dp4c\">* Tama\u00f1o compacto &#8211; Gran experiencia.<\/p>\n<p>La versi\u00f3n URBAN, lleva montado de serie PACK DE TOP CASE 35 L Y PARABRISAS ALTO<\/p>\n<\/div>\n","protected":false},"excerpt":{"rendered":"<p>Pulsion EVO Compact size- Big experience Descubre el nuevo scooter GT compacto de 125 cc que combina agilidad urbana, estabilidad y confort &#8211; dise\u00f1ado para la conducci\u00f3n en ciudad y desplazamientos diarios, fabricado en Francia. Atractivo compacto, estilo definido Una silueta compacta con l\u00edneas tensas y la iluminaci\u00f3n caracter\u00edstica en forma de \u201cgarra\u201d de Peugeot: [&hellip;]<\/p>\n","protected":false},"featured_media":24088,"template":"","meta":{"_et_pb_use_builder":"","_et_pb_old_content":"","_et_gb_content_width":""},"product_cat":[213,129,151],"product_tag":[],"_links":{"self":[{"href":"https:\/\/difrenos.com\/index.php\/wp-json\/wp\/v2\/product\/24087"}],"collection":[{"href":"https:\/\/difrenos.com\/index.php\/wp-json\/wp\/v2\/product"}],"about":[{"href":"https:\/\/difrenos.com\/index.php\/wp-json\/wp\/v2\/types\/product"}],"wp:featuredmedia":[{"embeddable":true,"href":"https:\/\/difrenos.com\/index.php\/wp-json\/wp\/v2\/media\/24088"}],"wp:attachment":[{"href":"https:\/\/difrenos.com\/index.php\/wp-json\/wp\/v2\/media?parent=24087"}],"wp:term":[{"taxonomy":"product_cat","embeddable":true,"href":"https:\/\/difrenos.com\/index.php\/wp-json\/wp\/v2\/product_cat?post=24087"},{"taxonomy":"product_tag","embeddable":true,"href":"https:\/\/difrenos.com\/index.php\/wp-json\/wp\/v2\/product_tag?post=24087"}],"curies":[{"name":"wp","href":"https:\/\/api.w.org\/{rel}","templated":true}]}}