{"id":24075,"date":"2026-02-03T12:06:37","date_gmt":"2026-02-03T12:06:37","guid":{"rendered":"https:\/\/difrenos.com\/?post_type=product&#038;p=24075"},"modified":"2026-04-09T07:29:59","modified_gmt":"2026-04-09T07:29:59","slug":"husqvarna-norden-expedition-2026","status":"publish","type":"product","link":"https:\/\/difrenos.com\/index.php\/producto\/husqvarna-norden-expedition-2026\/","title":{"rendered":"HUSQVARNA NORDEN EXPEDITION 2026"},"content":{"rendered":"<div class=\"aem-Grid aem-Grid--12 aem-Grid--default--12 \">\n<div class=\"maininfo aem-GridColumn aem-GridColumn--default--12\">\n<div class=\"container js-vehicle-id\" data-vehicle-id=\"1004551907\">\n<div class=\"models component js-models\">\n<div class=\"row models__row-reverse\">\n<div class=\"col-xl-4 col-lg-5 col-lg-5--top-col col-md-12 models__reverse-col-offset-lg\">\n<h1 class=\"models__heading\">Norden 901 Expedition<\/h1>\n<div class=\"models__finance\"><\/div>\n<\/div>\n<\/div>\n<div class=\"row models__row-reverse\">\n<div class=\"col-xl-4 col-lg-5 col-lg-5 col-lg-5--bottom-col col-md-12 models__reverse-col-offset-lg\">\n<div class=\"models__price js-price\">\n<div class=\"js-model-price\" data-amount=\"16099.0\">\n<p>*Precio venta al p\u00fablico, I.V.A 21% inclu\u00eddo<\/p>\n<\/div>\n<\/div>\n<div class=\"models__description models__description--desktop-only\">Evoluci\u00f3n excepcional de la pionera Norden 901, la Norden 901 Expedition se monta con todos los Accesorios T\u00e9cnicos necesarios para convertirla en la moto de expedici\u00f3n ideal. El confort aumenta significativamente gracias a las suspensiones WP XPLOR espec\u00edficas para offroad, que ofrecen un mayor recorrido, 240 mm delante y detr\u00e1s, y son totalmente ajustables para una configuraci\u00f3n personalizada. El asiento y los pu\u00f1os calefactados hacen que la ruta en climas fr\u00edos sea c\u00f3moda en todo momento, mientras que el parabrisas Touring reduce la fatiga desviando el viento alrededor del piloto. El juego de bolsas laterales permite cargar de forma segura todos los objetos esenciales del viaje, mientras que la unidad de conectividad situada delante del manillar proporciona indicaciones precisas gracias a la navegaci\u00f3n TURN-BY-TURN+. Dise\u00f1ada y fabricada para llegar a los destinos m\u00e1s remotos, esta moto Touring altamente fiable y t\u00e9cnicamente mejorada se caracteriza por el distintivo esquema de colores aplicado a su ergon\u00f3mica carrocer\u00eda. Creada para pioneros, tu pr\u00f3ximo viaje comienza con la Norden 901 Expedition.<\/div>\n<div>\n<p><strong>MOTOR<\/strong><\/p>\n<p><img src=\"https:\/\/cdn.shopify.com\/s\/files\/1\/0542\/6878\/8907\/files\/PHO_BIKE_DET_127139-MY23-HQV-Norden-901-Expedition-engine-01__SALL__AEPI__V1_480x480.png?v=1701189869\" alt=\"\" \/><\/p>\n<p>&nbsp;<\/p>\n<p>Cada giro del acelerador ride-by-wire proporciona la cantidad justa de potencia que necesitas para conquistar nuevos horizontes. Un par de ejes de balance integrados en el motor bicil\u00edndrico paralelo de 889 cc, con doble \u00e1rbol de levas en cabeza y refrigeraci\u00f3n l\u00edquida, aumentan el confort y reducen las vibraciones, incrementando el placer de pilotaje. El motor es muy potente, con 77 kW (105 CV) de potencia a 8000 rpm y 100 Nm de par a 6500 rpm. Estas cifras, combinadas con su finura y manejabilidad, hacen que este motor sea capaz de ofrecer todo lo que le exijas, all\u00e1 donde quieras ir. Los largos intervalos de mantenimiento de 15.000 km y el bajo consumo de combustible hacen que el motor de la Norden 901 Expedition sea a\u00fan m\u00e1s adecuado para las tareas que le propongas.<\/p>\n<p><img loading=\"lazy\" src=\"https:\/\/azwecdnepstoragewebsiteuploads.azureedge.net\/PHO_BIKE_DET_Husqvarna-Norden-901-Expedition-EU-touring-windshield_%23SALL_%23AEPI_%23V1.jpg\" width=\"713\" height=\"713\" \/><\/p>\n<p><strong>C\u00daPULA TOURING<\/strong><\/p>\n<p>Pilota m\u00e1s lejos, durante m\u00e1s tiempo, y goza de una considerable reducci\u00f3n de la fatiga con la c\u00fapula Touring. Protegiendo al piloto al desviar el viento a su alrededor, esta c\u00fapula hace que las largas jornadas a bordo de la Norden 901 Expedition sean extraordinariamente c\u00f3modas, especialmente en recorridos largos a altas velocidades. Una ingeniosa toma de aire en el centro provoca menos turbulencias en el casco, reduciendo el ruido del viento y aliviando la musculatura del cuello.<\/p>\n<p>&nbsp;<\/p>\n<p><img loading=\"lazy\" src=\"https:\/\/azwecdnepstoragewebsiteuploads.azureedge.net\/PHO_BIKE_DET_brakes-Norden-901-Expedition-my25_%23SALL_%23AEPI_%23V1.jpg\" width=\"713\" height=\"713\" \/><\/p>\n<p><strong>FRENOS<\/strong><\/p>\n<p>Para una frenada que inspire confianza, la\u00a0Norden 901 Expedition incorpora componentes de trenado de calidad para un rendimiento fiable. Los sistemas de frenos .Juan delantero y trasero, junto con el sistema ABS de Bosch, proporcionan una potencia de frenado controlada en cualquier superficie y condici\u00f3n. En la rueda delantera, dos discos flotantes de 320 mm est\u00e1n emparejados con pinzas de anclaje radial de cuatro pistones, mientras que un \u00fanico disco de 260 mm y una pinza de dos pistones en la trasera se combinan para ofrecer una frenada excepcional. El sistema sensible a las curvas ajusta autom\u00e1ticamente la fuerza de frenado, permitiendo al piloto frenar con seguridad y eficacia incluso en \u00e1ngulos de inclinaci\u00f3n elevados.<\/p>\n<p><img loading=\"lazy\" src=\"https:\/\/azwecdnepstoragewebsiteuploads.azureedge.net\/PHO_BIKE_DET_offroad-abs-Norden-901-Expedition-2025_%23SALL_%23AEPI_%23V1.jpg\" width=\"713\" height=\"713\" \/><\/p>\n<p><strong>ABS OFFROAD<\/strong><\/p>\n<p>T\u00fa sabes que la t\u00e9cnica de frenado es diferente dentro y fuera del asfalto y el modo \u00abOffroad\u00bb disponible en el sistema ABS de Bosch, sabe tambi\u00e9n que el pilotaje de aventura consiste en explorar lo desconocido y recorrer largas distancias con la confianza de que la moto te respalde en todas las situaciones. En el modo \u00abOffroad\u00bb, se desactiva el ABS de la rueda trasera, se reduce su activaci\u00f3n en la rueda delantera y los datos del sensor 5D dejan de formar parte de los c\u00e1lculos del sistema. As\u00ed que ahora puedes bloquear la rueda trasera para que te ayude a la hora de entrar en las curvas. Como el ABS de la rueda delantera est\u00e1 configurado para ser menos intrusivo en este modo, puedes utilizar toda la potencia del freno delantero sobre terreno suelto. Dise\u00f1ado para aumentar la funcionalidad y la confianza en cualquier circunstancia, el modo \u00abOffroad\u00bb ampl\u00eda y perfecciona las capacidades del ABS Bosch para adaptarse a cualquier aventura. Gracias al nuevo software instalado, tus modos de pilotaje individuales activan autom\u00e1ticamente el ajuste adecuado del ABS. S\u00f3lo en el modo Explorer opcional podr\u00e1s seleccionar por separado el modo ABS que prefieras.<\/p>\n<p><img loading=\"lazy\" src=\"https:\/\/azwecdnepstoragewebsiteuploads.azureedge.net\/PHO_BIKE_DET_fahrmodi-Norden-901-Expedition-2025_%23SALL_%23AEPI_%23V1.jpg\" width=\"713\" height=\"713\" \/><\/p>\n<p><strong>MODOS DE PILOTAJE<\/strong><\/p>\n<p>Para proporcionar la experiencia de pilotaje m\u00e1s intuitiva, nuestros modos de pilotaje individuales activan autom\u00e1ticamente el ajuste adecuado del ABS. Con tres modos de pilotaje seleccionables (Street, Rain, Offroad) y el avanzado Modo Explorer, puedes elegir al instante la mejor combinaci\u00f3n de ayudas al pilotaje con la misma rapidez con que cambia el tiempo y el terreno. La respuesta del acelerador, el nivel de control de tracci\u00f3n y la potencia m\u00e1xima se configuran de forma diferente seg\u00fan el modo elegido.<\/p>\n<p>El modo \u00abStreet\u00bb ofrece una respuesta directa del acelerador con unos ajustes de control de tracci\u00f3n adaptados a las superficies asfaltadas, activando el ABS en modo Road. Lo suficientemente suave para los pilotos menos experimentados o cuando se viaja con un pasajero, pero lo suficientemente din\u00e1mico para disfrutar acelerando por carreteras de monta\u00f1a y sinuosos valles.<\/p>\n<p>El modo \u00abRain\u00bb tiene una respuesta del acelerador muy suave, una potencia m\u00e1xima reducida y una intervenci\u00f3n m\u00e1s temprana del control de tracci\u00f3n, activando el ABS en modo Road de forma especialmente sensible.<\/p>\n<p>El modo \u00abOffroad\u00bb ofrece una respuesta del acelerador suave y permite un mayor deslizamiento de la rueda antes de que intervenga el control de tracci\u00f3n. Este modo no es sensible al \u00e1ngulo de inclinaci\u00f3n, el control de tracci\u00f3n no interviene cuando utilizas un margen para girar y la funci\u00f3n anti-wheelie no est\u00e1 activada para que puedas levantar la rueda delantera para superar obst\u00e1culos.\u00a0En el modo \u00abOffroad\u00bb, los ajustes del ABS cambiar\u00e1n autom\u00e1ticamente a offroad, por lo que ya no tendr\u00e1s que navegar por el men\u00fa para configurarlo.<\/p>\n<p>El modo \u00abExplorer\u00bb viene de serie en la Norden 901 Expedition y te permite controlar directamente todas las funciones para crear tu propio modo de pilotaje individual.<\/p>\n<p><img loading=\"lazy\" src=\"https:\/\/azwecdnepstoragewebsiteuploads.azureedge.net\/PHO_BIKE_DET_husqvarna-mobility-Norden-901-Expedition-2025-benefit-06_%23SALL_%23AEPI_%23V1.jpg\" width=\"713\" height=\"297\" \/><\/p>\n<p><strong>CONECTIVIDAD<\/strong><\/p>\n<p>La unidad de conectividad instalada proporciona navegaci\u00f3n Turn-by-Turn Plus, llamadas entrantes y salientes y selecci\u00f3n de m\u00fasica desde el smartphone del piloto. Gracias a la sofisticada aplicaci\u00f3n Ride Husqvarna Motorcycles, este dispositivo multifunci\u00f3n es esencial para cada d\u00eda de cada aventura. Con cada Norden 901 Expedition se incluye un soporte opcional para GPS que puede sujetar f\u00e1cilmente tu smartphone o un GPS por encima de la instrumentaci\u00f3n.<\/p>\n<div><strong><a title=\"Manual de Usuario\" href=\"https:\/\/www.husqvarna-motorcycles.com\/es-es\/service\/user-manuals.html\" target=\"_blank\" rel=\"noopener\">Manual de usuario\u00a0<\/a><\/strong><\/div>\n<\/div>\n<\/div>\n<div class=\"col-xl-7 col-lg-6 col-md-12 offset-lg-1\">\n<div class=\"glider glide--ltr glide--carousel glide--swipeable\">\n<div class=\"glide__track\" data-glide-el=\"track\">\n<div class=\"glide__slides\">\n<div class=\"models__slide glide__slide js-model-slide glide__slide--clone\"><\/div>\n<\/div>\n<\/div>\n<\/div>\n<\/div>\n<\/div>\n<\/div>\n<\/div>\n<\/div>\n<\/div>\n<div class=\"benefits aem-GridColumn aem-GridColumn--default--12\">\n<section class=\"c-benefit component js-benefits\">\n<div>\n<article class=\"c-benefit__category js-benefit-category\">\n<div class=\"container-fluid p-0\">\n<div class=\"container\">\n<h3 class=\"c-benefit__heading highlight\">01. Equ\u00edpate para la expedici\u00f3n<\/h3>\n<\/div>\n<article class=\"c-benefit__feature c-benefit__feature--first-feature js-benefit-feature c-benefit__feature--no-benefit-image\"><\/article>\n<\/div>\n<div class=\"container\">\n<div class=\"c-benefit__feature-container\" data-display=\"hqv-desktop\">\n<div class=\"glider glider--hqv glider--hqv-active glide--ltr glide--slider glide--swipeable\">\n<div class=\"glide__track\" data-glide-el=\"track\">\n<section class=\"c-benefit__features glide__slides\">\n<article class=\"c-benefit__feature js-benefit-feature glide__slide js-benefit-slide c-benefit__feature--no-benefit-image glide__slide--active\">\n<figure class=\"c-benefit__feature-image\"><\/figure>\n<div class=\"c-benefit__feature-content\"><\/div>\n<\/article>\n<\/section>\n<\/div>\n<div class=\"glide__arrows\" data-glide-el=\"controls\"><\/div>\n<\/div>\n<\/div>\n<\/div>\n<\/article>\n<article class=\"c-benefit__category js-benefit-category\">\n<div class=\"container-fluid p-0\">\n<div class=\"container\">\n<h3 class=\"c-benefit__heading highlight\">02. La expedici\u00f3n en su esencia<\/h3>\n<\/div>\n<article class=\"c-benefit__feature c-benefit__feature--first-feature js-benefit-feature \">\n<figure class=\"c-benefit__benefit-image\"><img src=\"https:\/\/azwecdnepstoragewebsiteuploads.azureedge.net\/PHO_BIKE_DET_husqvarna-mobility-Norden-901-Expedition-2025-benefit-02_%23SALL_%23AEPI_%23V1.jpg\" alt=\"La expedici\u00f3n en su esencia\" \/><\/figure>\n<\/article>\n<\/div>\n<div class=\"container\">\n<div class=\"c-benefit__feature-container\" data-display=\"hqv-desktop\">\n<div class=\"glider glider--hqv glider--hqv-active glide--ltr glide--slider glide--swipeable\">\n<div class=\"glide__track\" data-glide-el=\"track\">\n<section class=\"c-benefit__features glide__slides\">\n<article class=\"c-benefit__feature js-benefit-feature glide__slide js-benefit-slide\">\n<figure class=\"c-benefit__feature-image\"><\/figure>\n<\/article>\n<article class=\"c-benefit__feature js-benefit-feature glide__slide js-benefit-slide\">\n<div class=\"c-benefit__feature-content\"><\/div>\n<\/article>\n<\/section>\n<\/div>\n<div class=\"glide__arrows\" data-glide-el=\"controls\"><\/div>\n<\/div>\n<\/div>\n<\/div>\n<\/article>\n<article class=\"c-benefit__category js-benefit-category\">\n<div class=\"container-fluid p-0\">\n<div class=\"container\">\n<h3 class=\"c-benefit__heading highlight\">03. Equipamiento fiable<\/h3>\n<\/div>\n<article class=\"c-benefit__feature c-benefit__feature--first-feature js-benefit-feature \">\n<figure class=\"c-benefit__benefit-image\"><img src=\"https:\/\/azwecdnepstoragewebsiteuploads.azureedge.net\/PHO_BIKE_DET_husqvarna-mobility-Norden-901-Expedition-2025-benefit-01_%23SALL_%23AEPI_%23V1.jpg\" alt=\"Equipamiento fiable\" \/><\/figure>\n<\/article>\n<\/div>\n<div class=\"container\">\n<div class=\"c-benefit__feature-container\" data-display=\"hqv-desktop\">\n<div class=\"glider glider--hqv glider--hqv-active glide--ltr glide--slider glide--swipeable\">\n<div class=\"glide__track\" data-glide-el=\"track\"><\/div>\n<div class=\"glide__arrows\" data-glide-el=\"controls\"><\/div>\n<\/div>\n<\/div>\n<\/div>\n<\/article>\n<article class=\"c-benefit__category js-benefit-category\">\n<div class=\"container-fluid p-0\">\n<div class=\"container\">\n<h3 class=\"c-benefit__heading highlight\">04. Componentes de alta gama<\/h3>\n<\/div>\n<article class=\"c-benefit__feature c-benefit__feature--first-feature js-benefit-feature \">\n<figure class=\"c-benefit__benefit-image\"><img src=\"https:\/\/azwecdnepstoragewebsiteuploads.azureedge.net\/PHO_BIKE_DET_husqvarna-mobility-Norden-901-Expedition-2025-benefit-04_%23SALL_%23AEPI_%23V1.jpg\" alt=\"Componentes de alta gama \" \/><\/figure>\n<\/article>\n<\/div>\n<div class=\"container\">\n<div class=\"c-benefit__feature-container\" data-display=\"hqv-desktop\">\n<div class=\"glider glider--hqv glider--hqv-active glide--ltr glide--slider glide--swipeable\">\n<div class=\"glide__track\" data-glide-el=\"track\">\n<section class=\"c-benefit__features glide__slides\">\n<article class=\"c-benefit__feature js-benefit-feature glide__slide js-benefit-slide\">\n<figure class=\"c-benefit__feature-image\"><\/figure>\n<\/article>\n<article class=\"c-benefit__feature js-benefit-feature glide__slide js-benefit-slide\">\n<div class=\"c-benefit__feature-content\"><\/div>\n<\/article>\n<\/section>\n<\/div>\n<div class=\"glide__arrows\" data-glide-el=\"controls\"><\/div>\n<\/div>\n<\/div>\n<\/div>\n<\/article>\n<article class=\"c-benefit__category js-benefit-category\">\n<div class=\"container-fluid p-0\">\n<div class=\"container\">\n<h3 class=\"c-benefit__heading highlight\">05. Prepara tu expedici\u00f3n<\/h3>\n<\/div>\n<article class=\"c-benefit__feature c-benefit__feature--first-feature js-benefit-feature \">\n<figure class=\"c-benefit__benefit-image\"><img src=\"https:\/\/azwecdnepstoragewebsiteuploads.azureedge.net\/PHO_BIKE_DET_husqvarna-mobility-Norden-901-Expedition-2025-benefit-06_%23SALL_%23AEPI_%23V1.jpg\" alt=\"Prepara tu expedici\u00f3n\" \/><\/figure>\n<\/article>\n<\/div>\n<div class=\"container\">\n<div class=\"c-benefit__feature-container\" data-display=\"hqv-desktop\">\n<div class=\"glider glider--hqv glider--hqv-active glide--ltr glide--slider glide--swipeable\">\n<div class=\"glide__track\" data-glide-el=\"track\">\n<section class=\"c-benefit__features glide__slides\">\n<article class=\"c-benefit__feature js-benefit-feature glide__slide js-benefit-slide\">\n<figure class=\"c-benefit__feature-image\"><\/figure>\n<\/article>\n<article class=\"c-benefit__feature js-benefit-feature glide__slide js-benefit-slide\">\n<div class=\"c-benefit__feature-content\"><\/div>\n<\/article>\n<\/section>\n<\/div>\n<div class=\"glide__arrows\" data-glide-el=\"controls\"><\/div>\n<\/div>\n<\/div>\n<\/div>\n<\/article>\n<\/div>\n<\/section>\n<\/div>\n<div class=\"responsivegrid-1-column responsivegrid aem-GridColumn aem-GridColumn--default--12\">\n<div class=\"container\">\n<div class=\"aem-Grid aem-Grid--12 aem-Grid--default--12 \"><\/div>\n<\/div>\n<\/div>\n<div class=\"technicaldata aem-GridColumn aem-GridColumn--default--12\">\n<section class=\"c-technical-data component js-technical-data\">\n<div class=\"container\">\n<div class=\"row\">\n<div class=\"col-md-12 col-lg-3 c-technical-data__image c-technical-data__image--left\">\n<figure class=\"c-technical-data__image-container c-technical-data__image-container--left js-image-container-left c-technical-data__image-container--left-open\"><img src=\"https:\/\/azwecdnepstoragewebsiteuploads.azureedge.net\/PHO_BIKE_FACT_husqvarna-mobility-Norden-901-Expedition-MY25-tech-specs_%23SALL_%23AEPI_%23V1.jpg\" \/><\/figure>\n<\/div>\n<div class=\"col-md-12 col-lg-9\">\n<div class=\"row c-technical-data__backdrop c-technical-data__backdrop--top js-heading-row\">\n<div class=\"col-sm-12\">\n<h3 class=\"c-technical-data__heading highlight\">Detalles T\u00e9cnicos<\/h3>\n<\/div>\n<\/div>\n<div class=\"row c-technical-data__backdrop js-data-row\">\n<div class=\"col-md-12 col-lg-6\">\n<article class=\"c-technical-data__group\">\n<h2 class=\"c-technical-data__group-heading js-group-toggle\">Motor<\/h2>\n<ul class=\"c-technical-data__list js-technical-data-list\">\n<li><span class=\"c-technical-data__list-label\">Transmisi\u00f3n primaria<\/span><span class=\"c-technical-data__list-value\">39:75<\/span><\/li>\n<li><span class=\"c-technical-data__list-label\">Par m\u00e1ximo<\/span><span class=\"c-technical-data__list-value\">100 Nm<\/span><\/li>\n<li><span class=\"c-technical-data__list-label\">Cambio<\/span><span class=\"c-technical-data__list-value\">6 marchas<\/span><\/li>\n<li><span class=\"c-technical-data__list-label\">Capacidad de la bater\u00eda<\/span><span class=\"c-technical-data__list-value\">10 Ah<\/span><\/li>\n<li><span class=\"c-technical-data__list-label\">Refrigeraci\u00f3n<\/span><span class=\"c-technical-data__list-value\">Refrigeraci\u00f3n por l\u00edquido con intercambiador de calor agua\/aceite<\/span><\/li>\n<li class=\"\"><span class=\"c-technical-data__list-label\">Transmisi\u00f3n secundaria<\/span><span class=\"c-technical-data__list-value\">16:45<\/span><\/li>\n<li class=\"\"><span class=\"c-technical-data__list-label\">Potencia en Kw<\/span><span class=\"c-technical-data__list-value\">77 kW<\/span><\/li>\n<li class=\"\"><span class=\"c-technical-data__list-label\">Arranque<\/span><span class=\"c-technical-data__list-value\">Arranque el\u00e9ctrico<\/span><\/li>\n<li class=\"\"><span class=\"c-technical-data__list-label\">Carrera<\/span><span class=\"c-technical-data__list-value\">68.8 mm<\/span><\/li>\n<li class=\"\"><span class=\"c-technical-data__list-label\">Di\u00e1metro<\/span><span class=\"c-technical-data__list-value\">90.7 mm<\/span><\/li>\n<li class=\"\"><span class=\"c-technical-data__list-label\">Embrague<\/span><span class=\"c-technical-data__list-value\">Embrague antirrebotes PASC accionado por cable<\/span><\/li>\n<li class=\"\"><span class=\"c-technical-data__list-label\">Emisiones de CO<sub>2<\/sub><\/span><span class=\"c-technical-data__list-value\">103 g\/km<\/span><\/li>\n<li class=\"\"><span class=\"c-technical-data__list-label\">Compresi\u00f3n<\/span><span class=\"c-technical-data__list-value\">13.5<\/span><\/li>\n<li class=\"\"><span class=\"c-technical-data__list-label\">Cilindrada<\/span><span class=\"c-technical-data__list-value\">889 cm\u00b3<\/span><\/li>\n<li class=\"\"><span class=\"c-technical-data__list-label\">EMS<\/span><span class=\"c-technical-data__list-value\">EMS de Bosch con RBW<\/span><\/li>\n<li class=\"\"><span class=\"c-technical-data__list-label\">Estructura<\/span><span class=\"c-technical-data__list-value\">Bicil\u00edndrico paralelo de 4\u00a0tiempos<\/span><\/li>\n<li class=\"\"><span class=\"c-technical-data__list-label\">Consumo de combustible<\/span><span class=\"c-technical-data__list-value\">4.5 l\/100 km<\/span><\/li>\n<li class=\"\"><span class=\"c-technical-data__list-label\">Preparaci\u00f3n de la mezcla<\/span><span class=\"c-technical-data__list-value\">DKK Dellorto (cuerpo de la v\u00e1lvula de mariposa de 46\u00a0mm)<\/span><\/li>\n<li class=\"\"><span class=\"c-technical-data__list-label\">Engrase<\/span><span class=\"c-technical-data__list-value\">Lubricaci\u00f3n a presi\u00f3n en circuito cerrado con 2 bombas de aceite<\/span><\/li>\n<\/ul>\n<\/article>\n<\/div>\n<div class=\"col-md-12 col-lg-6\">\n<article class=\"c-technical-data__group c-technical-data__group--last\">\n<h2 class=\"c-technical-data__group-heading js-group-toggle\">Parte Ciclo<\/h2>\n<ul class=\"c-technical-data__list js-technical-data-list\">\n<li><span class=\"c-technical-data__list-label\">Peso (sin combustible)<\/span><span class=\"c-technical-data__list-value\">214.5 kg<\/span><\/li>\n<li><span class=\"c-technical-data__list-label\">Capacidad del dep\u00f3sito (aprox.)<\/span><span class=\"c-technical-data__list-value\">19 l<\/span><\/li>\n<li><span class=\"c-technical-data__list-label\">Distancia entre ejes<\/span><span class=\"c-technical-data__list-value\">1.529 mm<\/span><\/li>\n<li><span class=\"c-technical-data__list-label\">Di\u00e1metro del disco de freno delantero<\/span><span class=\"c-technical-data__list-value\">320 mm<\/span><\/li>\n<li><span class=\"c-technical-data__list-label\">Di\u00e1metro del disco de freno trasero<\/span><span class=\"c-technical-data__list-value\">260 mm<\/span><\/li>\n<li class=\"\"><span class=\"c-technical-data__list-label\">Freno delantero<\/span><span class=\"c-technical-data__list-value\">2\u00a0pinzas de 4\u00a0pistones montadas radialmente, disco de freno<\/span><\/li>\n<li class=\"\"><span class=\"c-technical-data__list-label\">Freno trasero<\/span><span class=\"c-technical-data__list-value\">Pinza flotante de 2\u00a0pistones, disco de freno<\/span><\/li>\n<li class=\"\"><span class=\"c-technical-data__list-label\">Cadena<\/span><span class=\"c-technical-data__list-value\">Junta en X 520<\/span><\/li>\n<li class=\"\"><span class=\"c-technical-data__list-label\">Estructura del chasis<\/span><span class=\"c-technical-data__list-value\">Chasis de acero al cromo molibdeno, que utiliza el motor como elemento integrante, con recubrimiento en polvo<\/span><\/li>\n<li class=\"\"><span class=\"c-technical-data__list-label\">Suspensi\u00f3n delantera<\/span><span class=\"c-technical-data__list-value\">WP-USD Xplor 48<\/span><\/li>\n<li class=\"\"><span class=\"c-technical-data__list-label\">Altura libre al suelo<\/span><span class=\"c-technical-data__list-value\">270 mm<\/span><\/li>\n<li class=\"\"><span class=\"c-technical-data__list-label\">Manillar<\/span><span class=\"c-technical-data__list-value\">Aluminio, conificado, \u00d8 28\/22 mm<\/span><\/li>\n<li class=\"\"><span class=\"c-technical-data__list-label\">Suspensi\u00f3n trasera<\/span><span class=\"c-technical-data__list-value\">Monoamortiguador WP XPLOR<\/span><\/li>\n<li class=\"\"><span class=\"c-technical-data__list-label\">Altura del asiento<\/span><span class=\"c-technical-data__list-value\">887\/907 mm<\/span><\/li>\n<li class=\"\"><span class=\"c-technical-data__list-label\">Silenciador<\/span><span class=\"c-technical-data__list-value\">Silenciadores principal y secundario de acero inoxidable<\/span><\/li>\n<li class=\"\"><span class=\"c-technical-data__list-label\">\u00c1ngulo de direcci\u00f3n<\/span><span class=\"c-technical-data__list-value\">64.2 \u00b0<\/span><\/li>\n<li class=\"\"><span class=\"c-technical-data__list-label\">Estructura del subchasis trasero<\/span><span class=\"c-technical-data__list-value\">Multitubular de acero al cromo-molibdeno, pintado al polvo<\/span><\/li>\n<li class=\"\"><span class=\"c-technical-data__list-label\">Recorrido de suspensi\u00f3n delantera<\/span><span class=\"c-technical-data__list-value\">240 mm<\/span><\/li>\n<li class=\"\"><span class=\"c-technical-data__list-label\">Recorrido de suspensi\u00f3n trasera<\/span><span class=\"c-technical-data__list-value\">240 mm<\/span><\/li>\n<li class=\"\"><span class=\"c-technical-data__list-label\">Ruedas<\/span><span class=\"c-technical-data__list-value\">2.50 x 21&#8243;; 4.50 x 18&#8243;<\/span><\/li>\n<li class=\"\"><span class=\"c-technical-data__list-label\">Ruedas<\/span><span class=\"c-technical-data__list-value\">Llantas de aluminio de radios sin c\u00e1mara<\/span><\/li>\n<li class=\"\"><span class=\"c-technical-data__list-label\">Distancia entre ejes<\/span><span class=\"c-technical-data__list-value\">1.529 \u00b1 15 mm<\/span><\/li>\n<\/ul>\n<\/article>\n<\/div>\n<\/div>\n<\/div>\n<\/div>\n<\/div>\n<\/section>\n<\/div>\n","protected":false},"excerpt":{"rendered":"<p>PODEMOS COGER TU MOTO A CAMBIO<\/p>\n<p>FINANCIACION AL 2,99% TIN a 36 MESES (se adjunto tabla de ejemplos)<\/p>\n","protected":false},"featured_media":24076,"template":"","meta":{"_et_pb_use_builder":"","_et_pb_old_content":"","_et_gb_content_width":""},"product_cat":[324,129,329],"product_tag":[452],"_links":{"self":[{"href":"https:\/\/difrenos.com\/index.php\/wp-json\/wp\/v2\/product\/24075"}],"collection":[{"href":"https:\/\/difrenos.com\/index.php\/wp-json\/wp\/v2\/product"}],"about":[{"href":"https:\/\/difrenos.com\/index.php\/wp-json\/wp\/v2\/types\/product"}],"wp:featuredmedia":[{"embeddable":true,"href":"https:\/\/difrenos.com\/index.php\/wp-json\/wp\/v2\/media\/24076"}],"wp:attachment":[{"href":"https:\/\/difrenos.com\/index.php\/wp-json\/wp\/v2\/media?parent=24075"}],"wp:term":[{"taxonomy":"product_cat","embeddable":true,"href":"https:\/\/difrenos.com\/index.php\/wp-json\/wp\/v2\/product_cat?post=24075"},{"taxonomy":"product_tag","embeddable":true,"href":"https:\/\/difrenos.com\/index.php\/wp-json\/wp\/v2\/product_tag?post=24075"}],"curies":[{"name":"wp","href":"https:\/\/api.w.org\/{rel}","templated":true}]}}