{"id":24007,"date":"2026-01-27T11:43:42","date_gmt":"2026-01-27T11:43:42","guid":{"rendered":"https:\/\/difrenos.com\/?post_type=product&#038;p=24007"},"modified":"2026-04-16T14:27:14","modified_gmt":"2026-04-16T14:27:14","slug":"kit-baul-47l-peugeot-metropolis-400-pearly-black-nk","status":"publish","type":"product","link":"https:\/\/difrenos.com\/index.php\/producto\/kit-baul-47l-peugeot-metropolis-400-pearly-black-nk\/","title":{"rendered":"Kit Ba\u00fal 47L PEUGEOT Metropolis 400 Black"},"content":{"rendered":"<h2>Informaci\u00f3n sobre este art\u00edculo<\/h2>\n<p>Soporte Ba\u00fal + Ba\u00fal 47 litros a juego con el veh\u00edculo + respaldo topcase<\/p>\n<p>A05890 Ba\u00fal superior 47L<br \/>\nA05893 Respaldo<br \/>\nA08010 Kit de fijaci\u00f3n<\/p>\n<p>&nbsp;<\/p>\n<p>&nbsp;<\/p>\n<p>&nbsp;<\/p>\n","protected":false},"excerpt":{"rendered":"<p>Informaci\u00f3n sobre este art\u00edculo Soporte Ba\u00fal + Ba\u00fal 47 litros a juego con el veh\u00edculo + respaldo topcase A05890 Ba\u00fal superior 47L A05893 Respaldo A08010 Kit de fijaci\u00f3n &nbsp; &nbsp; &nbsp;<\/p>\n","protected":false},"featured_media":24008,"template":"","meta":{"_et_pb_use_builder":"","_et_pb_old_content":"","_et_gb_content_width":""},"product_cat":[857,170],"product_tag":[920,919],"_links":{"self":[{"href":"https:\/\/difrenos.com\/index.php\/wp-json\/wp\/v2\/product\/24007"}],"collection":[{"href":"https:\/\/difrenos.com\/index.php\/wp-json\/wp\/v2\/product"}],"about":[{"href":"https:\/\/difrenos.com\/index.php\/wp-json\/wp\/v2\/types\/product"}],"wp:featuredmedia":[{"embeddable":true,"href":"https:\/\/difrenos.com\/index.php\/wp-json\/wp\/v2\/media\/24008"}],"wp:attachment":[{"href":"https:\/\/difrenos.com\/index.php\/wp-json\/wp\/v2\/media?parent=24007"}],"wp:term":[{"taxonomy":"product_cat","embeddable":true,"href":"https:\/\/difrenos.com\/index.php\/wp-json\/wp\/v2\/product_cat?post=24007"},{"taxonomy":"product_tag","embeddable":true,"href":"https:\/\/difrenos.com\/index.php\/wp-json\/wp\/v2\/product_tag?post=24007"}],"curies":[{"name":"wp","href":"https:\/\/api.w.org\/{rel}","templated":true}]}}