{"id":23978,"date":"2026-01-26T10:12:41","date_gmt":"2026-01-26T10:12:41","guid":{"rendered":"https:\/\/difrenos.com\/?post_type=product&#038;p=23978"},"modified":"2026-02-19T13:53:04","modified_gmt":"2026-02-19T13:53:04","slug":"camiseta-trrs-tech-2025","status":"publish","type":"product","link":"https:\/\/difrenos.com\/index.php\/producto\/camiseta-trrs-tech-2025\/","title":{"rendered":"Camiseta TRS Tech 2025"},"content":{"rendered":"<p>CAMISETA TRIAL TRS TECH. Marca: TRS By HEBO. Color: NEGRO<\/p>\n<p>La\u00a0<strong>camiseta de Trial oficial TRS TECH By Hebo\u00a0\u00a0<\/strong>es una camiseta t\u00e9cnica resistente, c\u00f3moda y muy transpirable.<br \/>\nEst\u00e1 fabricada en poli\u00e9ster de secado r\u00e1pido. La parte trasera tiene inserciones de el\u00e1sticas y construcci\u00f3n 3D de nido de abeja que permite el flujo de aire a trav\u00e9s de la espalda. Ha sido dise\u00f1ada para meses c\u00e1lidos. Los pu\u00f1os de esta camiseta son el\u00e1sticos para permitir un ajuste perfecto y los gr\u00e1ficos han sido estampados mediante sublimaci\u00f3n, para mantener el color original de manera permanente a pesar de los lavados. El tejido de esta camiseta es transpirable para mantener la piel seca en todo momento y ofrece una gran comodidad, resistencia y ligereza.<\/p>\n<p>Tallas: XS a XXL (pendiente confirmar disponibilidad actual , puede fallar alguna talla)<\/p>\n","protected":false},"excerpt":{"rendered":"<p>Talla XL<\/p>\n","protected":false},"featured_media":23979,"template":"","meta":{"_et_pb_use_builder":"","_et_pb_old_content":"","_et_gb_content_width":""},"product_cat":[33,37,200,709],"product_tag":[302,450],"_links":{"self":[{"href":"https:\/\/difrenos.com\/index.php\/wp-json\/wp\/v2\/product\/23978"}],"collection":[{"href":"https:\/\/difrenos.com\/index.php\/wp-json\/wp\/v2\/product"}],"about":[{"href":"https:\/\/difrenos.com\/index.php\/wp-json\/wp\/v2\/types\/product"}],"wp:featuredmedia":[{"embeddable":true,"href":"https:\/\/difrenos.com\/index.php\/wp-json\/wp\/v2\/media\/23979"}],"wp:attachment":[{"href":"https:\/\/difrenos.com\/index.php\/wp-json\/wp\/v2\/media?parent=23978"}],"wp:term":[{"taxonomy":"product_cat","embeddable":true,"href":"https:\/\/difrenos.com\/index.php\/wp-json\/wp\/v2\/product_cat?post=23978"},{"taxonomy":"product_tag","embeddable":true,"href":"https:\/\/difrenos.com\/index.php\/wp-json\/wp\/v2\/product_tag?post=23978"}],"curies":[{"name":"wp","href":"https:\/\/api.w.org\/{rel}","templated":true}]}}