{"id":23951,"date":"2026-01-22T13:53:08","date_gmt":"2026-01-22T13:53:08","guid":{"rendered":"https:\/\/difrenos.com\/?post_type=product&#038;p=23951"},"modified":"2026-03-23T10:35:50","modified_gmt":"2026-03-23T10:35:50","slug":"husqvarna-vitpilen-125-7-2025-600-kms","status":"publish","type":"product","link":"https:\/\/difrenos.com\/index.php\/producto\/husqvarna-vitpilen-125-7-2025-600-kms\/","title":{"rendered":"HUSQVARNA VITPILEN 125 7\/2025  600 KMS"},"content":{"rendered":"<p>Husqvarna Vitpilen 125 con solo 600 km y fecha de matriculaci\u00f3n en julio de 2025, se entrega con la 1\u00aa revisi\u00f3n oficial hecha.<br \/>\nPodemos coger moto a cambio.<br \/>\nDisponemos de servicio de transporte.<br \/>\nGestionamos financiaci\u00f3n a trav\u00e9s de Santander consumer.<br \/>\nGastos gesti\u00f3n de transferencia 180\u20ac.<br \/>\nCualquier consulta que puedas necesitar contacta por whatsapp al -659968466-<\/p>\n<p>&nbsp;<\/p>\n","protected":false},"excerpt":{"rendered":"<p>Husqvarna Vitpilen 125 con solo 600 km y fecha de matriculaci\u00f3n en julio de 2025, se entrega con la 1\u00aa revisi\u00f3n oficial hecha. Podemos coger moto a cambio. Disponemos de servicio de transporte. Gestionamos financiaci\u00f3n a trav\u00e9s de Santander consumer. Gastos gesti\u00f3n de transferencia 180\u20ac. Cualquier consulta que puedas necesitar contacta por whatsapp al -659968466- [&hellip;]<\/p>\n","protected":false},"featured_media":23952,"template":"","meta":{"_et_pb_use_builder":"","_et_pb_old_content":"","_et_gb_content_width":""},"product_cat":[229,324,129,330,133],"product_tag":[918,471,456],"_links":{"self":[{"href":"https:\/\/difrenos.com\/index.php\/wp-json\/wp\/v2\/product\/23951"}],"collection":[{"href":"https:\/\/difrenos.com\/index.php\/wp-json\/wp\/v2\/product"}],"about":[{"href":"https:\/\/difrenos.com\/index.php\/wp-json\/wp\/v2\/types\/product"}],"wp:featuredmedia":[{"embeddable":true,"href":"https:\/\/difrenos.com\/index.php\/wp-json\/wp\/v2\/media\/23952"}],"wp:attachment":[{"href":"https:\/\/difrenos.com\/index.php\/wp-json\/wp\/v2\/media?parent=23951"}],"wp:term":[{"taxonomy":"product_cat","embeddable":true,"href":"https:\/\/difrenos.com\/index.php\/wp-json\/wp\/v2\/product_cat?post=23951"},{"taxonomy":"product_tag","embeddable":true,"href":"https:\/\/difrenos.com\/index.php\/wp-json\/wp\/v2\/product_tag?post=23951"}],"curies":[{"name":"wp","href":"https:\/\/api.w.org\/{rel}","templated":true}]}}