{"id":23881,"date":"2026-01-17T16:35:59","date_gmt":"2026-01-17T16:35:59","guid":{"rendered":"https:\/\/difrenos.com\/?post_type=product&#038;p=23881"},"modified":"2026-04-01T17:17:04","modified_gmt":"2026-04-01T17:17:04","slug":"trrs-one-r-300-2026-arranque-electrica","status":"publish","type":"product","link":"https:\/\/difrenos.com\/index.php\/producto\/trrs-one-r-300-2026-arranque-electrica\/","title":{"rendered":"TRRS ONE R 300 2026 ARRANQUE ELECTRICA"},"content":{"rendered":"<h1 class=\"color\"><span class=\"tituloDetalle\">TRRS ONE R 2026 &#8211; NACIDA PARA GANAR<\/span><\/h1>\n<p><strong>La nueva TRRS ONE R 2026, dise\u00f1ada con precisi\u00f3n y nacida para ganar, el modelo de TRRS concebido para competici\u00f3n y equipado con componentes de alta gama, dirigido a quienes buscan el equilibrio perfecto entre calidad y accesibilidad.<\/strong><\/p>\n<p>Una moto dise\u00f1ada para competir, tambi\u00e9n para disfrutar, que ofrece un comportamiento \u00e1gil, potente y preciso, con un embrague c\u00f3modo que permite al mismo tiempo un manejo suave y eficaz.<\/p>\n<p>La nueva<span class=\"Apple-converted-space\">\u00a0<\/span>ONE R 2026, es una moto robusta y bien equipada, dise\u00f1ada para superar retos sin comprometer la ligereza ni la respuesta, en la que esta temporada, el color amarillo, icono de<span class=\"Apple-converted-space\">\u00a0<\/span>TRRS, recupera peso y protagonismo, atendiendo a la demandade muchos \u00abFans\u00bb de la marca.<\/p>\n<p>La principal novedad que incorpora la nueva<strong><span class=\"Apple-converted-space\">\u00a0<\/span>ONE R 2026,<\/strong><span class=\"Apple-converted-space\">\u00a0<\/span>es el nuevo amortiguador trasero<span class=\"Apple-converted-space\">\u00a0<\/span><strong>R16V<span class=\"Apple-converted-space\">\u00a0<\/span><\/strong>de dos v\u00edas, dise\u00f1ado para ofrecer un nivel de ajuste y rendimiento superior. El nuevo<span class=\"Apple-converted-space\">\u00a0<\/span><strong>R16V,<\/strong><span class=\"Apple-converted-space\">\u00a0<\/span>permite regular de forma independiente la extensi\u00f3n y la compresi\u00f3n, adem\u00e1s de la pre carga del muelle,marcando una diferencia clara: mas personalizaci\u00f3n, mayor estabilidad y una respuesta mas afinada a cada estilo de pilotaje.<\/p>\n<p>Absorbe mejor los impactos, mantiene de forma superior el equilibrio y garantiza una tracci\u00f3n constante.<\/p>\n","protected":false},"excerpt":{"rendered":"<p>podemos coger moto a cambio<\/p>\n","protected":false},"featured_media":23882,"template":"","meta":{"_et_pb_use_builder":"","_et_pb_old_content":"","_et_gb_content_width":""},"product_cat":[129,286,207],"product_tag":[450],"_links":{"self":[{"href":"https:\/\/difrenos.com\/index.php\/wp-json\/wp\/v2\/product\/23881"}],"collection":[{"href":"https:\/\/difrenos.com\/index.php\/wp-json\/wp\/v2\/product"}],"about":[{"href":"https:\/\/difrenos.com\/index.php\/wp-json\/wp\/v2\/types\/product"}],"wp:featuredmedia":[{"embeddable":true,"href":"https:\/\/difrenos.com\/index.php\/wp-json\/wp\/v2\/media\/23882"}],"wp:attachment":[{"href":"https:\/\/difrenos.com\/index.php\/wp-json\/wp\/v2\/media?parent=23881"}],"wp:term":[{"taxonomy":"product_cat","embeddable":true,"href":"https:\/\/difrenos.com\/index.php\/wp-json\/wp\/v2\/product_cat?post=23881"},{"taxonomy":"product_tag","embeddable":true,"href":"https:\/\/difrenos.com\/index.php\/wp-json\/wp\/v2\/product_tag?post=23881"}],"curies":[{"name":"wp","href":"https:\/\/api.w.org\/{rel}","templated":true}]}}