{"id":23835,"date":"2026-01-08T20:26:37","date_gmt":"2026-01-08T20:26:37","guid":{"rendered":"https:\/\/difrenos.com\/?post_type=product&#038;p=23835"},"modified":"2026-04-14T12:06:53","modified_gmt":"2026-04-14T12:06:53","slug":"beta-evo-300-2t-2025-seminueva","status":"publish","type":"product","link":"https:\/\/difrenos.com\/index.php\/producto\/beta-evo-300-2t-2025-seminueva\/","title":{"rendered":"BETA EVO 300 2T 2025  \/ 5 horas de uso aprox"},"content":{"rendered":"<p>Moto practicamente nueva a estrenar, se entrega con la 1\u00aa revisi\u00f3n hecha.<\/p>\n<p>Se\u00a0 matricula de nueva en 2026<\/p>\n<p>Posibilidad de coger moto a cambio.<\/p>\n<p>Disponemos de servicios de transporte.<\/p>\n<p>Gestionamos financiaci\u00f3n a trav\u00e9s de Santander Consumer, sujeto a aprovaci\u00f3n de la financiera.<\/p>\n<p>&nbsp;<\/p>\n","protected":false},"excerpt":{"rendered":"<p>Moto practicamente nueva a estrenar, se entrega con la 1\u00aa revisi\u00f3n hecha. Se\u00a0 matricula de nueva en 2026 Posibilidad de coger moto a cambio. Disponemos de servicios de transporte. Gestionamos financiaci\u00f3n a trav\u00e9s de Santander Consumer, sujeto a aprovaci\u00f3n de la financiera. &nbsp;<\/p>\n","protected":false},"featured_media":23837,"template":"","meta":{"_et_pb_use_builder":"","_et_pb_old_content":"","_et_gb_content_width":""},"product_cat":[129,133,205],"product_tag":[],"_links":{"self":[{"href":"https:\/\/difrenos.com\/index.php\/wp-json\/wp\/v2\/product\/23835"}],"collection":[{"href":"https:\/\/difrenos.com\/index.php\/wp-json\/wp\/v2\/product"}],"about":[{"href":"https:\/\/difrenos.com\/index.php\/wp-json\/wp\/v2\/types\/product"}],"wp:featuredmedia":[{"embeddable":true,"href":"https:\/\/difrenos.com\/index.php\/wp-json\/wp\/v2\/media\/23837"}],"wp:attachment":[{"href":"https:\/\/difrenos.com\/index.php\/wp-json\/wp\/v2\/media?parent=23835"}],"wp:term":[{"taxonomy":"product_cat","embeddable":true,"href":"https:\/\/difrenos.com\/index.php\/wp-json\/wp\/v2\/product_cat?post=23835"},{"taxonomy":"product_tag","embeddable":true,"href":"https:\/\/difrenos.com\/index.php\/wp-json\/wp\/v2\/product_tag?post=23835"}],"curies":[{"name":"wp","href":"https:\/\/api.w.org\/{rel}","templated":true}]}}