{"id":23821,"date":"2026-01-06T12:16:28","date_gmt":"2026-01-06T12:16:28","guid":{"rendered":"https:\/\/difrenos.com\/?post_type=product&#038;p=23821"},"modified":"2026-02-25T14:02:48","modified_gmt":"2026-02-25T14:02:48","slug":"r-evolution-motorbike-cubre-piernas","status":"publish","type":"product","link":"https:\/\/difrenos.com\/index.php\/producto\/r-evolution-motorbike-cubre-piernas\/","title":{"rendered":"Cubrepiernas R.Evolution"},"content":{"rendered":"<p>Marca: R.EVOLUTION<\/p>\n<p>REF. 62689<\/p>\n<p>Manta t\u00e9rmica impermeable para todo tipo de Scooter.<br \/>\nConcebido para protegernos en invierno del fr\u00edo, la lluvia y el viento.<br \/>\nColocaci\u00f3n sencilla y muy pr\u00e1ctico.<br \/>\nUn solo tama\u00f1o.<br \/>\nMaterial 100% poli\u00e9ster.<br \/>\nImpermeable, waterproof<br \/>\nForro t\u00e9rmico.<\/p>\n<p>Incluye funda para guardarlo.<\/p>\n","protected":false},"excerpt":{"rendered":"<p>Marca: R.EVOLUTION REF. 62689 Manta t\u00e9rmica impermeable para todo tipo de Scooter. Concebido para protegernos en invierno del fr\u00edo, la lluvia y el viento. Colocaci\u00f3n sencilla y muy pr\u00e1ctico. Un solo tama\u00f1o. Material 100% poli\u00e9ster. Impermeable, waterproof Forro t\u00e9rmico. Incluye funda para guardarlo.<\/p>\n","protected":false},"featured_media":23822,"template":"","meta":{"_et_pb_use_builder":"","_et_pb_old_content":"","_et_gb_content_width":""},"product_cat":[33,363,816],"product_tag":[906,907],"_links":{"self":[{"href":"https:\/\/difrenos.com\/index.php\/wp-json\/wp\/v2\/product\/23821"}],"collection":[{"href":"https:\/\/difrenos.com\/index.php\/wp-json\/wp\/v2\/product"}],"about":[{"href":"https:\/\/difrenos.com\/index.php\/wp-json\/wp\/v2\/types\/product"}],"wp:featuredmedia":[{"embeddable":true,"href":"https:\/\/difrenos.com\/index.php\/wp-json\/wp\/v2\/media\/23822"}],"wp:attachment":[{"href":"https:\/\/difrenos.com\/index.php\/wp-json\/wp\/v2\/media?parent=23821"}],"wp:term":[{"taxonomy":"product_cat","embeddable":true,"href":"https:\/\/difrenos.com\/index.php\/wp-json\/wp\/v2\/product_cat?post=23821"},{"taxonomy":"product_tag","embeddable":true,"href":"https:\/\/difrenos.com\/index.php\/wp-json\/wp\/v2\/product_tag?post=23821"}],"curies":[{"name":"wp","href":"https:\/\/api.w.org\/{rel}","templated":true}]}}