{"id":23689,"date":"2025-12-18T11:23:11","date_gmt":"2025-12-18T11:23:11","guid":{"rendered":"https:\/\/difrenos.com\/?post_type=product&#038;p=23689"},"modified":"2026-04-09T09:03:02","modified_gmt":"2026-04-09T09:03:02","slug":"botas","status":"publish","type":"product","link":"https:\/\/difrenos.com\/index.php\/producto\/botas\/","title":{"rendered":"Botas Hebo trial Technical 3.0 Junior"},"content":{"rendered":"<h2>Ref. HT2007N<\/h2>\n<h2 class=\"h5\">Descripci\u00f3n<\/h2>\n<p class=\"description\" data-copy-html=\"true\" data-copy-html-size=\"md\" data-html-target=\"#description_location_mobile\">Las botas Hebo Technical 3.0 Junior\u00a0 est\u00e1n especialmente dise\u00f1adas para ni\u00f1os y representan el modelo renovado de botas infantiles de Hebo, nueva bota \u00abideal construcci\u00f3n\u00bb.. Fabricadas en microfibra de alt\u00edsima resistencia, combinando diferentes durezas de materiales para lograr el mejor equilibrio entre flexibilidad y durabilidad. Horma pre inclinada hacia adelante, protecci\u00f3n interior de nylon en puntera, tal\u00f3n, espinilla e interior de tobillo y disponen adem\u00e1s de membrana interior resistente al agua, suela asim\u00e9trica y protectores tanto en la zona de la tibia como en el tal\u00f3n. Alta flexibilidad en zona posterior y empeine. Placa frontal con entrada de aire. Refuerzo de piel de 1,6mm de grosor en el interior y exterior de la tibia. Interior con refuerzos y acolchados adaptados a cada zona del pie para un mayor confort. Tejido interior 3D de alta transpiraci\u00f3n. Plantilla interior de EVA anti-bacteriana, extra\u00edble e intercambiable. Cierre por velcro en la parte superior de la tibia y doble micro-cierre ajustable con memoria. Incluye una puntera met\u00e1lica de refuerzo, lo que convierte a la bota en una prenda vers\u00e1til para trial, enduro o motocross. Modelos 2025.<\/p>\n","protected":false},"excerpt":{"rendered":"<p>Ref. HT2007N Descripci\u00f3n Las botas Hebo Technical 3.0 Junior\u00a0 est\u00e1n especialmente dise\u00f1adas para ni\u00f1os y representan el modelo renovado de botas infantiles de Hebo, nueva bota \u00abideal construcci\u00f3n\u00bb.. Fabricadas en microfibra de alt\u00edsima resistencia, combinando diferentes durezas de materiales para lograr el mejor equilibrio entre flexibilidad y durabilidad. Horma pre inclinada hacia adelante, protecci\u00f3n interior [&hellip;]<\/p>\n","protected":false},"featured_media":23690,"template":"","meta":{"_et_pb_use_builder":"","_et_pb_old_content":"","_et_gb_content_width":""},"product_cat":[222,33,711,116,289],"product_tag":[499,379,105,117,118],"_links":{"self":[{"href":"https:\/\/difrenos.com\/index.php\/wp-json\/wp\/v2\/product\/23689"}],"collection":[{"href":"https:\/\/difrenos.com\/index.php\/wp-json\/wp\/v2\/product"}],"about":[{"href":"https:\/\/difrenos.com\/index.php\/wp-json\/wp\/v2\/types\/product"}],"wp:featuredmedia":[{"embeddable":true,"href":"https:\/\/difrenos.com\/index.php\/wp-json\/wp\/v2\/media\/23690"}],"wp:attachment":[{"href":"https:\/\/difrenos.com\/index.php\/wp-json\/wp\/v2\/media?parent=23689"}],"wp:term":[{"taxonomy":"product_cat","embeddable":true,"href":"https:\/\/difrenos.com\/index.php\/wp-json\/wp\/v2\/product_cat?post=23689"},{"taxonomy":"product_tag","embeddable":true,"href":"https:\/\/difrenos.com\/index.php\/wp-json\/wp\/v2\/product_tag?post=23689"}],"curies":[{"name":"wp","href":"https:\/\/api.w.org\/{rel}","templated":true}]}}