{"id":2367,"date":"2022-04-17T17:20:41","date_gmt":"2022-04-17T17:20:41","guid":{"rendered":"https:\/\/onyon365.com\/df2\/?post_type=product&#038;p=2367"},"modified":"2026-04-24T10:21:32","modified_gmt":"2026-04-24T10:21:32","slug":"botas-gas-gas-tech-3","status":"publish","type":"product","link":"https:\/\/difrenos.com\/index.php\/producto\/botas-gas-gas-tech-3\/","title":{"rendered":"Botas Gas Gas Tech 3"},"content":{"rendered":"<p class=\"c-powerparts__detail-reference\">Referencias:<br \/>\n3GG210043003 Talla 42\/8<br \/>\n3GG210043004 Talla 43\/9<\/p>\n<div class=\"c-powerparts__detail-error\"><\/div>\n<div class=\"c-powerparts__detail-description\">\n<ul>\n<li>Botas MX con perfil anat\u00f3mico espec\u00edfico<\/li>\n<li>Punteras cortadas ergon\u00f3micamente<\/li>\n<li>Protecci\u00f3n de acero inoxidable en tal\u00f3n y puntera<\/li>\n<li>Sistema de cierre de hebilla con cierres de puente en aluminio resistente a los golpes con ajustes de memoria<\/li>\n<li>Integraci\u00f3n optimizada de las suelas<\/li>\n<li>Dos zonas de agarre en la parte interior<\/li>\n<li>Dise\u00f1o exclusivo de Alpinestars para GASGAS<\/li>\n<\/ul>\n<\/div>\n","protected":false},"excerpt":{"rendered":"<p>Referencias: 3GG210043003 Talla 42\/8 3GG210043004 Talla 43\/9 Botas MX con perfil anat\u00f3mico espec\u00edfico Punteras cortadas ergon\u00f3micamente Protecci\u00f3n de acero inoxidable en tal\u00f3n y puntera Sistema de cierre de hebilla con cierres de puente en aluminio resistente a los golpes con ajustes de memoria Integraci\u00f3n optimizada de las suelas Dos zonas de agarre en la parte [&hellip;]<\/p>\n","protected":false},"featured_media":2368,"template":"","meta":{"_et_pb_use_builder":"","_et_pb_old_content":"","_et_gb_content_width":""},"product_cat":[221,33,34,253,707],"product_tag":[448,499,296,82],"_links":{"self":[{"href":"https:\/\/difrenos.com\/index.php\/wp-json\/wp\/v2\/product\/2367"}],"collection":[{"href":"https:\/\/difrenos.com\/index.php\/wp-json\/wp\/v2\/product"}],"about":[{"href":"https:\/\/difrenos.com\/index.php\/wp-json\/wp\/v2\/types\/product"}],"wp:featuredmedia":[{"embeddable":true,"href":"https:\/\/difrenos.com\/index.php\/wp-json\/wp\/v2\/media\/2368"}],"wp:attachment":[{"href":"https:\/\/difrenos.com\/index.php\/wp-json\/wp\/v2\/media?parent=2367"}],"wp:term":[{"taxonomy":"product_cat","embeddable":true,"href":"https:\/\/difrenos.com\/index.php\/wp-json\/wp\/v2\/product_cat?post=2367"},{"taxonomy":"product_tag","embeddable":true,"href":"https:\/\/difrenos.com\/index.php\/wp-json\/wp\/v2\/product_tag?post=2367"}],"curies":[{"name":"wp","href":"https:\/\/api.w.org\/{rel}","templated":true}]}}