{"id":23632,"date":"2025-12-12T09:39:41","date_gmt":"2025-12-12T09:39:41","guid":{"rendered":"https:\/\/difrenos.com\/?post_type=product&#038;p=23632"},"modified":"2026-03-27T13:20:25","modified_gmt":"2026-03-27T13:20:25","slug":"antirrobo-luma-x-smart-estribera-derecha","status":"publish","type":"product","link":"https:\/\/difrenos.com\/index.php\/producto\/antirrobo-luma-x-smart-estribera-derecha\/","title":{"rendered":"Antirrobo Luma X-SMART Estribera Derecha"},"content":{"rendered":"<p><strong>Candado de disco y estribo todo en 1. Funci\u00f3n antiolvido.\u00a0<\/strong><strong>Superficie en goma para un mayor confort de conducci\u00f3n en la posici\u00f3n de estribo. Conexi\u00f3n dentada del adaptador al estribo, que aporta una mayor solidez, y que nos permite elegir el \u00e1ngulo moto\/estribo m\u00e1s c\u00f3modo. Cerradura de alta seguridad, con 10 discos y llave reversible. Tapa antisuciedad y antihumedad que protege la cerradura.<\/strong><\/p>\n","protected":false},"excerpt":{"rendered":"<p>Candado de disco y estribo todo en 1. Funci\u00f3n antiolvido.\u00a0Superficie en goma para un mayor confort de conducci\u00f3n en la posici\u00f3n de estribo. Conexi\u00f3n dentada del adaptador al estribo, que aporta una mayor solidez, y que nos permite elegir el \u00e1ngulo moto\/estribo m\u00e1s c\u00f3modo. Cerradura de alta seguridad, con 10 discos y llave reversible. Tapa [&hellip;]<\/p>\n","protected":false},"featured_media":23633,"template":"","meta":{"_et_pb_use_builder":"","_et_pb_old_content":"","_et_gb_content_width":""},"product_cat":[713,33,718],"product_tag":[],"_links":{"self":[{"href":"https:\/\/difrenos.com\/index.php\/wp-json\/wp\/v2\/product\/23632"}],"collection":[{"href":"https:\/\/difrenos.com\/index.php\/wp-json\/wp\/v2\/product"}],"about":[{"href":"https:\/\/difrenos.com\/index.php\/wp-json\/wp\/v2\/types\/product"}],"wp:featuredmedia":[{"embeddable":true,"href":"https:\/\/difrenos.com\/index.php\/wp-json\/wp\/v2\/media\/23633"}],"wp:attachment":[{"href":"https:\/\/difrenos.com\/index.php\/wp-json\/wp\/v2\/media?parent=23632"}],"wp:term":[{"taxonomy":"product_cat","embeddable":true,"href":"https:\/\/difrenos.com\/index.php\/wp-json\/wp\/v2\/product_cat?post=23632"},{"taxonomy":"product_tag","embeddable":true,"href":"https:\/\/difrenos.com\/index.php\/wp-json\/wp\/v2\/product_tag?post=23632"}],"curies":[{"name":"wp","href":"https:\/\/api.w.org\/{rel}","templated":true}]}}