{"id":2361,"date":"2022-04-17T17:17:25","date_gmt":"2022-04-17T17:17:25","guid":{"rendered":"https:\/\/onyon365.com\/df2\/?post_type=product&#038;p=2361"},"modified":"2026-03-20T19:40:05","modified_gmt":"2026-03-20T19:40:05","slug":"botas-gas-gas-tech-t","status":"publish","type":"product","link":"https:\/\/difrenos.com\/index.php\/producto\/botas-gas-gas-tech-t\/","title":{"rendered":"Botas Gas Gas Trial Tech-T"},"content":{"rendered":"<p class=\"c-powerparts__detail-reference\">Referencias:<br \/>\n3GG210042302 Talla 40,5<br \/>\n3GG210042303 Talla 42<br \/>\n3GG210042306 Talla 45,5<\/p>\n<div class=\"c-powerparts__detail-description\">\n<ul>\n<li>Botas de trial de alta calidad<\/li>\n<li>Punteras cortadas ergon\u00f3micamente<\/li>\n<li>Protecci\u00f3n de acero inoxidable en tal\u00f3n y puntera<\/li>\n<li>Sistema de cierre de hebilla con cierres de puente en aluminio resistente a los golpes con ajustes de memoria<\/li>\n<li>Volumen y peso reducidos<\/li>\n<li>Integraci\u00f3n optimizada de las suelas<\/li>\n<li>Dos zonas de agarre en la parte interior<\/li>\n<li>Dise\u00f1o exclusivo de Alpinestars para GASGAS<\/li>\n<\/ul>\n<\/div>\n","protected":false},"excerpt":{"rendered":"<p>Referencias: 3GG210042302 Talla 40,5 3GG210042303 Talla 42 3GG210042306 Talla 45,5 Botas de trial de alta calidad Punteras cortadas ergon\u00f3micamente Protecci\u00f3n de acero inoxidable en tal\u00f3n y puntera Sistema de cierre de hebilla con cierres de puente en aluminio resistente a los golpes con ajustes de memoria Volumen y peso reducidos Integraci\u00f3n optimizada de las suelas [&hellip;]<\/p>\n","protected":false},"featured_media":2363,"template":"","meta":{"_et_pb_use_builder":"","_et_pb_old_content":"","_et_gb_content_width":""},"product_cat":[221,33,34,288],"product_tag":[448,82,302],"_links":{"self":[{"href":"https:\/\/difrenos.com\/index.php\/wp-json\/wp\/v2\/product\/2361"}],"collection":[{"href":"https:\/\/difrenos.com\/index.php\/wp-json\/wp\/v2\/product"}],"about":[{"href":"https:\/\/difrenos.com\/index.php\/wp-json\/wp\/v2\/types\/product"}],"wp:featuredmedia":[{"embeddable":true,"href":"https:\/\/difrenos.com\/index.php\/wp-json\/wp\/v2\/media\/2363"}],"wp:attachment":[{"href":"https:\/\/difrenos.com\/index.php\/wp-json\/wp\/v2\/media?parent=2361"}],"wp:term":[{"taxonomy":"product_cat","embeddable":true,"href":"https:\/\/difrenos.com\/index.php\/wp-json\/wp\/v2\/product_cat?post=2361"},{"taxonomy":"product_tag","embeddable":true,"href":"https:\/\/difrenos.com\/index.php\/wp-json\/wp\/v2\/product_tag?post=2361"}],"curies":[{"name":"wp","href":"https:\/\/api.w.org\/{rel}","templated":true}]}}