{"id":23602,"date":"2025-12-09T21:51:04","date_gmt":"2025-12-09T21:51:04","guid":{"rendered":"https:\/\/difrenos.com\/?post_type=product&#038;p=23602"},"modified":"2025-12-09T21:52:55","modified_gmt":"2025-12-09T21:52:55","slug":"antirrobo-kovix-alarma-maneta-freno","status":"publish","type":"product","link":"https:\/\/difrenos.com\/index.php\/producto\/antirrobo-kovix-alarma-maneta-freno\/","title":{"rendered":"Antirrobo Kovix Alarma Maneta Freno"},"content":{"rendered":"<p><strong>Bloqueo de agarre de alarma Kovix KHL\u00a0<\/strong><\/p>\n<p>El bloqueo de agarre Kovix KHL es extremadamente fiable y est\u00e1 doblemente asegurado por su funci\u00f3n de alarma.<\/p>\n<p><strong>Funciones:<\/strong><\/p>\n<ul>\n<li>Ruido de alarma de 120dB<\/li>\n<li>M\u00f3dulo de alarma protegido por aleaci\u00f3n de zinc<\/li>\n<li>Electr\u00f3nica resistente a la intemperie<\/li>\n<li>Bater\u00eda de litio duradera<\/li>\n<li>Selecci\u00f3n de funciones de alarma<\/li>\n<li>Cilindro de bloqueo de acero inoxidable<\/li>\n<li>Sistema de bloqueo de presi\u00f3n<\/li>\n<li>Resistencia a la corrosi\u00f3n<\/li>\n<li>Fundici\u00f3n de alta calidad<\/li>\n<li>Sensor de movimiento<\/li>\n<li>Cilindro de alta seguridad<\/li>\n<\/ul>\n<p><strong>Especificaciones:<\/strong><\/p>\n<ul>\n<li>Material: acero inoxidable con aleaci\u00f3n de zinc<\/li>\n<li>Pin de seguridad: 10 mm<\/li>\n<li>Sistema de bloqueo: Doble bloqueo<\/li>\n<li>Dimensiones de bloqueo: L (134 mm) x W (32,5 mm) x alto (61,8 mm)<\/li>\n<\/ul>\n<p><strong>Contenido:<\/strong><\/p>\n<ul>\n<li>1x Kovix KHL Alarma Grip-Lock<\/li>\n<li>Llave especial de tres ejes<\/li>\n<\/ul>\n","protected":false},"excerpt":{"rendered":"<p>Bloqueo de agarre de alarma Kovix KHL\u00a0 El bloqueo de agarre Kovix KHL es extremadamente fiable y est\u00e1 doblemente asegurado por su funci\u00f3n de alarma. Funciones: Ruido de alarma de 120dB M\u00f3dulo de alarma protegido por aleaci\u00f3n de zinc Electr\u00f3nica resistente a la intemperie Bater\u00eda de litio duradera Selecci\u00f3n de funciones de alarma Cilindro de [&hellip;]<\/p>\n","protected":false},"featured_media":23603,"template":"","meta":{"_et_pb_use_builder":"","_et_pb_old_content":"","_et_gb_content_width":""},"product_cat":[713,33,718],"product_tag":[],"_links":{"self":[{"href":"https:\/\/difrenos.com\/index.php\/wp-json\/wp\/v2\/product\/23602"}],"collection":[{"href":"https:\/\/difrenos.com\/index.php\/wp-json\/wp\/v2\/product"}],"about":[{"href":"https:\/\/difrenos.com\/index.php\/wp-json\/wp\/v2\/types\/product"}],"wp:featuredmedia":[{"embeddable":true,"href":"https:\/\/difrenos.com\/index.php\/wp-json\/wp\/v2\/media\/23603"}],"wp:attachment":[{"href":"https:\/\/difrenos.com\/index.php\/wp-json\/wp\/v2\/media?parent=23602"}],"wp:term":[{"taxonomy":"product_cat","embeddable":true,"href":"https:\/\/difrenos.com\/index.php\/wp-json\/wp\/v2\/product_cat?post=23602"},{"taxonomy":"product_tag","embeddable":true,"href":"https:\/\/difrenos.com\/index.php\/wp-json\/wp\/v2\/product_tag?post=23602"}],"curies":[{"name":"wp","href":"https:\/\/api.w.org\/{rel}","templated":true}]}}