{"id":23599,"date":"2025-12-09T20:26:48","date_gmt":"2025-12-09T20:26:48","guid":{"rendered":"https:\/\/difrenos.com\/?post_type=product&#038;p=23599"},"modified":"2026-02-16T13:53:17","modified_gmt":"2026-02-16T13:53:17","slug":"23599","status":"publish","type":"product","link":"https:\/\/difrenos.com\/index.php\/producto\/23599\/","title":{"rendered":"Antirrobo Luma Solido Chain Lock 15 170cm"},"content":{"rendered":"<div id=\"nav-tabContent\" class=\"tab-content \">\n<div id=\"nav-home\" class=\"tab-pane fade show active pt-5\" role=\"tabpanel\" aria-labelledby=\"nav-home-tab\">\n<div class=\"row\">\n<div class=\"col-md-4\">\n<div class=\"media\">\n<div class=\"media-body\"><\/div>\n<\/div>\n<div class=\"media\">\n<div class=\"media-body\"><\/div>\n<\/div>\n<div class=\"media\">\n<div class=\"media-body\"><\/div>\n<\/div>\n<\/div>\n<div class=\"col-md-8\">\n<div class=\"row\">\n<div class=\"col-md-6\">Caracter\u00edsticas destacadas Cadena de acero endurecido de 15 mm de grosor: Proporciona una alta resistencia al corte y a ataques con herramientas manuales.\u200b<\/div>\n<\/div>\n<\/div>\n<\/div>\n<\/div>\n<\/div>\n<p>Longitud de 170 cm: Adecuada para asegurar la moto a elementos fijos como postes o anclajes en el suelo.\u200b<\/p>\n<p>Cerradura de alta seguridad con llave reversible: Facilita el uso y ofrece protecci\u00f3n adicional contra manipulaciones.\u200b<\/p>\n<p>Funda textil protectora: Evita da\u00f1os en la pintura de la moto y mejora la durabilidad del producto.<\/p>\n<p>Permite transportarla f\u00e1cilmente en el ba\u00fal o mochila.\u200b\u00a0 Ventajas Alta resistencia: El grosor de la cadena y la calidad de los materiales ofrecen una protecci\u00f3n efectiva contra intentos de robo.\u200b<\/p>\n<p>Facilidad de uso: La cerradura con llave reversible y el dise\u00f1o ergon\u00f3mico facilitan su manejo diario.<\/p>\n<p>Protecci\u00f3n adicional: La funda textil no solo protege la moto, sino que tambi\u00e9n prolonga la vida \u00fatil de la cadena.\u200b<\/p>\n<p>Consideraciones Peso: Debido a su construcci\u00f3n robusta, puede resultar algo pesada para algunos usuarios.\u200b<\/p>\n<p>Longitud: Con 170 cm,<\/p>\n<p>Homologaci\u00f3n:\u00a0 Clase S.R.A. y ART5<\/p>\n<p>Nivel de seguridad: 10\/10<\/p>\n<p>Caracter\u00edsticas:<\/p>\n<div>&#8211; Cuerpo de acero endurecido<\/div>\n<div>&#8211; Recubierto de tela<\/div>\n<div>&#8211; Proteccion contra impacto<\/div>\n<div>&#8211; Eslabones de 15 mm de grosor<\/div>\n<div>&#8211; Cierre de candado de 18mm de grosor<\/div>\n","protected":false},"excerpt":{"rendered":"<p>Caracter\u00edsticas destacadas Cadena de acero endurecido de 15 mm de grosor: Proporciona una alta resistencia al corte y a ataques con herramientas manuales.\u200b Longitud de 170 cm: Adecuada para asegurar la moto a elementos fijos como postes o anclajes en el suelo.\u200b Cerradura de alta seguridad con llave reversible: Facilita el uso y ofrece protecci\u00f3n [&hellip;]<\/p>\n","protected":false},"featured_media":23600,"template":"","meta":{"_et_pb_use_builder":"","_et_pb_old_content":"","_et_gb_content_width":""},"product_cat":[713,33,714],"product_tag":[624,715],"_links":{"self":[{"href":"https:\/\/difrenos.com\/index.php\/wp-json\/wp\/v2\/product\/23599"}],"collection":[{"href":"https:\/\/difrenos.com\/index.php\/wp-json\/wp\/v2\/product"}],"about":[{"href":"https:\/\/difrenos.com\/index.php\/wp-json\/wp\/v2\/types\/product"}],"wp:featuredmedia":[{"embeddable":true,"href":"https:\/\/difrenos.com\/index.php\/wp-json\/wp\/v2\/media\/23600"}],"wp:attachment":[{"href":"https:\/\/difrenos.com\/index.php\/wp-json\/wp\/v2\/media?parent=23599"}],"wp:term":[{"taxonomy":"product_cat","embeddable":true,"href":"https:\/\/difrenos.com\/index.php\/wp-json\/wp\/v2\/product_cat?post=23599"},{"taxonomy":"product_tag","embeddable":true,"href":"https:\/\/difrenos.com\/index.php\/wp-json\/wp\/v2\/product_tag?post=23599"}],"curies":[{"name":"wp","href":"https:\/\/api.w.org\/{rel}","templated":true}]}}