{"id":23592,"date":"2025-12-09T13:18:55","date_gmt":"2025-12-09T13:18:55","guid":{"rendered":"https:\/\/difrenos.com\/?post_type=product&#038;p=23592"},"modified":"2026-02-16T13:50:40","modified_gmt":"2026-02-16T13:50:40","slug":"antirrobo-luma-enduro-885-120-cm-verde","status":"publish","type":"product","link":"https:\/\/difrenos.com\/index.php\/producto\/antirrobo-luma-enduro-885-120-cm-verde\/","title":{"rendered":"Antirrobo Luma Enduro 885 120 cm verde"},"content":{"rendered":"<p>Marca: LUMA<\/p>\n<p>Medida: 120cm<\/p>\n<p>Color : Verde<\/p>\n<p>Luma Enduro 885 es un candado de r\u00f3tula de acero endurecido de 25 mm de di\u00e1metro con cable de acero de 16 mm. Un antirrobo pr\u00e1ctico para moto y scooter.<\/p>\n","protected":false},"excerpt":{"rendered":"<p>Marca: LUMA Medida: 120cm Color : Verde Luma Enduro 885 es un candado de r\u00f3tula de acero endurecido de 25 mm de di\u00e1metro con cable de acero de 16 mm. Un antirrobo pr\u00e1ctico para moto y scooter.<\/p>\n","protected":false},"featured_media":23593,"template":"","meta":{"_et_pb_use_builder":"","_et_pb_old_content":"","_et_gb_content_width":""},"product_cat":[713,33,714],"product_tag":[716,715],"_links":{"self":[{"href":"https:\/\/difrenos.com\/index.php\/wp-json\/wp\/v2\/product\/23592"}],"collection":[{"href":"https:\/\/difrenos.com\/index.php\/wp-json\/wp\/v2\/product"}],"about":[{"href":"https:\/\/difrenos.com\/index.php\/wp-json\/wp\/v2\/types\/product"}],"wp:featuredmedia":[{"embeddable":true,"href":"https:\/\/difrenos.com\/index.php\/wp-json\/wp\/v2\/media\/23593"}],"wp:attachment":[{"href":"https:\/\/difrenos.com\/index.php\/wp-json\/wp\/v2\/media?parent=23592"}],"wp:term":[{"taxonomy":"product_cat","embeddable":true,"href":"https:\/\/difrenos.com\/index.php\/wp-json\/wp\/v2\/product_cat?post=23592"},{"taxonomy":"product_tag","embeddable":true,"href":"https:\/\/difrenos.com\/index.php\/wp-json\/wp\/v2\/product_tag?post=23592"}],"curies":[{"name":"wp","href":"https:\/\/api.w.org\/{rel}","templated":true}]}}