{"id":23497,"date":"2025-12-01T13:09:05","date_gmt":"2025-12-01T13:09:05","guid":{"rendered":"https:\/\/difrenos.com\/?post_type=product&#038;p=23497"},"modified":"2025-12-01T13:09:05","modified_gmt":"2025-12-01T13:09:05","slug":"rinonera-acerbis-ram","status":"publish","type":"product","link":"https:\/\/difrenos.com\/index.php\/producto\/rinonera-acerbis-ram\/","title":{"rendered":"Ri\u00f1onera Acerbis Ram"},"content":{"rendered":"<p>Referencia: 0017031318<\/p>\n<ul>\n<li>Ri\u00f1onera para enduro y motocross<\/li>\n<li>Tama\u00f1o compacto con varios bolsillos<\/li>\n<li>Cierre a presi\u00f3n<\/li>\n<li>Tama\u00f1o ajustable<\/li>\n<\/ul>\n","protected":false},"excerpt":{"rendered":"<p>Referencia: 0017031318 Ri\u00f1onera para enduro y motocross Tama\u00f1o compacto con varios bolsillos Cierre a presi\u00f3n Tama\u00f1o ajustable<\/p>\n","protected":false},"featured_media":23498,"template":"","meta":{"_et_pb_use_builder":"","_et_pb_old_content":"","_et_gb_content_width":""},"product_cat":[215,729,33,279],"product_tag":[445,26],"_links":{"self":[{"href":"https:\/\/difrenos.com\/index.php\/wp-json\/wp\/v2\/product\/23497"}],"collection":[{"href":"https:\/\/difrenos.com\/index.php\/wp-json\/wp\/v2\/product"}],"about":[{"href":"https:\/\/difrenos.com\/index.php\/wp-json\/wp\/v2\/types\/product"}],"wp:featuredmedia":[{"embeddable":true,"href":"https:\/\/difrenos.com\/index.php\/wp-json\/wp\/v2\/media\/23498"}],"wp:attachment":[{"href":"https:\/\/difrenos.com\/index.php\/wp-json\/wp\/v2\/media?parent=23497"}],"wp:term":[{"taxonomy":"product_cat","embeddable":true,"href":"https:\/\/difrenos.com\/index.php\/wp-json\/wp\/v2\/product_cat?post=23497"},{"taxonomy":"product_tag","embeddable":true,"href":"https:\/\/difrenos.com\/index.php\/wp-json\/wp\/v2\/product_tag?post=23497"}],"curies":[{"name":"wp","href":"https:\/\/api.w.org\/{rel}","templated":true}]}}