{"id":23433,"date":"2025-11-24T15:30:36","date_gmt":"2025-11-24T15:30:36","guid":{"rendered":"https:\/\/difrenos.com\/?post_type=product&#038;p=23433"},"modified":"2026-03-12T17:37:38","modified_gmt":"2026-03-12T17:37:38","slug":"husqvarna-tc-50-2026","status":"publish","type":"product","link":"https:\/\/difrenos.com\/index.php\/producto\/husqvarna-tc-50-2026\/","title":{"rendered":"Husqvarna TC 50 2026"},"content":{"rendered":"<div id=\"wd-6895e1b7d4aa2\" class=\"title-wrapper wd-wpb set-mb-s reset-last-child wd-rs-6895e1b7d4aa2 wd-title-color-white wd-title-style-bordered text-left wd-underline-colored\">\n<div class=\"liner-continer\">\n<h1 class=\"woodmart-title-container title wd-font-weight-900 wd-fontsize-xxxl\">TC 50 2026<\/h1>\n<\/div>\n<\/div>\n<div class=\"wpb_text_column wpb_content_element\">\n<div class=\"wpb_wrapper\">\n<p data-start=\"304\" data-end=\"1085\">La\u00a0<strong data-start=\"383\" data-end=\"402\">Husqvarna TC 50<\/strong>\u00a0es la puerta de entrada perfecta al mundo del motocross para j\u00f3venes pilotos. Con un\u00a0<strong data-start=\"488\" data-end=\"507\">motor 2 tiempos<\/strong>\u00a0orientado a la competici\u00f3n y componentes de primera calidad, ofrece un rendimiento superior desde el primer d\u00eda.<br data-start=\"620\" data-end=\"623\" \/>Su\u00a0<strong data-start=\"626\" data-end=\"649\">ergonom\u00eda ajustable<\/strong>\u00a0permite que los m\u00e1s peque\u00f1os sigan utiliz\u00e1ndola a medida que crecen, tanto en estatura como en confianza, mientras que la\u00a0<strong data-start=\"772\" data-end=\"799\">suspensi\u00f3n WP regulable<\/strong>\u00a0asegura confort y control en cualquier pista.<br data-start=\"845\" data-end=\"848\" \/>Con gr\u00e1ficos moldeados de inspiraci\u00f3n sueca y un dise\u00f1o duradero, la TC 50 combina estilo, fiabilidad y aut\u00e9ntico esp\u00edritu de competici\u00f3n.<\/p>\n<div class=\"vc_row wpb_row vc_row-fluid wd-rs-636e450dc2ca8\" data-vc-full-width=\"true\" data-vc-full-width-init=\"true\" data-vc-stretch-content=\"true\">\n<div class=\"wpb_column vc_column_container vc_col-sm-12\">\n<div class=\"vc_column-inner\">\n<div class=\"wpb_wrapper\">\n<div id=\"gallery_250\" class=\"wd-images-gallery wd-wpb wd-rs-659e7b4ea7571 photoswipe-images\">\n<div class=\" wd-grid-f-col wd-masonry\">\n<div class=\"wd-gallery-item wd-col\"><a href=\"https:\/\/mashusqvarna.es\/wp-content\/uploads\/2023\/03\/PHO_BIKE_DET_TC-50-2024-bodywork_SALL_AEPI_V1.jpg\" data-elementor-open-lightbox=\"no\" data-index=\"1\" data-width=\"1000\" data-height=\"1000\"><img loading=\"lazy\" class=\"wd-gallery-image image-1\" src=\"https:\/\/mashusqvarna.es\/wp-content\/uploads\/2023\/03\/PHO_BIKE_DET_TC-50-2024-bodywork_SALL_AEPI_V1.jpg\" sizes=\"(max-width: 1000px) 100vw, 1000px\" srcset=\"https:\/\/mashusqvarna.es\/wp-content\/uploads\/2023\/03\/PHO_BIKE_DET_TC-50-2024-bodywork_SALL_AEPI_V1.jpg 1000w, https:\/\/mashusqvarna.es\/wp-content\/uploads\/2023\/03\/PHO_BIKE_DET_TC-50-2024-bodywork_SALL_AEPI_V1-300x300.jpg 300w, https:\/\/mashusqvarna.es\/wp-content\/uploads\/2023\/03\/PHO_BIKE_DET_TC-50-2024-bodywork_SALL_AEPI_V1-150x150.jpg 150w, https:\/\/mashusqvarna.es\/wp-content\/uploads\/2023\/03\/PHO_BIKE_DET_TC-50-2024-bodywork_SALL_AEPI_V1-768x768.jpg 768w\" alt=\"\" width=\"1000\" height=\"1000\" \/><\/a><\/div>\n<div class=\"wd-gallery-item wd-col\"><a href=\"https:\/\/mashusqvarna.es\/wp-content\/uploads\/2023\/03\/PHO_BIKE_DET_TC-50-2024-airbox_SALL_AEPI_V1.jpg\" data-elementor-open-lightbox=\"no\" data-index=\"2\" data-width=\"1000\" data-height=\"1000\"><img loading=\"lazy\" class=\"wd-gallery-image image-2\" src=\"https:\/\/mashusqvarna.es\/wp-content\/uploads\/2023\/03\/PHO_BIKE_DET_TC-50-2024-airbox_SALL_AEPI_V1.jpg\" sizes=\"auto, (max-width: 1000px) 100vw, 1000px\" srcset=\"https:\/\/mashusqvarna.es\/wp-content\/uploads\/2023\/03\/PHO_BIKE_DET_TC-50-2024-airbox_SALL_AEPI_V1.jpg 1000w, https:\/\/mashusqvarna.es\/wp-content\/uploads\/2023\/03\/PHO_BIKE_DET_TC-50-2024-airbox_SALL_AEPI_V1-300x300.jpg 300w, https:\/\/mashusqvarna.es\/wp-content\/uploads\/2023\/03\/PHO_BIKE_DET_TC-50-2024-airbox_SALL_AEPI_V1-150x150.jpg 150w, https:\/\/mashusqvarna.es\/wp-content\/uploads\/2023\/03\/PHO_BIKE_DET_TC-50-2024-airbox_SALL_AEPI_V1-768x768.jpg 768w\" alt=\"\" width=\"1000\" height=\"1000\" \/><\/a><\/div>\n<div class=\"wd-gallery-item wd-col\"><a href=\"https:\/\/mashusqvarna.es\/wp-content\/uploads\/2023\/03\/PHO_BIKE_DET_TC-50-2024-frame_SALL_AEPI_V1.jpg\" data-elementor-open-lightbox=\"no\" data-index=\"3\" data-width=\"1000\" data-height=\"1000\"><img loading=\"lazy\" class=\"wd-gallery-image image-3\" src=\"https:\/\/mashusqvarna.es\/wp-content\/uploads\/2023\/03\/PHO_BIKE_DET_TC-50-2024-frame_SALL_AEPI_V1.jpg\" sizes=\"auto, (max-width: 1000px) 100vw, 1000px\" srcset=\"https:\/\/mashusqvarna.es\/wp-content\/uploads\/2023\/03\/PHO_BIKE_DET_TC-50-2024-frame_SALL_AEPI_V1.jpg 1000w, https:\/\/mashusqvarna.es\/wp-content\/uploads\/2023\/03\/PHO_BIKE_DET_TC-50-2024-frame_SALL_AEPI_V1-300x300.jpg 300w, https:\/\/mashusqvarna.es\/wp-content\/uploads\/2023\/03\/PHO_BIKE_DET_TC-50-2024-frame_SALL_AEPI_V1-150x150.jpg 150w, https:\/\/mashusqvarna.es\/wp-content\/uploads\/2023\/03\/PHO_BIKE_DET_TC-50-2024-frame_SALL_AEPI_V1-768x768.jpg 768w\" alt=\"\" width=\"1000\" height=\"1000\" \/><\/a><\/div>\n<div class=\"wd-gallery-item wd-col\"><a href=\"https:\/\/mashusqvarna.es\/wp-content\/uploads\/2023\/03\/PHO_BIKE_DET_TC-50-2024-fuel-tank_SALL_AEPI_V1.jpg\" data-elementor-open-lightbox=\"no\" data-index=\"4\" data-width=\"1000\" data-height=\"1000\"><img loading=\"lazy\" class=\"wd-gallery-image image-4\" src=\"https:\/\/mashusqvarna.es\/wp-content\/uploads\/2023\/03\/PHO_BIKE_DET_TC-50-2024-fuel-tank_SALL_AEPI_V1.jpg\" sizes=\"auto, (max-width: 1000px) 100vw, 1000px\" srcset=\"https:\/\/mashusqvarna.es\/wp-content\/uploads\/2023\/03\/PHO_BIKE_DET_TC-50-2024-fuel-tank_SALL_AEPI_V1.jpg 1000w, https:\/\/mashusqvarna.es\/wp-content\/uploads\/2023\/03\/PHO_BIKE_DET_TC-50-2024-fuel-tank_SALL_AEPI_V1-300x300.jpg 300w, https:\/\/mashusqvarna.es\/wp-content\/uploads\/2023\/03\/PHO_BIKE_DET_TC-50-2024-fuel-tank_SALL_AEPI_V1-150x150.jpg 150w, https:\/\/mashusqvarna.es\/wp-content\/uploads\/2023\/03\/PHO_BIKE_DET_TC-50-2024-fuel-tank_SALL_AEPI_V1-768x768.jpg 768w\" alt=\"\" width=\"1000\" height=\"1000\" \/><\/a><\/div>\n<div class=\"wd-gallery-item wd-col\"><a href=\"https:\/\/mashusqvarna.es\/wp-content\/uploads\/2023\/03\/PHO_BIKE_DET_TC-50-2024-fork_SALL_AEPI_V1.jpg\" data-elementor-open-lightbox=\"no\" data-index=\"5\" data-width=\"1000\" data-height=\"1000\"><img loading=\"lazy\" class=\"wd-gallery-image image-5\" src=\"https:\/\/mashusqvarna.es\/wp-content\/uploads\/2023\/03\/PHO_BIKE_DET_TC-50-2024-fork_SALL_AEPI_V1.jpg\" sizes=\"auto, (max-width: 1000px) 100vw, 1000px\" srcset=\"https:\/\/mashusqvarna.es\/wp-content\/uploads\/2023\/03\/PHO_BIKE_DET_TC-50-2024-fork_SALL_AEPI_V1.jpg 1000w, https:\/\/mashusqvarna.es\/wp-content\/uploads\/2023\/03\/PHO_BIKE_DET_TC-50-2024-fork_SALL_AEPI_V1-300x300.jpg 300w, https:\/\/mashusqvarna.es\/wp-content\/uploads\/2023\/03\/PHO_BIKE_DET_TC-50-2024-fork_SALL_AEPI_V1-150x150.jpg 150w, https:\/\/mashusqvarna.es\/wp-content\/uploads\/2023\/03\/PHO_BIKE_DET_TC-50-2024-fork_SALL_AEPI_V1-768x768.jpg 768w\" alt=\"\" width=\"1000\" height=\"1000\" \/><\/a><\/div>\n<div class=\"wd-gallery-item wd-col\"><a href=\"https:\/\/mashusqvarna.es\/wp-content\/uploads\/2023\/03\/PHO_BIKE_DET_TC-50-2024-ergonomics_SALL_AEPI_V1.jpg\" data-elementor-open-lightbox=\"no\" data-index=\"6\" data-width=\"1000\" data-height=\"1000\"><img loading=\"lazy\" class=\"wd-gallery-image image-6\" src=\"https:\/\/mashusqvarna.es\/wp-content\/uploads\/2023\/03\/PHO_BIKE_DET_TC-50-2024-ergonomics_SALL_AEPI_V1.jpg\" sizes=\"auto, (max-width: 1000px) 100vw, 1000px\" srcset=\"https:\/\/mashusqvarna.es\/wp-content\/uploads\/2023\/03\/PHO_BIKE_DET_TC-50-2024-ergonomics_SALL_AEPI_V1.jpg 1000w, https:\/\/mashusqvarna.es\/wp-content\/uploads\/2023\/03\/PHO_BIKE_DET_TC-50-2024-ergonomics_SALL_AEPI_V1-300x300.jpg 300w, https:\/\/mashusqvarna.es\/wp-content\/uploads\/2023\/03\/PHO_BIKE_DET_TC-50-2024-ergonomics_SALL_AEPI_V1-150x150.jpg 150w, https:\/\/mashusqvarna.es\/wp-content\/uploads\/2023\/03\/PHO_BIKE_DET_TC-50-2024-ergonomics_SALL_AEPI_V1-768x768.jpg 768w\" alt=\"\" width=\"1000\" height=\"1000\" \/><\/a><\/div>\n<\/div>\n<\/div>\n<div class=\"vc_empty_space\"><\/div>\n<div id=\"gallery_647\" class=\"wd-images-gallery wd-wpb wd-rs-659e79a48a990 photoswipe-images\">\n<div class=\" wd-grid-f-col wd-masonry\">\n<div class=\"wd-gallery-item wd-col\"><a href=\"https:\/\/mashusqvarna.es\/wp-content\/uploads\/2023\/03\/PHO_BIKE_DET_benefit-04-TC-50-TC-65-2024_SALL_AEPI_V1.jpg\" data-elementor-open-lightbox=\"no\" data-index=\"1\" data-width=\"1920\" data-height=\"800\"><img loading=\"lazy\" class=\"wd-gallery-image image-1\" src=\"https:\/\/mashusqvarna.es\/wp-content\/uploads\/2023\/03\/PHO_BIKE_DET_benefit-04-TC-50-TC-65-2024_SALL_AEPI_V1.jpg\" sizes=\"auto, (max-width: 1920px) 100vw, 1920px\" srcset=\"https:\/\/mashusqvarna.es\/wp-content\/uploads\/2023\/03\/PHO_BIKE_DET_benefit-04-TC-50-TC-65-2024_SALL_AEPI_V1.jpg 1920w, https:\/\/mashusqvarna.es\/wp-content\/uploads\/2023\/03\/PHO_BIKE_DET_benefit-04-TC-50-TC-65-2024_SALL_AEPI_V1-300x125.jpg 300w, https:\/\/mashusqvarna.es\/wp-content\/uploads\/2023\/03\/PHO_BIKE_DET_benefit-04-TC-50-TC-65-2024_SALL_AEPI_V1-1024x427.jpg 1024w, https:\/\/mashusqvarna.es\/wp-content\/uploads\/2023\/03\/PHO_BIKE_DET_benefit-04-TC-50-TC-65-2024_SALL_AEPI_V1-768x320.jpg 768w, https:\/\/mashusqvarna.es\/wp-content\/uploads\/2023\/03\/PHO_BIKE_DET_benefit-04-TC-50-TC-65-2024_SALL_AEPI_V1-1536x640.jpg 1536w\" alt=\"\" width=\"1920\" height=\"800\" \/><\/a><\/div>\n<div class=\"wd-gallery-item wd-col\"><a href=\"https:\/\/mashusqvarna.es\/wp-content\/uploads\/2023\/03\/PHO_BIKE_DET_benefit-03-TC-50-2024_SALL_AEPI_V1.jpg\" data-elementor-open-lightbox=\"no\" data-index=\"2\" data-width=\"1920\" data-height=\"800\"><img loading=\"lazy\" class=\"wd-gallery-image image-2\" src=\"https:\/\/mashusqvarna.es\/wp-content\/uploads\/2023\/03\/PHO_BIKE_DET_benefit-03-TC-50-2024_SALL_AEPI_V1.jpg\" sizes=\"auto, (max-width: 1920px) 100vw, 1920px\" srcset=\"https:\/\/mashusqvarna.es\/wp-content\/uploads\/2023\/03\/PHO_BIKE_DET_benefit-03-TC-50-2024_SALL_AEPI_V1.jpg 1920w, https:\/\/mashusqvarna.es\/wp-content\/uploads\/2023\/03\/PHO_BIKE_DET_benefit-03-TC-50-2024_SALL_AEPI_V1-300x125.jpg 300w, https:\/\/mashusqvarna.es\/wp-content\/uploads\/2023\/03\/PHO_BIKE_DET_benefit-03-TC-50-2024_SALL_AEPI_V1-1024x427.jpg 1024w, https:\/\/mashusqvarna.es\/wp-content\/uploads\/2023\/03\/PHO_BIKE_DET_benefit-03-TC-50-2024_SALL_AEPI_V1-768x320.jpg 768w, https:\/\/mashusqvarna.es\/wp-content\/uploads\/2023\/03\/PHO_BIKE_DET_benefit-03-TC-50-2024_SALL_AEPI_V1-1536x640.jpg 1536w\" alt=\"\" width=\"1920\" height=\"800\" \/><\/a><\/div>\n<div class=\"wd-gallery-item wd-col\"><a href=\"https:\/\/mashusqvarna.es\/wp-content\/uploads\/2023\/03\/PHO_BIKE_DET_benefit-02-TC-50-2024_SALL_AEPI_V1.jpg\" data-elementor-open-lightbox=\"no\" data-index=\"3\" data-width=\"1920\" data-height=\"800\"><img loading=\"lazy\" class=\"wd-gallery-image image-3\" src=\"https:\/\/mashusqvarna.es\/wp-content\/uploads\/2023\/03\/PHO_BIKE_DET_benefit-02-TC-50-2024_SALL_AEPI_V1.jpg\" sizes=\"auto, (max-width: 1920px) 100vw, 1920px\" srcset=\"https:\/\/mashusqvarna.es\/wp-content\/uploads\/2023\/03\/PHO_BIKE_DET_benefit-02-TC-50-2024_SALL_AEPI_V1.jpg 1920w, https:\/\/mashusqvarna.es\/wp-content\/uploads\/2023\/03\/PHO_BIKE_DET_benefit-02-TC-50-2024_SALL_AEPI_V1-300x125.jpg 300w, https:\/\/mashusqvarna.es\/wp-content\/uploads\/2023\/03\/PHO_BIKE_DET_benefit-02-TC-50-2024_SALL_AEPI_V1-1024x427.jpg 1024w, https:\/\/mashusqvarna.es\/wp-content\/uploads\/2023\/03\/PHO_BIKE_DET_benefit-02-TC-50-2024_SALL_AEPI_V1-768x320.jpg 768w, https:\/\/mashusqvarna.es\/wp-content\/uploads\/2023\/03\/PHO_BIKE_DET_benefit-02-TC-50-2024_SALL_AEPI_V1-1536x640.jpg 1536w\" alt=\"\" width=\"1920\" height=\"800\" \/><\/a><\/div>\n<div class=\"wd-gallery-item wd-col\"><a href=\"https:\/\/mashusqvarna.es\/wp-content\/uploads\/2023\/03\/PHO_BIKE_DET_HQV-23-TC-50-benefit-4_SALL_AEPI_V1.jpg\" data-elementor-open-lightbox=\"no\" data-index=\"4\" data-width=\"1920\" data-height=\"800\"><img loading=\"lazy\" class=\"wd-gallery-image image-4\" src=\"https:\/\/mashusqvarna.es\/wp-content\/uploads\/2023\/03\/PHO_BIKE_DET_HQV-23-TC-50-benefit-4_SALL_AEPI_V1.jpg\" sizes=\"auto, (max-width: 1920px) 100vw, 1920px\" srcset=\"https:\/\/mashusqvarna.es\/wp-content\/uploads\/2023\/03\/PHO_BIKE_DET_HQV-23-TC-50-benefit-4_SALL_AEPI_V1.jpg 1920w, https:\/\/mashusqvarna.es\/wp-content\/uploads\/2023\/03\/PHO_BIKE_DET_HQV-23-TC-50-benefit-4_SALL_AEPI_V1-300x125.jpg 300w, https:\/\/mashusqvarna.es\/wp-content\/uploads\/2023\/03\/PHO_BIKE_DET_HQV-23-TC-50-benefit-4_SALL_AEPI_V1-1024x427.jpg 1024w, https:\/\/mashusqvarna.es\/wp-content\/uploads\/2023\/03\/PHO_BIKE_DET_HQV-23-TC-50-benefit-4_SALL_AEPI_V1-768x320.jpg 768w, https:\/\/mashusqvarna.es\/wp-content\/uploads\/2023\/03\/PHO_BIKE_DET_HQV-23-TC-50-benefit-4_SALL_AEPI_V1-1536x640.jpg 1536w\" alt=\"\" width=\"1920\" height=\"800\" \/><\/a><\/div>\n<div class=\"wd-gallery-item wd-col\"><a href=\"https:\/\/mashusqvarna.es\/wp-content\/uploads\/2023\/03\/PHO_BIKE_DET_HQV-23-TC-50-benefit-6_SALL_AEPI_V1.jpg\" data-elementor-open-lightbox=\"no\" data-index=\"5\" data-width=\"1920\" data-height=\"800\"><img loading=\"lazy\" class=\"wd-gallery-image image-5\" src=\"https:\/\/mashusqvarna.es\/wp-content\/uploads\/2023\/03\/PHO_BIKE_DET_HQV-23-TC-50-benefit-6_SALL_AEPI_V1.jpg\" sizes=\"auto, (max-width: 1920px) 100vw, 1920px\" srcset=\"https:\/\/mashusqvarna.es\/wp-content\/uploads\/2023\/03\/PHO_BIKE_DET_HQV-23-TC-50-benefit-6_SALL_AEPI_V1.jpg 1920w, https:\/\/mashusqvarna.es\/wp-content\/uploads\/2023\/03\/PHO_BIKE_DET_HQV-23-TC-50-benefit-6_SALL_AEPI_V1-300x125.jpg 300w, https:\/\/mashusqvarna.es\/wp-content\/uploads\/2023\/03\/PHO_BIKE_DET_HQV-23-TC-50-benefit-6_SALL_AEPI_V1-1024x427.jpg 1024w, https:\/\/mashusqvarna.es\/wp-content\/uploads\/2023\/03\/PHO_BIKE_DET_HQV-23-TC-50-benefit-6_SALL_AEPI_V1-768x320.jpg 768w, https:\/\/mashusqvarna.es\/wp-content\/uploads\/2023\/03\/PHO_BIKE_DET_HQV-23-TC-50-benefit-6_SALL_AEPI_V1-1536x640.jpg 1536w\" alt=\"\" width=\"1920\" height=\"800\" \/><\/a><\/div>\n<div class=\"wd-gallery-item wd-col\"><a href=\"https:\/\/mashusqvarna.es\/wp-content\/uploads\/2023\/03\/PHO_BIKE_DET_HQV-23-TC-50-benefit-5_SALL_AEPI_V1.jpg\" data-elementor-open-lightbox=\"no\" data-index=\"6\" data-width=\"1920\" data-height=\"800\"><img loading=\"lazy\" class=\"wd-gallery-image image-6\" src=\"https:\/\/mashusqvarna.es\/wp-content\/uploads\/2023\/03\/PHO_BIKE_DET_HQV-23-TC-50-benefit-5_SALL_AEPI_V1.jpg\" sizes=\"auto, (max-width: 1920px) 100vw, 1920px\" srcset=\"https:\/\/mashusqvarna.es\/wp-content\/uploads\/2023\/03\/PHO_BIKE_DET_HQV-23-TC-50-benefit-5_SALL_AEPI_V1.jpg 1920w, https:\/\/mashusqvarna.es\/wp-content\/uploads\/2023\/03\/PHO_BIKE_DET_HQV-23-TC-50-benefit-5_SALL_AEPI_V1-300x125.jpg 300w, https:\/\/mashusqvarna.es\/wp-content\/uploads\/2023\/03\/PHO_BIKE_DET_HQV-23-TC-50-benefit-5_SALL_AEPI_V1-1024x427.jpg 1024w, https:\/\/mashusqvarna.es\/wp-content\/uploads\/2023\/03\/PHO_BIKE_DET_HQV-23-TC-50-benefit-5_SALL_AEPI_V1-768x320.jpg 768w, https:\/\/mashusqvarna.es\/wp-content\/uploads\/2023\/03\/PHO_BIKE_DET_HQV-23-TC-50-benefit-5_SALL_AEPI_V1-1536x640.jpg 1536w\" alt=\"\" width=\"1920\" height=\"800\" \/><\/a><\/div>\n<\/div>\n<\/div>\n<\/div>\n<\/div>\n<\/div>\n<\/div>\n<div class=\"vc_row-full-width vc_clearfix\"><\/div>\n<div class=\"vc_row wpb_row vc_row-fluid\">\n<div class=\"wpb_column vc_column_container vc_col-sm-12\">\n<div class=\"vc_column-inner\">\n<div class=\"wpb_wrapper\">\n<div class=\"vc_empty_space\"><\/div>\n<\/div>\n<\/div>\n<\/div>\n<\/div>\n<div class=\"vc_row wpb_row vc_row-fluid vc_custom_1668364019119 wd-rs-637141fa072e2\">\n<div class=\"wpb_column vc_column_container vc_col-sm-12\">\n<div class=\"vc_column-inner\">\n<div class=\"wpb_wrapper\">\n<div id=\"wd-6405bbecb4458\" class=\"title-wrapper wd-wpb set-mb-s reset-last-child wd-rs-6405bbecb4458 wd-title-color-primary wd-title-style-default text-left wd-underline-bordered\">\n<div class=\"liner-continer\">\n<h3 class=\"woodmart-title-container title wd-font-weight-900 wd-fontsize-xxxl\">DETALLES T\u00c9CNICOS<\/h3>\n<\/div>\n<\/div>\n<div class=\"vc_empty_space\"><\/div>\n<div class=\"vc_row wpb_row vc_inner vc_row-fluid\">\n<div class=\"wpb_column vc_column_container vc_col-sm-6\">\n<div class=\"vc_column-inner\">\n<div class=\"wpb_wrapper\">\n<div class=\"wpb_text_column wpb_content_element\">\n<div class=\"wpb_wrapper\">\n<h3>MOTOR<\/h3>\n<\/div>\n<\/div>\n<div class=\"wpb_text_column wpb_content_element\">\n<div class=\"wpb_wrapper\">\n<ul>\n<li>CAMBIO Autom\u00e1tico<\/li>\n<li>REFRIGERACI\u00d3N Refrigeraci\u00f3n l\u00edquida<\/li>\n<li>ARRANQUE Pedal de arranque<\/li>\n<li>CARRERA 40.7 mm<\/li>\n<li>DI\u00c1METRO 39.5 mm<\/li>\n<li>EMBRAGUE Embrague centr\u00edfugo (regulable)<\/li>\n<li>CILINDRADA 46.9 cm\u00b3<\/li>\n<li>EMS Seletra 2p D36<\/li>\n<li>ESTRUCTURA Motor monocil\u00edndrico de 2 tiempos<\/li>\n<\/ul>\n<\/div>\n<\/div>\n<div class=\"vc_empty_space\"><\/div>\n<\/div>\n<\/div>\n<\/div>\n<div class=\"wpb_column vc_column_container vc_col-sm-6\">\n<div class=\"vc_column-inner\">\n<div class=\"wpb_wrapper\">\n<div class=\"wpb_text_column wpb_content_element\">\n<div class=\"wpb_wrapper\">\n<h3>CARACTER\u00cdSTICAS<\/h3>\n<\/div>\n<\/div>\n<div class=\"wpb_text_column wpb_content_element\">\n<div class=\"wpb_wrapper\">\n<ul>\n<li>PESO (SIN COMBUSTIBLE) 42.5 kg<\/li>\n<li>CAPACIDAD DEL DEP\u00d3SITO (APROX.) 2.3 l<\/li>\n<li>DI\u00c1METRO DEL DISCO DE FRENO DELANTERO 160 mm<\/li>\n<li>DI\u00c1METRO DEL DISCO DE FRENO TRASERO 160 mm<\/li>\n<li>FRENO DELANTERO Freno de disco<\/li>\n<li>FRENO TRASERO Freno de disco<\/li>\n<li>CADENA 415, Non-sealed<\/li>\n<li>ESTRUCTURA DEL CHASIS Chasis tubular central en acero al cromo-molibdeno<\/li>\n<li>SUSPENSI\u00d3N DELANTERA XACT 35 WP Upside-Down fork, \u00d8 35 mm<\/li>\n<li>ALTURA LIBRE AL SUELO 233 mm<\/li>\n<li>SUSPENSI\u00d3N TRASERA Amortiguador XACT WP PDS<\/li>\n<li>ALTURA DEL ASIENTO 645 mm<\/li>\n<li>\u00c1NGULO DE DIRECCI\u00d3N 66 \u00b0<\/li>\n<li>RECORRIDO DE SUSPENSI\u00d3N DELANTERA 200.6 mm<\/li>\n<li>RECORRIDO DE SUSPENSI\u00d3N TRASERA 190.5 mm<\/li>\n<\/ul>\n<\/div>\n<\/div>\n<\/div>\n<\/div>\n<\/div>\n<\/div>\n<\/div>\n<\/div>\n<\/div>\n<\/div>\n<\/div>\n<\/div>\n","protected":false},"excerpt":{"rendered":"<p>Unidad disponible para\u00a0 Mediados Marzo 2026<\/p>\n","protected":false},"featured_media":23435,"template":"","meta":{"_et_pb_use_builder":"","_et_pb_old_content":"","_et_gb_content_width":""},"product_cat":[324,328,129],"product_tag":[],"_links":{"self":[{"href":"https:\/\/difrenos.com\/index.php\/wp-json\/wp\/v2\/product\/23433"}],"collection":[{"href":"https:\/\/difrenos.com\/index.php\/wp-json\/wp\/v2\/product"}],"about":[{"href":"https:\/\/difrenos.com\/index.php\/wp-json\/wp\/v2\/types\/product"}],"wp:featuredmedia":[{"embeddable":true,"href":"https:\/\/difrenos.com\/index.php\/wp-json\/wp\/v2\/media\/23435"}],"wp:attachment":[{"href":"https:\/\/difrenos.com\/index.php\/wp-json\/wp\/v2\/media?parent=23433"}],"wp:term":[{"taxonomy":"product_cat","embeddable":true,"href":"https:\/\/difrenos.com\/index.php\/wp-json\/wp\/v2\/product_cat?post=23433"},{"taxonomy":"product_tag","embeddable":true,"href":"https:\/\/difrenos.com\/index.php\/wp-json\/wp\/v2\/product_tag?post=23433"}],"curies":[{"name":"wp","href":"https:\/\/api.w.org\/{rel}","templated":true}]}}